{"id":4437,"date":"2019-10-26T17:01:54","date_gmt":"2019-10-26T17:01:54","guid":{"rendered":"https:\/\/stockholmii.se\/produkt\/muurhangers-voor-vouwpallets\/"},"modified":"2026-01-12T08:16:41","modified_gmt":"2026-01-12T08:16:41","slug":"muurhangers-voor-vouwpallets","status":"publish","type":"product","link":"https:\/\/stockholmii.se\/nl\/produkt\/muurhangers-voor-vouwpallets\/","title":{"rendered":"Muurhangers voor vouwpallets"},"content":{"rendered":"<div id='lec-prod-header'  class='avia-section av-k20biqgl-f65a6ca33905e243ad15ab9ad34478c2 main_color avia-section-no-padding avia-no-border-styling  avia-builder-el-0  el_before_av_one_third  avia-builder-el-first  avia-bg-style-parallax av-minimum-height av-minimum-height-custom av-height-custom  container_wrap sidebar_right'   data-av_minimum_height_px='10'><div class='container av-section-cont-open' style='height:10px'><main  role=\"main\" itemprop=\"mainContentOfPage\"  class='template-page content  av-content-small alpha units'><div class='post-entry post-entry-type-page post-entry-4437'><div class='entry-content-wrapper clearfix'><\/div><\/div><\/main><!-- close content main element --><\/div><\/div><div id='after_section_1'  class='main_color av_default_container_wrap container_wrap sidebar_right'  ><div class='container av-section-cont-open' ><div class='template-page content  av-content-small alpha units'><div class='post-entry post-entry-type-page post-entry-4437'><div class='entry-content-wrapper clearfix'>\n\n<style type=\"text\/css\" data-created_by=\"avia_inline_auto\" id=\"style-css-av-tplig-662dae54cdea4359d4b1b9889184c6a6\">\n.flex_column.av-tplig-662dae54cdea4359d4b1b9889184c6a6{\nborder-radius:0px 0px 0px 0px;\npadding:0px 0px 0px 0px;\n}\n<\/style>\n<div  class='flex_column av-tplig-662dae54cdea4359d4b1b9889184c6a6 av_one_third  avia-builder-el-1  el_after_av_section  el_before_av_one_third  avia-builder-el-first  first flex_column_div av-zero-column-padding  '     ><style type=\"text\/css\" data-created_by=\"avia_inline_auto\" id=\"style-css-av-k20bw03u-d73026bbc8f0a8c31539bbbc20fb54ab\">\n#top .avia-gallery.av-k20bw03u-d73026bbc8f0a8c31539bbbc20fb54ab .avia-gallery-thumb a{\nwidth:25%;\n}\n<\/style>\n<div  class='avia-gallery av-k20bw03u-d73026bbc8f0a8c31539bbbc20fb54ab avia_animate_when_visible  avia-builder-el-2  avia-builder-el-no-sibling  avia_lazyload av-slideshow-ui av-loop-manual-endless av-control-hidden av-navigate-arrows av-navigate-dots hover-effect av-control-hidden avia-gallery-animate avia-gallery-1'  itemprop=\"image\" itemscope=\"itemscope\" itemtype=\"https:\/\/schema.org\/ImageObject\" ><meta itemprop=\"contentURL\" content=\"https:\/\/stockholmii.se\/nl\/produkt\/muurhangers-voor-vouwpallets\/\"><div class='avia-gallery-big-wrapper'><a class='avia-gallery-big fakeLightbox lightbox avia-gallery-big-crop-thumb ' href=\"https:\/\/stockholmii.se\/wp-content\/uploads\/2019\/10\/Wall-hanger-5-empty.jpg\"  data-onclick='1' title='V\u00e4ggh\u00e4ngare f\u00f6r 5 f\u00e4llpallar' ><span class='avia-gallery-big-inner'  itemprop=\"thumbnailUrl\" ><img width='450' height='450' src='https:\/\/stockholmii.se\/wp-content\/uploads\/2019\/10\/Wall-hanger-5-empty-600x600.jpg' title='V\u00e4ggh\u00e4ngare f\u00f6r 5 f\u00e4llpallar' alt='' \/><span class='avia-gallery-caption'>V\u00e4ggh\u00e4ngare f\u00f6r 5 f\u00e4llpallar<\/span><\/span><\/a><\/div><div class='avia-gallery-thumb'><a href=\"https:\/\/stockholmii.se\/wp-content\/uploads\/2019\/10\/Wall-hanger-5-empty.jpg\" data-rel='gallery-1' data-prev-img='https:\/\/stockholmii.se\/wp-content\/uploads\/2019\/10\/Wall-hanger-5-empty-600x600.jpg' class='first_thumb lightbox ' data-onclick='1' title='V\u00e4ggh\u00e4ngare f\u00f6r 5 f\u00e4llpallar'  itemprop=\"thumbnailUrl\"  ><img data-avia-tooltip='V\u00e4ggh\u00e4ngare f\u00f6r 5 f\u00e4llpallar' src='https:\/\/stockholmii.se\/wp-content\/uploads\/2019\/10\/Wall-hanger-5-empty-100x100.jpg' width='100' height='100'  title='V\u00e4ggh\u00e4ngare f\u00f6r 5 f\u00e4llpallar' alt='' \/><div class='big-prev-fake'><img width='450' height='450' src='https:\/\/stockholmii.se\/wp-content\/uploads\/2019\/10\/Wall-hanger-5-empty-600x600.jpg' title='V\u00e4ggh\u00e4ngare f\u00f6r 5 f\u00e4llpallar' alt='' \/><\/div><\/a><a href=\"https:\/\/stockholmii.se\/wp-content\/uploads\/2019\/10\/Wall-hanger-10-empty.jpg\" data-rel='gallery-1' data-prev-img='https:\/\/stockholmii.se\/wp-content\/uploads\/2019\/10\/Wall-hanger-10-empty-600x600.jpg' class='lightbox ' data-onclick='2' title='V\u00e4ggh\u00e4ngare f\u00f6r 10 f\u00e4llpallar'  itemprop=\"thumbnailUrl\"  ><img data-avia-tooltip='V\u00e4ggh\u00e4ngare f\u00f6r 10 f\u00e4llpallar' src='https:\/\/stockholmii.se\/wp-content\/uploads\/2019\/10\/Wall-hanger-10-empty-100x100.jpg' width='100' height='100'  title='V\u00e4ggh\u00e4ngare f\u00f6r 10 f\u00e4llpallar' alt='' \/><div class='big-prev-fake'><img width='450' height='450' src='https:\/\/stockholmii.se\/wp-content\/uploads\/2019\/10\/Wall-hanger-10-empty-600x600.jpg' title='V\u00e4ggh\u00e4ngare f\u00f6r 10 f\u00e4llpallar' alt='' \/><\/div><\/a><a href=\"https:\/\/stockholmii.se\/wp-content\/uploads\/2019\/10\/Wall-hanger-5-full-STHLM.jpg\" data-rel='gallery-1' data-prev-img='https:\/\/stockholmii.se\/wp-content\/uploads\/2019\/10\/Wall-hanger-5-full-STHLM-600x600.jpg' class='lightbox ' data-onclick='3' title='V\u00e4ggh\u00e4ngare med 5 f\u00e4llpallar'  itemprop=\"thumbnailUrl\"  ><img data-avia-tooltip='V\u00e4ggh\u00e4ngare med 5 f\u00e4llpallar' src='https:\/\/stockholmii.se\/wp-content\/uploads\/2019\/10\/Wall-hanger-5-full-STHLM-100x100.jpg' width='100' height='100'  title='V\u00e4ggh\u00e4ngare f\u00f6r 5 f\u00e4llpallar' alt='' \/><div class='big-prev-fake'><img width='450' height='450' src='https:\/\/stockholmii.se\/wp-content\/uploads\/2019\/10\/Wall-hanger-5-full-STHLM-600x600.jpg' title='V\u00e4ggh\u00e4ngare f\u00f6r 5 f\u00e4llpallar' alt='' \/><\/div><\/a><\/div><\/div><\/div>\n\n<style type=\"text\/css\" data-created_by=\"avia_inline_auto\" id=\"style-css-av-kwej4-6ef8479591872e34a7cd239b69b7dc1b\">\n.flex_column.av-kwej4-6ef8479591872e34a7cd239b69b7dc1b{\nborder-radius:0px 0px 0px 0px;\npadding:0px 0px 0px 0px;\n}\n<\/style>\n<div  class='flex_column av-kwej4-6ef8479591872e34a7cd239b69b7dc1b av_one_third  avia-builder-el-3  el_after_av_one_third  el_before_av_one_third  flex_column_div av-zero-column-padding  '     ><section  class='av_textblock_section av-k20bkmp2-51b4bfe811cc55cea65d11bbbb1ed5c4 '   itemscope=\"itemscope\" itemtype=\"https:\/\/schema.org\/CreativeWork\" ><div class='avia_textblock'  itemprop=\"text\" ><h1>Wandhanger voor 5 \/ 10 vouwpallets<\/h1>\n<p>De muurhanger is verkrijgbaar in twee maten; voor 5 of 10 vouwpallets. Hij is gemaakt van gepoedercoat staal. De \u201carm\u201d van de hanger is bekleed met zwart rubber om de lak van de pallets te beschermen. Beide varianten kunnen worden gebruikt voor al onze vouwpallets.<\/p>\n<\/div><\/section><\/div>\n\n<style type=\"text\/css\" data-created_by=\"avia_inline_auto\" id=\"style-css-av-g7umo-28b8c4e6ae6b3615d21c8fc1af599e99\">\n.flex_column.av-g7umo-28b8c4e6ae6b3615d21c8fc1af599e99{\nborder-radius:0px 0px 0px 0px;\npadding:0px 0px 0px 0px;\n}\n<\/style>\n<div  class='flex_column av-g7umo-28b8c4e6ae6b3615d21c8fc1af599e99 av_one_third  avia-builder-el-5  el_after_av_one_third  avia-builder-el-last  flex_column_div av-zero-column-padding  '     ><p>\n<style type=\"text\/css\" data-created_by=\"avia_inline_auto\" id=\"style-css-av-arcob-f21bfa3a3ce22d612dc7ba597850c8aa\">\n#top .av-special-heading.av-arcob-f21bfa3a3ce22d612dc7ba597850c8aa{\npadding-bottom:10px;\n}\nbody .av-special-heading.av-arcob-f21bfa3a3ce22d612dc7ba597850c8aa .av-special-heading-tag .heading-char{\nfont-size:25px;\n}\n.av-special-heading.av-arcob-f21bfa3a3ce22d612dc7ba597850c8aa .av-subheading{\nfont-size:15px;\n}\n<\/style>\n<div  class='av-special-heading av-arcob-f21bfa3a3ce22d612dc7ba597850c8aa av-special-heading-h2 blockquote modern-quote  avia-builder-el-6  el_before_av_product_button  avia-builder-el-first  av-linked-heading'><h2 class='av-special-heading-tag '  itemprop=\"headline\"  >\u20ac 82<\/h2><div class=\"special-heading-border\"><div class=\"special-heading-inner-border\"><\/div><\/div><\/div><br \/>\n<div class='av-woo-purchase-button av-asnmg-eac4501cdc4684daefb6c7e9e9ec2d72  avia-builder-el-7  el_after_av_heading  el_before_av_textblock '>\n<form class=\"variations_form cart\" action=\"https:\/\/stockholmii.se\/nl\/produkt\/muurhangers-voor-vouwpallets\/\" method=\"post\" enctype='multipart\/form-data' data-product_id=\"4437\" data-product_variations=\"[{&quot;attributes&quot;:{&quot;attribute_storlek&quot;:&quot;Voor 10 vouwpallets&quot;},&quot;availability_html&quot;:&quot;&quot;,&quot;backorders_allowed&quot;:false,&quot;dimensions&quot;:{&quot;length&quot;:&quot;110&quot;,&quot;width&quot;:&quot;110&quot;,&quot;height&quot;:&quot;110&quot;},&quot;dimensions_html&quot;:&quot;110 &amp;times; 110 &amp;times; 110 cm&quot;,&quot;display_price&quot;:82,&quot;display_regular_price&quot;:82,&quot;image&quot;:{&quot;title&quot;:&quot;V\\u00e4ggh\\u00e4ngare f\\u00f6r 5 f\\u00e4llpallar&quot;,&quot;caption&quot;:&quot;V\\u00e4ggh\\u00e4ngare f\\u00f6r 5 f\\u00e4llpallar&quot;,&quot;url&quot;:&quot;https:\\\/\\\/stockholmii.se\\\/wp-content\\\/uploads\\\/2019\\\/10\\\/Wall-hanger-5-empty.jpg&quot;,&quot;alt&quot;:&quot;V\\u00e4ggh\\u00e4ngare f\\u00f6r 5 f\\u00e4llpallar&quot;,&quot;src&quot;:&quot;https:\\\/\\\/stockholmii.se\\\/wp-content\\\/uploads\\\/2019\\\/10\\\/Wall-hanger-5-empty.jpg&quot;,&quot;srcset&quot;:&quot;https:\\\/\\\/stockholmii.se\\\/wp-content\\\/uploads\\\/2019\\\/10\\\/Wall-hanger-5-empty.jpg 960w, https:\\\/\\\/stockholmii.se\\\/wp-content\\\/uploads\\\/2019\\\/10\\\/Wall-hanger-5-empty-450x450.jpg 450w, https:\\\/\\\/stockholmii.se\\\/wp-content\\\/uploads\\\/2019\\\/10\\\/Wall-hanger-5-empty-100x100.jpg 100w, https:\\\/\\\/stockholmii.se\\\/wp-content\\\/uploads\\\/2019\\\/10\\\/Wall-hanger-5-empty-600x600.jpg 600w, https:\\\/\\\/stockholmii.se\\\/wp-content\\\/uploads\\\/2019\\\/10\\\/Wall-hanger-5-empty-80x80.jpg 80w, https:\\\/\\\/stockholmii.se\\\/wp-content\\\/uploads\\\/2019\\\/10\\\/Wall-hanger-5-empty-300x300.jpg 300w, https:\\\/\\\/stockholmii.se\\\/wp-content\\\/uploads\\\/2019\\\/10\\\/Wall-hanger-5-empty-768x768.jpg 768w, https:\\\/\\\/stockholmii.se\\\/wp-content\\\/uploads\\\/2019\\\/10\\\/Wall-hanger-5-empty-36x36.jpg 36w, https:\\\/\\\/stockholmii.se\\\/wp-content\\\/uploads\\\/2019\\\/10\\\/Wall-hanger-5-empty-180x180.jpg 180w, https:\\\/\\\/stockholmii.se\\\/wp-content\\\/uploads\\\/2019\\\/10\\\/Wall-hanger-5-empty-705x705.jpg 705w&quot;,&quot;sizes&quot;:&quot;(max-width: 960px) 100vw, 960px&quot;,&quot;full_src&quot;:&quot;https:\\\/\\\/stockholmii.se\\\/wp-content\\\/uploads\\\/2019\\\/10\\\/Wall-hanger-5-empty.jpg&quot;,&quot;full_src_w&quot;:960,&quot;full_src_h&quot;:960,&quot;gallery_thumbnail_src&quot;:&quot;https:\\\/\\\/stockholmii.se\\\/wp-content\\\/uploads\\\/2019\\\/10\\\/Wall-hanger-5-empty-100x100.jpg&quot;,&quot;gallery_thumbnail_src_w&quot;:100,&quot;gallery_thumbnail_src_h&quot;:100,&quot;thumb_src&quot;:&quot;https:\\\/\\\/stockholmii.se\\\/wp-content\\\/uploads\\\/2019\\\/10\\\/Wall-hanger-5-empty-450x450.jpg&quot;,&quot;thumb_src_w&quot;:450,&quot;thumb_src_h&quot;:450,&quot;src_w&quot;:960,&quot;src_h&quot;:960},&quot;image_id&quot;:4446,&quot;is_downloadable&quot;:false,&quot;is_in_stock&quot;:true,&quot;is_purchasable&quot;:true,&quot;is_sold_individually&quot;:&quot;no&quot;,&quot;is_virtual&quot;:false,&quot;max_qty&quot;:&quot;&quot;,&quot;min_qty&quot;:1,&quot;price_html&quot;:&quot;&lt;span class=\\&quot;price\\&quot;&gt;&lt;span class=\\&quot;woocommerce-Price-amount amount\\&quot;&gt;&lt;bdi&gt;&lt;span class=\\&quot;woocommerce-Price-currencySymbol\\&quot;&gt;&amp;euro;&lt;\\\/span&gt;&amp;nbsp;82.00&lt;\\\/bdi&gt;&lt;\\\/span&gt; &lt;small class=\\&quot;woocommerce-price-suffix\\&quot;&gt;&lt;span class=\\&quot;woocommerce-Price-amount amount\\&quot;&gt;&lt;bdi&gt;&lt;span class=\\&quot;woocommerce-Price-currencySymbol\\&quot;&gt;&amp;euro;&lt;\\\/span&gt;&amp;nbsp;82.00&lt;\\\/bdi&gt;&lt;\\\/span&gt;&lt;\\\/small&gt;&lt;\\\/span&gt;&quot;,&quot;sku&quot;:&quot;&quot;,&quot;variation_description&quot;:&quot;&quot;,&quot;variation_id&quot;:4448,&quot;variation_is_active&quot;:true,&quot;variation_is_visible&quot;:true,&quot;weight&quot;:&quot;0.001&quot;,&quot;weight_html&quot;:&quot;0.001 kg&quot;},{&quot;attributes&quot;:{&quot;attribute_storlek&quot;:&quot;Voor 5 vouwpallets&quot;},&quot;availability_html&quot;:&quot;&quot;,&quot;backorders_allowed&quot;:false,&quot;dimensions&quot;:{&quot;length&quot;:&quot;110&quot;,&quot;width&quot;:&quot;110&quot;,&quot;height&quot;:&quot;110&quot;},&quot;dimensions_html&quot;:&quot;110 &amp;times; 110 &amp;times; 110 cm&quot;,&quot;display_price&quot;:87,&quot;display_regular_price&quot;:87,&quot;image&quot;:{&quot;title&quot;:&quot;V\\u00e4ggh\\u00e4ngare f\\u00f6r 5 f\\u00e4llpallar&quot;,&quot;caption&quot;:&quot;V\\u00e4ggh\\u00e4ngare f\\u00f6r 5 f\\u00e4llpallar&quot;,&quot;url&quot;:&quot;https:\\\/\\\/stockholmii.se\\\/wp-content\\\/uploads\\\/2019\\\/10\\\/Wall-hanger-5-empty.jpg&quot;,&quot;alt&quot;:&quot;V\\u00e4ggh\\u00e4ngare f\\u00f6r 5 f\\u00e4llpallar&quot;,&quot;src&quot;:&quot;https:\\\/\\\/stockholmii.se\\\/wp-content\\\/uploads\\\/2019\\\/10\\\/Wall-hanger-5-empty.jpg&quot;,&quot;srcset&quot;:&quot;https:\\\/\\\/stockholmii.se\\\/wp-content\\\/uploads\\\/2019\\\/10\\\/Wall-hanger-5-empty.jpg 960w, https:\\\/\\\/stockholmii.se\\\/wp-content\\\/uploads\\\/2019\\\/10\\\/Wall-hanger-5-empty-450x450.jpg 450w, https:\\\/\\\/stockholmii.se\\\/wp-content\\\/uploads\\\/2019\\\/10\\\/Wall-hanger-5-empty-100x100.jpg 100w, https:\\\/\\\/stockholmii.se\\\/wp-content\\\/uploads\\\/2019\\\/10\\\/Wall-hanger-5-empty-600x600.jpg 600w, https:\\\/\\\/stockholmii.se\\\/wp-content\\\/uploads\\\/2019\\\/10\\\/Wall-hanger-5-empty-80x80.jpg 80w, https:\\\/\\\/stockholmii.se\\\/wp-content\\\/uploads\\\/2019\\\/10\\\/Wall-hanger-5-empty-300x300.jpg 300w, https:\\\/\\\/stockholmii.se\\\/wp-content\\\/uploads\\\/2019\\\/10\\\/Wall-hanger-5-empty-768x768.jpg 768w, https:\\\/\\\/stockholmii.se\\\/wp-content\\\/uploads\\\/2019\\\/10\\\/Wall-hanger-5-empty-36x36.jpg 36w, https:\\\/\\\/stockholmii.se\\\/wp-content\\\/uploads\\\/2019\\\/10\\\/Wall-hanger-5-empty-180x180.jpg 180w, https:\\\/\\\/stockholmii.se\\\/wp-content\\\/uploads\\\/2019\\\/10\\\/Wall-hanger-5-empty-705x705.jpg 705w&quot;,&quot;sizes&quot;:&quot;(max-width: 960px) 100vw, 960px&quot;,&quot;full_src&quot;:&quot;https:\\\/\\\/stockholmii.se\\\/wp-content\\\/uploads\\\/2019\\\/10\\\/Wall-hanger-5-empty.jpg&quot;,&quot;full_src_w&quot;:960,&quot;full_src_h&quot;:960,&quot;gallery_thumbnail_src&quot;:&quot;https:\\\/\\\/stockholmii.se\\\/wp-content\\\/uploads\\\/2019\\\/10\\\/Wall-hanger-5-empty-100x100.jpg&quot;,&quot;gallery_thumbnail_src_w&quot;:100,&quot;gallery_thumbnail_src_h&quot;:100,&quot;thumb_src&quot;:&quot;https:\\\/\\\/stockholmii.se\\\/wp-content\\\/uploads\\\/2019\\\/10\\\/Wall-hanger-5-empty-450x450.jpg&quot;,&quot;thumb_src_w&quot;:450,&quot;thumb_src_h&quot;:450,&quot;src_w&quot;:960,&quot;src_h&quot;:960},&quot;image_id&quot;:4446,&quot;is_downloadable&quot;:false,&quot;is_in_stock&quot;:true,&quot;is_purchasable&quot;:true,&quot;is_sold_individually&quot;:&quot;no&quot;,&quot;is_virtual&quot;:false,&quot;max_qty&quot;:&quot;&quot;,&quot;min_qty&quot;:1,&quot;price_html&quot;:&quot;&lt;span class=\\&quot;price\\&quot;&gt;&lt;span class=\\&quot;woocommerce-Price-amount amount\\&quot;&gt;&lt;bdi&gt;&lt;span class=\\&quot;woocommerce-Price-currencySymbol\\&quot;&gt;&amp;euro;&lt;\\\/span&gt;&amp;nbsp;87.00&lt;\\\/bdi&gt;&lt;\\\/span&gt; &lt;small class=\\&quot;woocommerce-price-suffix\\&quot;&gt;&lt;span class=\\&quot;woocommerce-Price-amount amount\\&quot;&gt;&lt;bdi&gt;&lt;span class=\\&quot;woocommerce-Price-currencySymbol\\&quot;&gt;&amp;euro;&lt;\\\/span&gt;&amp;nbsp;87.00&lt;\\\/bdi&gt;&lt;\\\/span&gt;&lt;\\\/small&gt;&lt;\\\/span&gt;&quot;,&quot;sku&quot;:&quot;&quot;,&quot;variation_description&quot;:&quot;&quot;,&quot;variation_id&quot;:4451,&quot;variation_is_active&quot;:true,&quot;variation_is_visible&quot;:true,&quot;weight&quot;:&quot;0.001&quot;,&quot;weight_html&quot;:&quot;0.001 kg&quot;}]\">\n\t\n\t\t\t<table class=\"variations\" cellspacing=\"0\" role=\"presentation\">\n\t\t\t<tbody>\n\t\t\t\t\t\t\t\t\t<tr>\n\t\t\t\t\t\t<th class=\"label\"><label for=\"storlek\">Maat<\/label><\/th>\n\t\t\t\t\t\t<td class=\"value\">\n\t\t\t\t\t\t\t<select id=\"storlek\" class=\"\" name=\"attribute_storlek\" data-attribute_name=\"attribute_storlek\" data-show_option_none=\"yes\"><option value=\"\">Kies een optie<\/option><option value=\"Voor 10 vouwpallets\" >Voor 10 vouwpallets<\/option><option value=\"Voor 5 vouwpallets\" >Voor 5 vouwpallets<\/option><\/select><a class=\"reset_variations\" href=\"#\" aria-label=\"Opties wissen\">Wissen<\/a>\t\t\t\t\t\t<\/td>\n\t\t\t\t\t<\/tr>\n\t\t\t\t\t\t\t<\/tbody>\n\t\t<\/table>\n\t\t<div class=\"reset_variations_alert screen-reader-text\" role=\"alert\" aria-live=\"polite\" aria-relevant=\"all\"><\/div>\n\t\t\n\t\t<div class=\"single_variation_wrap\">\n\t\t\t<div class=\"woocommerce-variation single_variation\" role=\"alert\" aria-relevant=\"additions\"><\/div><div class=\"woocommerce-variation-add-to-cart variations_button\">\n\t\n\t<div class=\"quantity\">\n\t\t<label class=\"screen-reader-text\" for=\"quantity_69e24233079a7\">Muurhangers voor vouwpallets aantal<\/label>\n\t<input\n\t\ttype=\"number\"\n\t\t\t\tid=\"quantity_69e24233079a7\"\n\t\tclass=\"input-text qty text\"\n\t\tname=\"quantity\"\n\t\tvalue=\"1\"\n\t\taria-label=\"Productaantal\"\n\t\t\t\tmin=\"1\"\n\t\t\t\t\t\t\tstep=\"1\"\n\t\t\tplaceholder=\"\"\n\t\t\tinputmode=\"numeric\"\n\t\t\tautocomplete=\"off\"\n\t\t\t\/>\n\t<\/div>\n\n\t<button type=\"submit\" class=\"single_add_to_cart_button button alt\">Toevoegen aan winkelwagen<\/button>\n\n\t<input type=\"hidden\" name=\"gtm4wp_product_data\" value=\"{&quot;internal_id&quot;:4437,&quot;item_id&quot;:4437,&quot;item_name&quot;:&quot;Muurhangers voor vouwpallets&quot;,&quot;sku&quot;:4437,&quot;price&quot;:105.45,&quot;stocklevel&quot;:null,&quot;stockstatus&quot;:&quot;instock&quot;,&quot;google_business_vertical&quot;:&quot;retail&quot;,&quot;item_category&quot;:&quot;STOCKHOLM II&quot;,&quot;id&quot;:4437,&quot;item_brand&quot;:&quot;CHICAGO&quot;}\" \/>\n\n\t<input type=\"hidden\" name=\"add-to-cart\" value=\"4437\" \/>\n\t<input type=\"hidden\" name=\"product_id\" value=\"4437\" \/>\n\t<input type=\"hidden\" name=\"variation_id\" class=\"variation_id\" value=\"0\" \/>\n<\/div>\n\t\t<\/div>\n\t\n\t<div class=\"product_meta\">\n\n\t\n\t\n\t\t<span class=\"sku_wrapper\">Artikelnummer: <span class=\"sku\">N\/B<\/span><\/span>\n\n\t\n\t<span class=\"posted_in\">Categorie\u00ebn: <a href=\"https:\/\/stockholmii.se\/nl\/produkt-kategori\/chicago-nl\/\" rel=\"tag\">CHICAGO<\/a>, <a href=\"https:\/\/stockholmii.se\/nl\/produkt-kategori\/new-york-nl\/\" rel=\"tag\">NEW YORK<\/a>, <a href=\"https:\/\/stockholmii.se\/nl\/produkt-kategori\/snupi-de-nl\/\" rel=\"tag\">SNUPI<\/a>, <a href=\"https:\/\/stockholmii.se\/nl\/produkt-kategori\/stockholm-ii-nl\/\" rel=\"tag\">STOCKHOLM II<\/a><\/span>\n\t\n\t\n<\/div>\n<\/form>\n\n<\/div><br \/>\n<section  class='av_textblock_section av-k20c0k3a-73d0ff7ca9f71b314217d2b885d7f50e '   itemscope=\"itemscope\" itemtype=\"https:\/\/schema.org\/CreativeWork\" ><div class='avia_textblock'  itemprop=\"text\" ><p style=\"text-align: right;\"><em>Alle vermelde prijzen zijn exclusief btw en verzendkosten.<\/em><\/p>\n<\/div><\/section><\/p><\/div>\n","protected":false},"excerpt":{"rendered":"","protected":false},"featured_media":4446,"comment_status":"open","ping_status":"closed","template":"","meta":[],"product_brand":[],"product_cat":[381,383,385,387],"product_tag":[],"class_list":{"0":"post-4437","1":"product","2":"type-product","3":"status-publish","4":"has-post-thumbnail","6":"product_cat-chicago-nl","7":"product_cat-new-york-nl","8":"product_cat-snupi-de-nl","9":"product_cat-stockholm-ii-nl","11":"first","12":"instock","13":"taxable","14":"shipping-taxable","15":"purchasable","16":"product-type-variable"},"_links":{"self":[{"href":"https:\/\/stockholmii.se\/nl\/wp-json\/wp\/v2\/product\/4437","targetHints":{"allow":["GET"]}}],"collection":[{"href":"https:\/\/stockholmii.se\/nl\/wp-json\/wp\/v2\/product"}],"about":[{"href":"https:\/\/stockholmii.se\/nl\/wp-json\/wp\/v2\/types\/product"}],"replies":[{"embeddable":true,"href":"https:\/\/stockholmii.se\/nl\/wp-json\/wp\/v2\/comments?post=4437"}],"wp:featuredmedia":[{"embeddable":true,"href":"https:\/\/stockholmii.se\/nl\/wp-json\/wp\/v2\/media\/4446"}],"wp:attachment":[{"href":"https:\/\/stockholmii.se\/nl\/wp-json\/wp\/v2\/media?parent=4437"}],"wp:term":[{"taxonomy":"product_brand","embeddable":true,"href":"https:\/\/stockholmii.se\/nl\/wp-json\/wp\/v2\/product_brand?post=4437"},{"taxonomy":"product_cat","embeddable":true,"href":"https:\/\/stockholmii.se\/nl\/wp-json\/wp\/v2\/product_cat?post=4437"},{"taxonomy":"product_tag","embeddable":true,"href":"https:\/\/stockholmii.se\/nl\/wp-json\/wp\/v2\/product_tag?post=4437"}],"curies":[{"name":"wp","href":"https:\/\/api.w.org\/{rel}","templated":true}]}}