{"id":4351,"date":"2025-05-22T13:42:18","date_gmt":"2025-05-22T13:42:18","guid":{"rendered":"https:\/\/stockholmii.se\/algemene-aankoop-en-leveringsvoorwaarden\/"},"modified":"2025-05-22T13:42:18","modified_gmt":"2025-05-22T13:42:18","slug":"algemene-aankoop-en-leveringsvoorwaarden","status":"publish","type":"page","link":"https:\/\/stockholmii.se\/nl\/algemene-aankoop-en-leveringsvoorwaarden\/","title":{"rendered":"Algemene aankoop- en leveringsvoorwaarden"},"content":{"rendered":"\n<style type=\"text\/css\" data-created_by=\"avia_inline_auto\" id=\"style-css-av-1mjxf1-512c0395b53b15318771562865226b76\">\n.flex_column.av-1mjxf1-512c0395b53b15318771562865226b76{\nborder-radius:0px 0px 0px 0px;\npadding:0px 0px 0px 0px;\n}\n<\/style>\n<div  class='flex_column av-1mjxf1-512c0395b53b15318771562865226b76 av_one_full  avia-builder-el-0  el_before_av_one_full  avia-builder-el-first  first flex_column_div av-zero-column-padding  '     ><section  class='av_textblock_section av-k6ozwxc5-adb6abd94d893978a88b8be3c44448e7 '   itemscope=\"itemscope\" itemtype=\"https:\/\/schema.org\/CreativeWork\" ><div class='avia_textblock'  itemprop=\"text\" ><h1>K\u00f6p- och leveransvillkor<\/h1>\n<\/div><\/section><\/div>\n\n<style type=\"text\/css\" data-created_by=\"avia_inline_auto\" id=\"style-css-av-1d8yrx-236fac2ba60750ded473c0a18c060ad4\">\n.flex_column.av-1d8yrx-236fac2ba60750ded473c0a18c060ad4{\nborder-radius:0px 0px 0px 0px;\npadding:0px 0px 0px 0px;\n}\n<\/style>\n<div  class='flex_column av-1d8yrx-236fac2ba60750ded473c0a18c060ad4 av_one_full  avia-builder-el-2  el_after_av_one_full  avia-builder-el-last  first flex_column_div av-zero-column-padding  column-top-margin'     ><div  class='avia-icon-list-container av-k6p0a67h-e22d9a2726664b9a56583d82ff150358  avia-builder-el-3  avia-builder-el-no-sibling '><ul class='avia-icon-list avia_animate_when_almost_visible avia-icon-list-left av-iconlist-big av-k6p0a67h-e22d9a2726664b9a56583d82ff150358 avia-iconlist-animate'>\n<li><div class='iconlist_icon av-74cs5-b857aee2cf4caf522981f55e58e8c9db avia-font-entypo-fontello avia-iconfont avia-font-entypo-fontello'><span class='av-icon-char' data-av_icon='\ue821' data-av_iconfont='entypo-fontello' aria-hidden=\"true\"><\/span><\/div><article class=\"article-icon-entry \"  itemscope=\"itemscope\" itemtype=\"https:\/\/schema.org\/CreativeWork\" ><div class=\"iconlist_content_wrap\"><header class=\"entry-content-header\" aria-label=\"Icoon: Bedrijfsinformatie\"><h4 class='av_iconlist_title iconlist_title  '  itemprop=\"headline\" >Bedrijfsinformatie<\/h4><\/header><div class='iconlist_content '  itemprop=\"text\" ><p>Bes\u00f6ks- och leveransadress:<br \/>\nLectus Produktion AB, Verkstadsgatan 2, 383 36 M\u00f6nster\u00e5s.<br \/>\nTelefon: 0499-44844.<br \/>\nE-post: info@lectusproduktion.se<br \/>\nOrganisationsnummer: 556297-0029.<\/p>\n<\/div><\/div><footer class=\"entry-footer\"><\/footer><\/article><div class=\"iconlist-timeline\"><\/div><\/li>\n<li><div class='iconlist_icon av-wtpp-1de789c6ccd35786fa66560d9600d784 avia-font-entypo-fontello avia-iconfont avia-font-entypo-fontello'><span class='av-icon-char' data-av_icon='\ue8cf' data-av_iconfont='entypo-fontello' aria-hidden=\"true\"><\/span><\/div><article class=\"article-icon-entry \"  itemscope=\"itemscope\" itemtype=\"https:\/\/schema.org\/CreativeWork\" ><div class=\"iconlist_content_wrap\"><header class=\"entry-content-header\" aria-label=\"Icoon: Betalingsvoorwaarden\"><h4 class='av_iconlist_title iconlist_title  '  itemprop=\"headline\" >Betalingsvoorwaarden<\/h4><\/header><div class='iconlist_content '  itemprop=\"text\" ><p>Faktura 30 dagar netto.<br \/>\nI v\u00e5r webbshop kan du v\u00e4lja mellan kortbetalning eller faktura.<br \/>\nVi accepterar inte betalning med bankcheck!<\/p>\n<\/div><\/div><footer class=\"entry-footer\"><\/footer><\/article><div class=\"iconlist-timeline\"><\/div><\/li>\n<li><div class='iconlist_icon av-yksvx-e87851c742a20fa6dd23763047af4fb0 avia-font-entypo-fontello avia-iconfont avia-font-entypo-fontello'><span class='av-icon-char' data-av_icon='\ue8b6' data-av_iconfont='entypo-fontello' aria-hidden=\"true\"><\/span><\/div><article class=\"article-icon-entry \"  itemscope=\"itemscope\" itemtype=\"https:\/\/schema.org\/CreativeWork\" ><div class=\"iconlist_content_wrap\"><header class=\"entry-content-header\" aria-label=\"Icoon: Verzend- en leveringsvoorwaarden\"><h4 class='av_iconlist_title iconlist_title  '  itemprop=\"headline\" >Verzend- en leveringsvoorwaarden<\/h4><\/header><div class='iconlist_content '  itemprop=\"text\" ><ul>\n<li>Vi anv\u00e4nder oss av flera transport\u00f6rer och v\u00e5ra leveranser \u00e4r vanligtvis d\u00f6rr-d\u00f6rr.<\/li>\n<li>V\u00e5rt ordererk\u00e4nnande visar vilken transport\u00f6r som levererar just Er order.<\/li>\n<li>Leveransdatum avser n\u00e4r er order ber\u00e4knas avg\u00e5 fr\u00e5n oss.<\/li>\n<li>Vid leverans till privatpersoner f\u00f6redrar vi att anv\u00e4nda DHL Service Point, vilket inneb\u00e4r att kunden h\u00e4mtar ut paketet hos ombud. Kunden aviseras via SMS.<\/li>\n<li>F\u00f6rs\u00e4ndelsen m\u00e5ste h\u00e4mtas ut inom 14 dagar. Vid retur av outl\u00f6st paket kommer returfrakten att debiteras kunden.<\/li>\n<li>Vid en f\u00f6rmodad transportskada \u00e4r det viktigt att det g\u00f6rs en skriftlig notering om detta i samband med att ni tar emot godset. V\u00e4nligen informera oss omg\u00e5ende om s\u00e5 skulle vara fallet. Dokumentera g\u00e4rna skadan och bifoga om m\u00f6jligt bilder i ert meddelande till oss.<\/li>\n<\/ul>\n<\/div><\/div><footer class=\"entry-footer\"><\/footer><\/article><div class=\"iconlist-timeline\"><\/div><\/li>\n<li><div class='iconlist_icon av-pl10t-7c204c847d62fad9ac1bb838b3038b6e avia-font-entypo-fontello avia-iconfont avia-font-entypo-fontello'><span class='av-icon-char' data-av_icon='\ue830' data-av_iconfont='entypo-fontello' aria-hidden=\"true\"><\/span><\/div><article class=\"article-icon-entry \"  itemscope=\"itemscope\" itemtype=\"https:\/\/schema.org\/CreativeWork\" ><div class=\"iconlist_content_wrap\"><header class=\"entry-content-header\" aria-label=\"Icoon: Recht op annulering  \"><h4 class='av_iconlist_title iconlist_title  '  itemprop=\"headline\" >Recht op annulering  <\/h4><\/header><div class='iconlist_content '  itemprop=\"text\" ><ul>\n<li>Kunden har 14 dagars \u00e5ngerr\u00e4tt, r\u00e4knat fr\u00e5n n\u00e4r varan \u00e4r mottagen.<\/li>\n<li>\u00c5ngerr\u00e4tten g\u00e4ller inte f\u00f6r varor som best\u00e4llts specifikt enligt dina \u00f6nskem\u00e5l, som t.ex. f\u00e4llpallar som \u00e4r pulverlackerad i annan f\u00e4rg \u00e4n v\u00e5ra standardkul\u00f6rer eller som p\u00e5 annat s\u00e4tt avviker fr\u00e5n v\u00e5ra standardprodukter.<\/li>\n<li>Observera att ni som kund \u00e4r skyldig att betala returfrakten.<\/li>\n<\/ul>\n<\/div><\/div><footer class=\"entry-footer\"><\/footer><\/article><div class=\"iconlist-timeline\"><\/div><\/li>\n<li><div class='iconlist_icon av-n5a2l-fbe903db104d54c1c9f10c8c23367313 avia-font-entypo-fontello avia-iconfont avia-font-entypo-fontello'><span class='av-icon-char' data-av_icon='\ue827' data-av_iconfont='entypo-fontello' aria-hidden=\"true\"><\/span><\/div><article class=\"article-icon-entry \"  itemscope=\"itemscope\" itemtype=\"https:\/\/schema.org\/CreativeWork\" ><div class=\"iconlist_content_wrap\"><header class=\"entry-content-header\" aria-label=\"Icoon: Garantie\"><h4 class='av_iconlist_title iconlist_title  '  itemprop=\"headline\" >Garantie<\/h4><\/header><div class='iconlist_content '  itemprop=\"text\" ><p>12 m\u00e5nader. Garantin omfattar fel p\u00e5 produkten, vilka orsakats av material- eller konstruktionsfel.<\/p>\n<\/div><\/div><footer class=\"entry-footer\"><\/footer><\/article><div class=\"iconlist-timeline\"><\/div><\/li>\n<li><div class='iconlist_icon av-fv4kl-94adea0b324cfebf500a3d8a7b9b0dc8 avia-font-entypo-fontello avia-iconfont avia-font-entypo-fontello'><span class='av-icon-char' data-av_icon='\ue826' data-av_iconfont='entypo-fontello' aria-hidden=\"true\"><\/span><\/div><article class=\"article-icon-entry \"  itemscope=\"itemscope\" itemtype=\"https:\/\/schema.org\/CreativeWork\" ><div class=\"iconlist_content_wrap\"><header class=\"entry-content-header\" aria-label=\"Icoon: Persoonlijke gegevens\"><h4 class='av_iconlist_title iconlist_title  '  itemprop=\"headline\" >Persoonlijke gegevens<\/h4><\/header><div class='iconlist_content '  itemprop=\"text\" ><p>Lectus Produktion AB \u00e4r enligt Personuppgiftslagen ansvarig f\u00f6r de personuppgifter som l\u00e4mnas till oss. Personuppgifterna anv\u00e4nds f\u00f6r att fullg\u00f6ra v\u00e5ra \u00e5taganden mot dig som kund och i viss m\u00e5n f\u00f6r marknadsf\u00f6ringsaktiviteter. De personuppgifter och bankortsdetaljer som l\u00e4mnas i v\u00e5r webbshop skyddas \u00e4ven av g\u00e4llande banksekretess.<\/p>\n<\/div><\/div><footer class=\"entry-footer\"><\/footer><\/article><div class=\"iconlist-timeline\"><\/div><\/li>\n<li><div class='iconlist_icon av-8m1nh-24ed1a42bf31dc02d8f6c283ea557e43 avia-font-entypo-fontello avia-iconfont avia-font-entypo-fontello'><span class='av-icon-char' data-av_icon='\ue83f' data-av_iconfont='entypo-fontello' aria-hidden=\"true\"><\/span><\/div><article class=\"article-icon-entry \"  itemscope=\"itemscope\" itemtype=\"https:\/\/schema.org\/CreativeWork\" ><div class=\"iconlist_content_wrap\"><header class=\"entry-content-header\" aria-label=\"Icoon: Klachten\"><h4 class='av_iconlist_title iconlist_title  '  itemprop=\"headline\" >Klachten<\/h4><\/header><div class='iconlist_content '  itemprop=\"text\" ><p>Kontakta oss g\u00e4rna via e-post samt bifoga bilder p\u00e5 felaktigheten. Detta f\u00f6r att vi l\u00e4ttare skall kunna kompensera Er p\u00e5 ett korrekt s\u00e4tt och kunna bed\u00f6ma anledningen till felet.<\/p>\n<\/div><\/div><footer class=\"entry-footer\"><\/footer><\/article><div class=\"iconlist-timeline\"><\/div><\/li>\n<\/ul><\/div><\/div>\n","protected":false},"excerpt":{"rendered":"","protected":false},"author":1,"featured_media":0,"parent":0,"menu_order":0,"comment_status":"closed","ping_status":"closed","template":"","meta":{"footnotes":""},"class_list":["post-4351","page","type-page","status-publish","hentry"],"_links":{"self":[{"href":"https:\/\/stockholmii.se\/nl\/wp-json\/wp\/v2\/pages\/4351","targetHints":{"allow":["GET"]}}],"collection":[{"href":"https:\/\/stockholmii.se\/nl\/wp-json\/wp\/v2\/pages"}],"about":[{"href":"https:\/\/stockholmii.se\/nl\/wp-json\/wp\/v2\/types\/page"}],"author":[{"embeddable":true,"href":"https:\/\/stockholmii.se\/nl\/wp-json\/wp\/v2\/users\/1"}],"replies":[{"embeddable":true,"href":"https:\/\/stockholmii.se\/nl\/wp-json\/wp\/v2\/comments?post=4351"}],"version-history":[{"count":2,"href":"https:\/\/stockholmii.se\/nl\/wp-json\/wp\/v2\/pages\/4351\/revisions"}],"predecessor-version":[{"id":4353,"href":"https:\/\/stockholmii.se\/nl\/wp-json\/wp\/v2\/pages\/4351\/revisions\/4353"}],"wp:attachment":[{"href":"https:\/\/stockholmii.se\/nl\/wp-json\/wp\/v2\/media?parent=4351"}],"curies":[{"name":"wp","href":"https:\/\/api.w.org\/{rel}","templated":true}]}}