{"id":4336,"date":"2025-05-22T13:42:14","date_gmt":"2025-05-22T13:42:14","guid":{"rendered":"https:\/\/stockholmii.se\/winkel\/"},"modified":"2025-08-18T08:45:01","modified_gmt":"2025-08-18T08:45:01","slug":"winkel","status":"publish","type":"page","link":"https:\/\/stockholmii.se\/nl\/winkel\/","title":{"rendered":"Winkel"},"content":{"rendered":"\n<style type=\"text\/css\" data-created_by=\"avia_inline_auto\" id=\"style-css-av-g21zm-ab872f61168fa284bef7edcc71da26ca\">\n.flex_column.av-g21zm-ab872f61168fa284bef7edcc71da26ca{\nborder-radius:0px 0px 0px 0px;\npadding:0px 0px 0px 0px;\n}\n<\/style>\n<div  class='flex_column av-g21zm-ab872f61168fa284bef7edcc71da26ca av_one_full  avia-builder-el-0  el_before_av_one_full  avia-builder-el-first  first flex_column_div av-zero-column-padding  '     ><\/div>\n\n<style type=\"text\/css\" data-created_by=\"avia_inline_auto\" id=\"style-css-av-76lzm-15abfdaf5479878dffcf0d4fb1d84bd8\">\n.flex_column.av-76lzm-15abfdaf5479878dffcf0d4fb1d84bd8{\nborder-radius:0px 0px 0px 0px;\npadding:0px 0px 0px 0px;\n}\n<\/style>\n<div  class='flex_column av-76lzm-15abfdaf5479878dffcf0d4fb1d84bd8 av_one_full  avia-builder-el-1  el_after_av_one_full  el_before_av_one_full  first flex_column_div av-zero-column-padding  column-top-margin'     ><div id='av-masonry-1' class='av-masonry av-k6z6n6om-d4fdedacc227cf080b3305da41191bb9 noHover av-flex-size av-large-gap av-hover-overlay- av-masonry-animation- av-masonry-col-3 av-caption-always av-caption-style- av-masonry-entries ' data-post_id=\"4336\"><div class='av-masonry-sort main_color av-sort-yes' data-masonry-id='1' ><div class='av-sort-by-term  ' data-av-allowed-sort='[\"chicago-nl_sort\",\"new-york-nl_sort\",\"snupi-de-nl_sort\",\"stockholm-ii-nl_sort\"]' ><a href=\"#\" data-filter=\"all_sort\" class=\"all_sort_button active_sort\"><span class=\"inner_sort_button\"><span>Alle<\/span><small class=\"avia-term-count\"> 9 <\/small><\/span><\/a><span class='text-sep chicago-nl_sort_sep avia_show_sort'>\/<\/span><a href=\"#\" data-filter=\"chicago-nl_sort\" class=\"chicago-nl_sort_button avia_show_sort\" ><span class=\"inner_sort_button\"><span>CHICAGO<\/span><small class='avia-term-count'> 3 <\/small><\/span><\/a><span class='text-sep new-york-nl_sort_sep avia_show_sort'>\/<\/span><a href=\"#\" data-filter=\"new-york-nl_sort\" class=\"new-york-nl_sort_button avia_show_sort\" ><span class=\"inner_sort_button\"><span>NEW YORK<\/span><small class='avia-term-count'> 4 <\/small><\/span><\/a><span class='text-sep snupi-de-nl_sort_sep avia_show_sort'>\/<\/span><a href=\"#\" data-filter=\"snupi-de-nl_sort\" class=\"snupi-de-nl_sort_button avia_show_sort\" ><span class=\"inner_sort_button\"><span>SNUPI<\/span><small class='avia-term-count'> 4 <\/small><\/span><\/a><span class='text-sep stockholm-ii-nl_sort_sep avia_show_sort'>\/<\/span><a href=\"#\" data-filter=\"stockholm-ii-nl_sort\" class=\"stockholm-ii-nl_sort_button avia_show_sort\" ><span class=\"inner_sort_button\"><span>STOCKHOLM II<\/span><small class='avia-term-count'> 4 <\/small><\/span><\/a><\/div><\/div><div class=\"av-masonry-container isotope av-js-disabled\"><div class='av-masonry-entry isotope-item av-masonry-item-no-image all_sort stockholm-ii-nl_sort  new-york-nl_sort  chicago-nl_sort  snupi-de-nl_sort '><\/div><a href=\"https:\/\/stockholmii.se\/nl\/produkt\/stockholm-ii-2\/\"  id='av-masonry-1-item-4436' data-av-masonry-item='4436' class='av-masonry-entry isotope-item post-4436 product type-product status-publish has-post-thumbnail product_cat-stockholm-ii-nl first instock taxable shipping-taxable purchasable product-type-variable has-default-attributes all_sort stockholm-ii-nl_sort  av-masonry-item-with-image' title=\"STOCKHOLM II svart\"   itemscope=\"itemscope\" itemtype=\"https:\/\/schema.org\/CreativeWork\" ><div class='av-inner-masonry-sizer'><\/div><figure class='av-inner-masonry main_color'><div class=\"av-masonry-outerimage-container\"><div class='av-masonry-image-container'  ><img decoding=\"async\" src=\"https:\/\/stockholmii.se\/wp-content\/uploads\/2019\/10\/Stockholmii-black-960px-705x705.jpg\" title=\"STOCKHOLM II svart\" alt=\"\" \/><\/div><\/div><figcaption class='av-inner-masonry-content site-background'><div class='av-inner-masonry-content-pos'><div class='av-inner-masonry-content-pos-content'><div class='avia-arrow'><\/div><h3 class='av-masonry-entry-title entry-title '  itemprop=\"headline\" >STOCKHOLM II<\/h3><span class=\"av-masonry-price price\"><span class=\"woocommerce-Price-amount amount\"><bdi><span class=\"woocommerce-Price-currencySymbol\">&euro;<\/span>&nbsp;126.00<\/bdi><\/span><\/span><\/div><\/div><\/figcaption><\/figure><\/a><!--end av-masonry entry--><a href=\"https:\/\/stockholmii.se\/nl\/produkt\/new-york-2\/\"  id='av-masonry-1-item-4545' data-av-masonry-item='4545' class='av-masonry-entry isotope-item post-4545 product type-product status-publish has-post-thumbnail product_cat-new-york-nl  instock taxable shipping-taxable purchasable product-type-variable has-default-attributes all_sort new-york-nl_sort  av-masonry-item-with-image' title=\"NEW YORK gr\u00e5 metallic\"   itemscope=\"itemscope\" itemtype=\"https:\/\/schema.org\/CreativeWork\" ><div class='av-inner-masonry-sizer'><\/div><figure class='av-inner-masonry main_color'><div class=\"av-masonry-outerimage-container\"><div class='av-masonry-image-container'  ><img decoding=\"async\" src=\"https:\/\/stockholmii.se\/wp-content\/uploads\/2019\/10\/NewYork-Metallic-grey-960px-705x705.jpg\" title=\"NEW YORK gr\u00e5 metallic\" alt=\"\" \/><\/div><\/div><figcaption class='av-inner-masonry-content site-background'><div class='av-inner-masonry-content-pos'><div class='av-inner-masonry-content-pos-content'><div class='avia-arrow'><\/div><h3 class='av-masonry-entry-title entry-title '  itemprop=\"headline\" >NEW YORK<\/h3><span class=\"av-masonry-price price\"><span class=\"woocommerce-Price-amount amount\"><bdi><span class=\"woocommerce-Price-currencySymbol\">&euro;<\/span>&nbsp;145.00<\/bdi><\/span><\/span><\/div><\/div><\/figcaption><\/figure><\/a><!--end av-masonry entry--><a href=\"https:\/\/stockholmii.se\/nl\/produkt\/chicago-2\/\"  id='av-masonry-1-item-4413' data-av-masonry-item='4413' class='av-masonry-entry isotope-item post-4413 product type-product status-publish has-post-thumbnail product_cat-chicago-nl last instock taxable shipping-taxable purchasable product-type-variable has-default-attributes all_sort chicago-nl_sort  av-masonry-item-with-image' title=\"CHICAGO gr\u00e5 metallic\"   itemscope=\"itemscope\" itemtype=\"https:\/\/schema.org\/CreativeWork\" ><div class='av-inner-masonry-sizer'><\/div><figure class='av-inner-masonry main_color'><div class=\"av-masonry-outerimage-container\"><div class='av-masonry-image-container'  ><img decoding=\"async\" src=\"https:\/\/stockholmii.se\/wp-content\/uploads\/2019\/10\/Chicago-GREY-960px-705x705.jpg\" title=\"CHICAGO gr\u00e5 metallic\" alt=\"\" \/><\/div><\/div><figcaption class='av-inner-masonry-content site-background'><div class='av-inner-masonry-content-pos'><div class='av-inner-masonry-content-pos-content'><div class='avia-arrow'><\/div><h3 class='av-masonry-entry-title entry-title '  itemprop=\"headline\" >CHICAGO<\/h3><span class=\"av-masonry-price price\"><span class=\"woocommerce-Price-amount amount\"><bdi><span class=\"woocommerce-Price-currencySymbol\">&euro;<\/span>&nbsp;141.00<\/bdi><\/span><\/span><\/div><\/div><\/figcaption><\/figure><\/a><!--end av-masonry entry--><a href=\"https:\/\/stockholmii.se\/nl\/produkt\/snupi\/\"  id='av-masonry-1-item-4517' data-av-masonry-item='4517' class='av-masonry-entry isotope-item post-4517 product type-product status-publish has-post-thumbnail product_cat-snupi-de-nl first instock taxable shipping-taxable purchasable product-type-variable has-default-attributes all_sort snupi-de-nl_sort  av-masonry-item-with-image' title=\"SNUPI r\u00f6d\"   itemscope=\"itemscope\" itemtype=\"https:\/\/schema.org\/CreativeWork\" ><div class='av-inner-masonry-sizer'><\/div><figure class='av-inner-masonry main_color'><div class=\"av-masonry-outerimage-container\"><div class='av-masonry-image-container'  ><img decoding=\"async\" src=\"https:\/\/stockholmii.se\/wp-content\/uploads\/2019\/10\/Snupi-RED-960px-1-705x705.jpg\" title=\"SNUPI r\u00f6d\" alt=\"\" \/><\/div><\/div><figcaption class='av-inner-masonry-content site-background'><div class='av-inner-masonry-content-pos'><div class='av-inner-masonry-content-pos-content'><div class='avia-arrow'><\/div><h3 class='av-masonry-entry-title entry-title '  itemprop=\"headline\" >SNUPI<\/h3><span class=\"av-masonry-price price\"><span class=\"woocommerce-Price-amount amount\"><bdi><span class=\"woocommerce-Price-currencySymbol\">&euro;<\/span>&nbsp;104.00<\/bdi><\/span><\/span><\/div><\/div><\/figcaption><\/figure><\/a><!--end av-masonry entry--><a href=\"https:\/\/stockholmii.se\/nl\/produkt\/snupi-trolley-2\/\"  id='av-masonry-1-item-4502' data-av-masonry-item='4502' class='av-masonry-entry isotope-item post-4502 product type-product status-publish has-post-thumbnail product_cat-snupi-de-nl  instock taxable shipping-taxable purchasable product-type-simple all_sort snupi-de-nl_sort  av-masonry-item-with-image' title=\"SNUPI Trolley\"   itemscope=\"itemscope\" itemtype=\"https:\/\/schema.org\/CreativeWork\" ><div class='av-inner-masonry-sizer'><\/div><figure class='av-inner-masonry main_color'><div class=\"av-masonry-outerimage-container\"><div class='av-masonry-image-container'  ><img decoding=\"async\" src=\"https:\/\/stockholmii.se\/wp-content\/uploads\/2019\/09\/Snupi-Trolley-tom-960px-705x705.jpg\" title=\"SNUPI Trolley\" alt=\"\" \/><\/div><\/div><figcaption class='av-inner-masonry-content site-background'><div class='av-inner-masonry-content-pos'><div class='av-inner-masonry-content-pos-content'><div class='avia-arrow'><\/div><h3 class='av-masonry-entry-title entry-title '  itemprop=\"headline\" >SNUPI trolley<\/h3><span class=\"av-masonry-price price\"><span class=\"woocommerce-Price-amount amount\"><bdi><span class=\"woocommerce-Price-currencySymbol\">&euro;<\/span>&nbsp;951.00<\/bdi><\/span> <small class=\"woocommerce-price-suffix\"><span class=\"woocommerce-Price-amount amount\"><bdi><span class=\"woocommerce-Price-currencySymbol\">&euro;<\/span>&nbsp;951.00<\/bdi><\/span><\/small><\/span><\/div><\/div><\/figcaption><\/figure><\/a><!--end av-masonry entry--><a href=\"https:\/\/stockholmii.se\/nl\/produkt\/new-york-trolley-2\/\"  id='av-masonry-1-item-4493' data-av-masonry-item='4493' class='av-masonry-entry isotope-item post-4493 product type-product status-publish has-post-thumbnail product_cat-new-york-nl last instock taxable shipping-taxable purchasable product-type-simple all_sort new-york-nl_sort  av-masonry-item-with-image' title=\"NEW YORK Trolley\"   itemscope=\"itemscope\" itemtype=\"https:\/\/schema.org\/CreativeWork\" ><div class='av-inner-masonry-sizer'><\/div><figure class='av-inner-masonry main_color'><div class=\"av-masonry-outerimage-container\"><div class='av-masonry-image-container'  ><img decoding=\"async\" src=\"https:\/\/stockholmii.se\/wp-content\/uploads\/2019\/10\/NewYork-TROLLEY-tom-960px-705x705.jpg\" title=\"NEW YORK Trolley\" alt=\"\" \/><\/div><\/div><figcaption class='av-inner-masonry-content site-background'><div class='av-inner-masonry-content-pos'><div class='av-inner-masonry-content-pos-content'><div class='avia-arrow'><\/div><h3 class='av-masonry-entry-title entry-title '  itemprop=\"headline\" >NEW YORK Trolley<\/h3><span class=\"av-masonry-price price\"><span class=\"woocommerce-Price-amount amount\"><bdi><span class=\"woocommerce-Price-currencySymbol\">&euro;<\/span>&nbsp;951.00<\/bdi><\/span> <small class=\"woocommerce-price-suffix\"><span class=\"woocommerce-Price-amount amount\"><bdi><span class=\"woocommerce-Price-currencySymbol\">&euro;<\/span>&nbsp;951.00<\/bdi><\/span><\/small><\/span><\/div><\/div><\/figcaption><\/figure><\/a><!--end av-masonry entry--><a href=\"https:\/\/stockholmii.se\/nl\/produkt\/stockholm-ii-trolley\/\"  id='av-masonry-1-item-4412' data-av-masonry-item='4412' class='av-masonry-entry isotope-item post-4412 product type-product status-publish has-post-thumbnail product_cat-stockholm-ii-nl first instock taxable shipping-taxable purchasable product-type-simple all_sort stockholm-ii-nl_sort  av-masonry-item-with-image' title=\"STOCKHOLM II Trolley\"   itemscope=\"itemscope\" itemtype=\"https:\/\/schema.org\/CreativeWork\" ><div class='av-inner-masonry-sizer'><\/div><figure class='av-inner-masonry main_color'><div class=\"av-masonry-outerimage-container\"><div class='av-masonry-image-container'  ><img decoding=\"async\" src=\"https:\/\/stockholmii.se\/wp-content\/uploads\/2019\/10\/trolley-stockholmii-tom-705x705.jpg\" title=\"STOCKHOLM II Trolley\" alt=\"\" \/><\/div><\/div><figcaption class='av-inner-masonry-content site-background'><div class='av-inner-masonry-content-pos'><div class='av-inner-masonry-content-pos-content'><div class='avia-arrow'><\/div><h3 class='av-masonry-entry-title entry-title '  itemprop=\"headline\" >STOCKHOLM II Trolley<\/h3><span class=\"av-masonry-price price\"><span class=\"woocommerce-Price-amount amount\"><bdi><span class=\"woocommerce-Price-currencySymbol\">&euro;<\/span>&nbsp;879.00<\/bdi><\/span> <small class=\"woocommerce-price-suffix\"><span class=\"woocommerce-Price-amount amount\"><bdi><span class=\"woocommerce-Price-currencySymbol\">&euro;<\/span>&nbsp;879.00<\/bdi><\/span><\/small><\/span><\/div><\/div><\/figcaption><\/figure><\/a><!--end av-masonry entry--><a href=\"https:\/\/stockholmii.se\/nl\/produkt\/vloersteunen-voor-vouwpallets\/\"  id='av-masonry-1-item-4488' data-av-masonry-item='4488' class='av-masonry-entry isotope-item post-4488 product type-product status-publish has-post-thumbnail product_cat-chicago-nl product_cat-new-york-nl product_cat-snupi-de-nl product_cat-stockholm-ii-nl  instock taxable shipping-taxable purchasable product-type-simple all_sort chicago-nl_sort  new-york-nl_sort  snupi-de-nl_sort  stockholm-ii-nl_sort  av-masonry-item-with-image' title=\"Golvst\u00e4ll f\u00f6r f\u00e4llpallar\"   itemscope=\"itemscope\" itemtype=\"https:\/\/schema.org\/CreativeWork\" ><div class='av-inner-masonry-sizer'><\/div><figure class='av-inner-masonry main_color'><div class=\"av-masonry-outerimage-container\"><div class='av-masonry-image-container'  ><img decoding=\"async\" src=\"https:\/\/stockholmii.se\/wp-content\/uploads\/2019\/10\/Stockholmii-Golvstall-960px-705x705.jpg\" title=\"Golvst\u00e4ll f\u00f6r f\u00e4llpallar\" alt=\"\" \/><\/div><\/div><figcaption class='av-inner-masonry-content site-background'><div class='av-inner-masonry-content-pos'><div class='av-inner-masonry-content-pos-content'><div class='avia-arrow'><\/div><h3 class='av-masonry-entry-title entry-title '  itemprop=\"headline\" >Vloersteunen voor vouwpallets<\/h3><span class=\"av-masonry-price price\"><span class=\"woocommerce-Price-amount amount\"><bdi><span class=\"woocommerce-Price-currencySymbol\">&euro;<\/span>&nbsp;290.00<\/bdi><\/span> <small class=\"woocommerce-price-suffix\"><span class=\"woocommerce-Price-amount amount\"><bdi><span class=\"woocommerce-Price-currencySymbol\">&euro;<\/span>&nbsp;290.00<\/bdi><\/span><\/small><\/span><\/div><\/div><\/figcaption><\/figure><\/a><!--end av-masonry entry--><a href=\"https:\/\/stockholmii.se\/nl\/produkt\/muurhangers-voor-vouwpallets\/\"  id='av-masonry-1-item-4437' data-av-masonry-item='4437' class='av-masonry-entry isotope-item post-4437 product type-product status-publish has-post-thumbnail product_cat-chicago-nl product_cat-new-york-nl product_cat-snupi-de-nl product_cat-stockholm-ii-nl last instock taxable shipping-taxable purchasable product-type-variable all_sort chicago-nl_sort  new-york-nl_sort  snupi-de-nl_sort  stockholm-ii-nl_sort  av-masonry-item-with-image' title=\"V\u00e4ggh\u00e4ngare f\u00f6r 5 f\u00e4llpallar\"   itemscope=\"itemscope\" itemtype=\"https:\/\/schema.org\/CreativeWork\" ><div class='av-inner-masonry-sizer'><\/div><figure class='av-inner-masonry main_color'><div class=\"av-masonry-outerimage-container\"><div class='av-masonry-image-container'  ><img decoding=\"async\" src=\"https:\/\/stockholmii.se\/wp-content\/uploads\/2019\/10\/Wall-hanger-5-empty-705x705.jpg\" title=\"V\u00e4ggh\u00e4ngare f\u00f6r 5 f\u00e4llpallar\" alt=\"\" \/><\/div><\/div><figcaption class='av-inner-masonry-content site-background'><div class='av-inner-masonry-content-pos'><div class='av-inner-masonry-content-pos-content'><div class='avia-arrow'><\/div><h3 class='av-masonry-entry-title entry-title '  itemprop=\"headline\" >Muurhangers voor vouwpallets<\/h3><span class=\"av-masonry-price price\"><span class=\"woocommerce-Price-amount amount\" aria-hidden=\"true\"><bdi><span class=\"woocommerce-Price-currencySymbol\">&euro;<\/span>&nbsp;82.00<\/bdi><\/span> <span aria-hidden=\"true\">-<\/span> <span class=\"woocommerce-Price-amount amount\" aria-hidden=\"true\"><bdi><span class=\"woocommerce-Price-currencySymbol\">&euro;<\/span>&nbsp;87.00<\/bdi><\/span><span class=\"screen-reader-text\">Prijsklasse: &euro;&nbsp;82.00 tot &euro;&nbsp;87.00<\/span><\/span><\/div><\/div><\/figcaption><\/figure><\/a><!--end av-masonry entry--><\/div><\/div><\/div>\n<div  class='flex_column av-bi2fu-dd77ce228366e81bb3037db8a3ba9ee2 av_one_full  avia-builder-el-3  el_after_av_one_full  avia-builder-el-last  first flex_column_div  column-top-margin'     ><\/div>\n","protected":false},"excerpt":{"rendered":"","protected":false},"author":1,"featured_media":0,"parent":0,"menu_order":0,"comment_status":"closed","ping_status":"closed","template":"","meta":{"footnotes":""},"class_list":["post-4336","page","type-page","status-publish","hentry"],"_links":{"self":[{"href":"https:\/\/stockholmii.se\/nl\/wp-json\/wp\/v2\/pages\/4336","targetHints":{"allow":["GET"]}}],"collection":[{"href":"https:\/\/stockholmii.se\/nl\/wp-json\/wp\/v2\/pages"}],"about":[{"href":"https:\/\/stockholmii.se\/nl\/wp-json\/wp\/v2\/types\/page"}],"author":[{"embeddable":true,"href":"https:\/\/stockholmii.se\/nl\/wp-json\/wp\/v2\/users\/1"}],"replies":[{"embeddable":true,"href":"https:\/\/stockholmii.se\/nl\/wp-json\/wp\/v2\/comments?post=4336"}],"version-history":[{"count":4,"href":"https:\/\/stockholmii.se\/nl\/wp-json\/wp\/v2\/pages\/4336\/revisions"}],"predecessor-version":[{"id":4730,"href":"https:\/\/stockholmii.se\/nl\/wp-json\/wp\/v2\/pages\/4336\/revisions\/4730"}],"wp:attachment":[{"href":"https:\/\/stockholmii.se\/nl\/wp-json\/wp\/v2\/media?parent=4336"}],"curies":[{"name":"wp","href":"https:\/\/api.w.org\/{rel}","templated":true}]}}