{"id":4407,"date":"2025-05-22T13:42:32","date_gmt":"2025-05-22T13:42:32","guid":{"rendered":"https:\/\/stockholmii.se\/politique-de-confidentialite\/"},"modified":"2025-05-22T13:42:32","modified_gmt":"2025-05-22T13:42:32","slug":"politique-de-confidentialite","status":"publish","type":"page","link":"https:\/\/stockholmii.se\/fr\/politique-de-confidentialite\/","title":{"rendered":"Politique de confidentialit\u00e9"},"content":{"rendered":"\n<style type=\"text\/css\" data-created_by=\"avia_inline_auto\" id=\"style-css-av-9r11-a2146c94410c210dfc86a6bf0db284cb\">\n.flex_column.av-9r11-a2146c94410c210dfc86a6bf0db284cb{\nborder-radius:0px 0px 0px 0px;\npadding:0px 0px 0px 0px;\n}\n<\/style>\n<div  class='flex_column av-9r11-a2146c94410c210dfc86a6bf0db284cb av_one_full  avia-builder-el-0  el_before_av_one_full  avia-builder-el-first  first flex_column_div av-zero-column-padding  '     ><section  class='av_textblock_section av-k6nqqh4o-c8904b1d217b1c82e213d28e3e2287dc '   itemscope=\"itemscope\" itemtype=\"https:\/\/schema.org\/CreativeWork\" ><div class='avia_textblock'  itemprop=\"text\" ><h1>Politique de confidentialit\u00e9<\/h1>\n<\/div><\/section><\/div>\n<style type=\"text\/css\" data-created_by=\"avia_inline_auto\" id=\"style-css-av-8dk7-e14851532a36094e98f08d164325d2e1\">\n.flex_column.av-8dk7-e14851532a36094e98f08d164325d2e1{\nborder-radius:0px 0px 0px 0px;\npadding:0px 0px 0px 0px;\n}\n<\/style>\n<div  class='flex_column av-8dk7-e14851532a36094e98f08d164325d2e1 av_one_full  avia-builder-el-2  el_after_av_one_full  el_before_av_one_full  first flex_column_div av-zero-column-padding  column-top-margin'     ><section  class='av_textblock_section av-k6nqnwq7-beb737f8db70cee0d1802b269e9b7b03 '   itemscope=\"itemscope\" itemtype=\"https:\/\/schema.org\/CreativeWork\" ><div class='avia_textblock'  itemprop=\"text\" ><p>Nous prot\u00e9geons vos donn\u00e9es personnelles conform\u00e9ment \u00e0 la r\u00e9glementation en vigueur. L&rsquo;ancienne loi sur les donn\u00e9es personnelles (PuL) a \u00e9t\u00e9 remplac\u00e9e par le r\u00e8glement g\u00e9n\u00e9ral sur la protection des donn\u00e9es (GDPR) de l&rsquo;UE. Le GDPR signifie une protection encore plus forte de vos donn\u00e9es personnelles.  <\/p>\n<h3>Donn\u00e9es personnelles<\/h3>\n<p>Nous avons besoin de stocker et de traiter des donn\u00e9es personnelles vous concernant, telles que le nom de votre entreprise, votre nom, votre adresse, le num\u00e9ro d&rsquo;enregistrement de votre entreprise\/le num\u00e9ro de TVA, votre personne de contact, votre num\u00e9ro de t\u00e9l\u00e9phone et votre adresse \u00e9lectronique. Ces donn\u00e9es sont n\u00e9cessaires pour traiter votre commande et vous livrer les produits. Vos donn\u00e9es peuvent \u00eatre utilis\u00e9es pour des op\u00e9rations de marketing de notre part ou pour des informations que nous vous envoyons.  <\/p>\n<h3>Vie priv\u00e9e et s\u00e9curit\u00e9<\/h3>\n<p>Nous appliquons \u00e0 tout moment la l\u00e9gislation applicable en mati\u00e8re de protection de la vie priv\u00e9e lorsque nous traitons vos donn\u00e9es \u00e0 caract\u00e8re personnel. La base juridique du traitement de vos donn\u00e9es \u00e0 caract\u00e8re personnel est r\u00e9gie par la l\u00e9gislation applicable, la mise en balance des int\u00e9r\u00eats et le consentement, dans cet ordre. Le consentement signifie que nous devons vous contacter pour obtenir votre autorisation claire. Les donn\u00e9es personnelles et les donn\u00e9es crypt\u00e9es relatives aux cartes bancaires fournies dans notre boutique en ligne sont \u00e9galement prot\u00e9g\u00e9es par le secret bancaire en vigueur. Il s&rsquo;agit d&rsquo;une fonctionnalit\u00e9 int\u00e9gr\u00e9e au syst\u00e8me.    <\/p>\n<h3>Cookies<\/h3>\n<p>Nos sites web utilisent ce que l&rsquo;on appelle des cookies de session. Les cookies de session sont utilis\u00e9s pour am\u00e9liorer le site web pour l&rsquo;utilisateur et peuvent, par exemple, signifier que les produits plac\u00e9s dans le panier d&rsquo;achat ne disparaissent pas lorsque vous naviguez dans la boutique en ligne. Ces cookies ne sont pas stock\u00e9s de mani\u00e8re permanente sur votre ordinateur mais sont supprim\u00e9s lorsque vous fermez votre navigateur.        <em>Nous ne stockons aucune information personnelle via les cookies de session.<\/em><\/p>\n<h3>Pendant combien de temps ?<\/h3>\n<p>Vos donn\u00e9es personnelles seront conserv\u00e9es conform\u00e9ment \u00e0 la loi applicable, la loi sur la comptabilit\u00e9, pendant 7 ans et seront ensuite d\u00e9finitivement supprim\u00e9es.<\/p>\n<p>Si une situation se pr\u00e9sente qui n\u00e9cessite des donn\u00e9es personnelles suppl\u00e9mentaires pour remplir notre engagement envers vous, nous vous les demanderons. Ce type de donn\u00e9es ne sera conserv\u00e9 que pour la dur\u00e9e n\u00e9cessaire. <\/p>\n<h3>Tiers<\/h3>\n<p>Pour les besoins du transport, nous ne communiquons au transporteur, un tiers, que les informations qui sont directement n\u00e9cessaires pour que les produits vous soient livr\u00e9s. En outre, vos donn\u00e9es personnelles ne sont jamais transmises \u00e0 des tiers, sauf si nous y sommes contraints par la l\u00e9gislation applicable. <\/p>\n<h3>Pays tiers<\/h3>\n<p>Afin de respecter nos engagements envers vous en tant que client, en ce qui concerne le transport et la livraison du produit command\u00e9, il peut \u00eatre n\u00e9cessaire que le transporteur du pays tiers ait acc\u00e8s \u00e0 certaines informations. Par exemple, une adresse de livraison, une personne de contact, un num\u00e9ro de t\u00e9l\u00e9phone et une adresse \u00e9lectronique. Ces informations ne sont utilis\u00e9es que pour vous livrer l&rsquo;envoi.   <\/p>\n<h3>Intrusion<\/h3>\n<p>En vertu du GDPR, les violations doivent \u00eatre signal\u00e9es \u00e0 l&rsquo;Autorit\u00e9 de protection des donn\u00e9es. Si une violation pr\u00e9sente un risque s\u00e9rieux pour vous en tant qu&rsquo;individu, nous vous informerons de l&rsquo;incident. <\/p>\n<h3>Personne responsable<\/h3>\n<p>Le contr\u00f4leur des donn\u00e9es est Lectus Produktion AB avec le num\u00e9ro d&rsquo;organisation 556297-0029. Vous pouvez nous contacter par e-mail, <a href=\"mailto:info@lectusproduktion.se\">info@lectusproduktion.se<\/a> ou par t\u00e9l\u00e9phone 0499-44844. <\/p>\n<p>Vous avez le droit de demander vos donn\u00e9es, de les modifier ou de les faire effacer. Si aucune base juridique ne justifie la conservation de vos donn\u00e9es personnelles, celles-ci seront d\u00e9finitivement supprim\u00e9es. <\/p>\n<h3>Plaintes<\/h3>\n<p>Si vous avez une plainte concernant le traitement de vos donn\u00e9es personnelles, vous avez le droit de contacter l&rsquo;Autorit\u00e9 de protection des donn\u00e9es.<\/p>\n<p>Le texte int\u00e9gral du GDPR est disponible \u00e0 l&rsquo;adresse suivante <a href=\"https:\/\/www.datainspektionen.se\/dataskyddsreformen\/dataskyddsforordningen\/forordningstexten\/\" target=\"_blank\">: https:\/\/www.datainspektionen.se\/dataskyddsreformen\/dataskyddsforordningen\/forordningstexten\/<\/a><\/p>\n<\/div><\/section><\/div>\n<style type=\"text\/css\" data-created_by=\"avia_inline_auto\" id=\"style-css-av-4tsr-7a5979299878516b66b97a26b13465fc\">\n.flex_column.av-4tsr-7a5979299878516b66b97a26b13465fc{\nborder-radius:0px 0px 0px 0px;\npadding:0px 0px 0px 0px;\n}\n<\/style>\n<div  class='flex_column av-4tsr-7a5979299878516b66b97a26b13465fc av_one_full  avia-builder-el-4  el_after_av_one_full  el_before_av_one_full  first flex_column_div av-zero-column-padding  column-top-margin'     ><\/div><\/p>\n\n<style type=\"text\/css\" data-created_by=\"avia_inline_auto\" id=\"style-css-av-2l7x-46e765f7898d634c569bc6a969169bb3\">\n.flex_column.av-2l7x-46e765f7898d634c569bc6a969169bb3{\nborder-radius:0px 0px 0px 0px;\npadding:0px 0px 0px 0px;\n}\n<\/style>\n<div  class='flex_column av-2l7x-46e765f7898d634c569bc6a969169bb3 av_one_full  avia-builder-el-5  el_after_av_one_full  avia-builder-el-last  first flex_column_div av-zero-column-padding  column-top-margin'     ><\/div>\n","protected":false},"excerpt":{"rendered":"","protected":false},"author":1,"featured_media":0,"parent":0,"menu_order":0,"comment_status":"closed","ping_status":"open","template":"","meta":{"footnotes":""},"class_list":["post-4407","page","type-page","status-publish","hentry"],"_links":{"self":[{"href":"https:\/\/stockholmii.se\/fr\/wp-json\/wp\/v2\/pages\/4407","targetHints":{"allow":["GET"]}}],"collection":[{"href":"https:\/\/stockholmii.se\/fr\/wp-json\/wp\/v2\/pages"}],"about":[{"href":"https:\/\/stockholmii.se\/fr\/wp-json\/wp\/v2\/types\/page"}],"author":[{"embeddable":true,"href":"https:\/\/stockholmii.se\/fr\/wp-json\/wp\/v2\/users\/1"}],"replies":[{"embeddable":true,"href":"https:\/\/stockholmii.se\/fr\/wp-json\/wp\/v2\/comments?post=4407"}],"version-history":[{"count":2,"href":"https:\/\/stockholmii.se\/fr\/wp-json\/wp\/v2\/pages\/4407\/revisions"}],"predecessor-version":[{"id":4411,"href":"https:\/\/stockholmii.se\/fr\/wp-json\/wp\/v2\/pages\/4407\/revisions\/4411"}],"wp:attachment":[{"href":"https:\/\/stockholmii.se\/fr\/wp-json\/wp\/v2\/media?parent=4407"}],"curies":[{"name":"wp","href":"https:\/\/api.w.org\/{rel}","templated":true}]}}