{"id":4398,"date":"2025-05-22T13:42:31","date_gmt":"2025-05-22T13:42:31","guid":{"rendered":"https:\/\/stockholmii.se\/conception-et-references\/"},"modified":"2025-05-22T13:42:31","modified_gmt":"2025-05-22T13:42:31","slug":"conception-et-references","status":"publish","type":"page","link":"https:\/\/stockholmii.se\/fr\/conception-et-references\/","title":{"rendered":"Conception et r\u00e9f\u00e9rences"},"content":{"rendered":"\n<style type=\"text\/css\" data-created_by=\"avia_inline_auto\" id=\"style-css-av-jth1b3i6-238b82a17fd2107721e07af041f781e6\">\n.avia-section.av-jth1b3i6-238b82a17fd2107721e07af041f781e6{\nbackground-repeat:no-repeat;\nbackground-image:url(https:\/\/stockholmii.se\/wp-content\/uploads\/2019\/03\/STOCKHOLM-Betong-1920px.jpg);\nbackground-position:100% 100%;\nbackground-attachment:scroll;\n}\n<\/style>\n<div id='refslider'  class='avia-section av-jth1b3i6-238b82a17fd2107721e07af041f781e6 main_color avia-section-default avia-no-shadow  avia-builder-el-0  el_before_av_two_fifth  avia-builder-el-first  avia-bg-style-scroll av-minimum-height av-minimum-height-custom av-height-custom  container_wrap sidebar_right'  data-section-bg-repeat='no-repeat' data-av_minimum_height_px='550'><div class=\"av-section-color-overlay-wrap\"><a href='#next-section' title='' class='scroll-down-link  avia-svg-icon avia-font-svg_entypo-fontello' data-av_svg_icon='down-open-mini' data-av_iconset='svg_entypo-fontello'><svg version=\"1.1\" xmlns=\"http:\/\/www.w3.org\/2000\/svg\" width=\"15\" height=\"32\" viewBox=\"0 0 15 32\" preserveAspectRatio=\"xMidYMid meet\" aria-labelledby='av-svg-title-1' aria-describedby='av-svg-desc-1' role=\"graphics-symbol\" aria-hidden=\"true\">\n<title id='av-svg-title-1'>Scroller vers la prochaine section<\/title>\n<desc id='av-svg-desc-1'>Scroller vers la prochaine section<\/desc>\n<path d=\"M12.96 12.16q0.704-0.832 1.536 0 0.832 0.704 0 1.536l-6.272 6.144q-0.704 0.704-1.536 0l-6.272-6.144q-0.832-0.832 0-1.536 0.768-0.768 1.6 0l5.44 4.992z\"><\/path>\n<\/svg><\/a><div class='container av-section-cont-open' style='height:550px'><main  role=\"main\" itemprop=\"mainContentOfPage\"  class='template-page content  av-content-small alpha units'><div class='post-entry post-entry-type-page post-entry-4398'><div class='entry-content-wrapper clearfix'>\n\n<style type=\"text\/css\" data-created_by=\"avia_inline_auto\" id=\"style-css-av-7w53u-240df79e96f8d49a1112a19ae02b54c6\">\n.flex_column.av-7w53u-240df79e96f8d49a1112a19ae02b54c6{\nborder-radius:0px 0px 0px 0px;\npadding:0px 0px 0px 0px;\n}\n<\/style>\n<div  class='flex_column av-7w53u-240df79e96f8d49a1112a19ae02b54c6 av_one_half  avia-builder-el-1  avia-builder-el-no-sibling  first flex_column_div av-zero-column-padding  '     ><style type=\"text\/css\" data-created_by=\"avia_inline_auto\" id=\"style-css-av-jth1n6xd-5e85c5093cfdd2e7489dc9348601d306\">\n.avia_message_box.av-jth1n6xd-5e85c5093cfdd2e7489dc9348601d306{\nbackground-color:#545454;\ncolor:#f2f2f2;\n}\n.avia_message_box.av-jth1n6xd-5e85c5093cfdd2e7489dc9348601d306 .avia_message_box_icon.avia-svg-icon svg:first-child{\nfill:#f2f2f2;\nstroke:#f2f2f2;\n}\n<\/style>\n<div id='avia-messagebox-' class='avia_message_box av_notification av-jth1n6xd-5e85c5093cfdd2e7489dc9348601d306 avia-color-custom avia-size-large avia-icon_select-no avia-border-  avia-builder-el-2  avia-builder-el-no-sibling ' ><div class=\"avia_message_box_content\"><p>Att f\u00e4llpallen STOCKHOLM II \u00e4r uppskattad bevisas av att den \u00e4r representerad p\u00e5 mer \u00e4n 2500 museer i \u00f6ver 50 l\u00e4nder. STOCKHOLM II har tilldelats fina utm\u00e4rkelser f\u00f6r sin design, och \u00e4r sedan 2011 en del av den permanenta kollektionen p\u00e5 M<span style=\"text-transform: lowercase;\">o<\/span>MA, New York.<\/p>\n<\/div><\/div><\/div>\n<\/div><\/div><\/main><!-- close content main element --><\/div><\/div><\/div><div id='after_section_1'  class='main_color av_default_container_wrap container_wrap sidebar_right'  ><div class='container av-section-cont-open' ><div class='template-page content  av-content-small alpha units'><div class='post-entry post-entry-type-page post-entry-4398'><div class='entry-content-wrapper clearfix'>\n\n<style type=\"text\/css\" data-created_by=\"avia_inline_auto\" id=\"style-css-av-7dw0a-b13dc83bd5d1397850ad1ea14c8d204f\">\n.flex_column.av-7dw0a-b13dc83bd5d1397850ad1ea14c8d204f{\nborder-radius:0px 0px 0px 0px;\npadding:0px 0px 0px 0px;\n}\n<\/style>\n<div  class='flex_column av-7dw0a-b13dc83bd5d1397850ad1ea14c8d204f av_two_fifth  avia-builder-el-3  el_after_av_section  el_before_av_one_fifth  avia-builder-el-first  first flex_column_div av-zero-column-padding  '     ><div  class='avia-icon-list-container av-jth23tuu-8b51334dd4f2c75119ce212e00ea4f2e  avia-builder-el-4  avia-builder-el-no-sibling '><ul class='avia-icon-list avia_animate_when_almost_visible avia-icon-list-left av-iconlist-big av-jth23tuu-8b51334dd4f2c75119ce212e00ea4f2e avia-iconlist-animate'>\n<li><div class='iconlist_icon av-6puhy-ab30aa7805e43dcea70b0b441577065c avia-font-entypo-fontello avia-iconfont avia-font-entypo-fontello'><span class='av-icon-char' data-av_icon='\ue8a8' data-av_iconfont='entypo-fontello' aria-hidden=\"true\"><\/span><\/div><article class=\"article-icon-entry \"  itemscope=\"itemscope\" itemtype=\"https:\/\/schema.org\/CreativeWork\" ><div class=\"iconlist_content_wrap\"><header class=\"entry-content-header\" aria-label=\"Ic\u00f4ne : Un vainqueur fier de l\u2019\u00eatre\"><h4 class='av_iconlist_title iconlist_title  '  itemprop=\"headline\" >Un vainqueur fier de l\u2019\u00eatre<\/h4><\/header><div class='iconlist_content '  itemprop=\"text\" ><p><strong>Utm\u00e4rkelser:<\/strong><\/p>\n<ul>\n<li>Red Dot Design Award &#8211; winner<\/li>\n<li>Red Dot Design Award &#8211; Best of the Best<\/li>\n<li>Utm\u00e4rkt Svensk Form<\/li>\n<\/ul>\n<p><strong>Design:<\/strong>\u00a0 A&amp;E Design, Stockholm<\/p>\n<\/div><\/div><footer class=\"entry-footer\"><\/footer><\/article><div class=\"iconlist-timeline\"><\/div><\/li>\n<\/ul><\/div><\/div>\n\n<style type=\"text\/css\" data-created_by=\"avia_inline_auto\" id=\"style-css-av-69obm-30e7ff4954c6da4f6b1e6856b78ebc01\">\n.flex_column.av-69obm-30e7ff4954c6da4f6b1e6856b78ebc01{\nborder-radius:0px 0px 0px 0px;\npadding:0px 0px 0px 0px;\n}\n<\/style>\n<div  class='flex_column av-69obm-30e7ff4954c6da4f6b1e6856b78ebc01 av_one_fifth  avia-builder-el-5  el_after_av_two_fifth  el_before_av_one_fifth  flex_column_div av-zero-column-padding  '     ><style type=\"text\/css\" data-created_by=\"avia_inline_auto\" id=\"style-css-av-jth2lhka-cb522a998b9fe22ff6408ecb2f81e394\">\n.avia-image-container.av-jth2lhka-cb522a998b9fe22ff6408ecb2f81e394 img.avia_image{\nbox-shadow:none;\n}\n.avia-image-container.av-jth2lhka-cb522a998b9fe22ff6408ecb2f81e394 .av-image-caption-overlay-center{\ncolor:#ffffff;\n}\n<\/style>\n<div  class='avia-image-container av-jth2lhka-cb522a998b9fe22ff6408ecb2f81e394 av-styling- avia-align-left  avia-builder-el-6  avia-builder-el-no-sibling '   itemprop=\"image\" itemscope=\"itemscope\" itemtype=\"https:\/\/schema.org\/ImageObject\" ><div class=\"avia-image-container-inner\"><div class=\"avia-image-overlay-wrap\"><img class='avia_image ' src='https:\/\/stockholmii.se\/wp-content\/uploads\/2019\/03\/REDDOT-winner.jpg' alt='' title='Redot Design Award Winner'  height=\"508\" width=\"688\"  itemprop=\"thumbnailUrl\"  \/><\/div><\/div><\/div><\/div>\n\n<style type=\"text\/css\" data-created_by=\"avia_inline_auto\" id=\"style-css-av-laaq-28513d9c8eac9972158f1dbc32a7d879\">\n.flex_column.av-laaq-28513d9c8eac9972158f1dbc32a7d879{\nborder-radius:0px 0px 0px 0px;\npadding:0px 0px 0px 0px;\n}\n<\/style>\n<div  class='flex_column av-laaq-28513d9c8eac9972158f1dbc32a7d879 av_one_fifth  avia-builder-el-7  el_after_av_one_fifth  el_before_av_one_fifth  flex_column_div av-zero-column-padding  '     ><style type=\"text\/css\" data-created_by=\"avia_inline_auto\" id=\"style-css-av-jth2dj5w-c9a8140b2290b3bc04b4676b3b8d830f\">\n.avia-image-container.av-jth2dj5w-c9a8140b2290b3bc04b4676b3b8d830f img.avia_image{\nbox-shadow:none;\n}\n.avia-image-container.av-jth2dj5w-c9a8140b2290b3bc04b4676b3b8d830f .av-image-caption-overlay-center{\ncolor:#ffffff;\n}\n<\/style>\n<div  class='avia-image-container av-jth2dj5w-c9a8140b2290b3bc04b4676b3b8d830f av-styling- avia-align-center  avia-builder-el-8  avia-builder-el-no-sibling '   itemprop=\"image\" itemscope=\"itemscope\" itemtype=\"https:\/\/schema.org\/ImageObject\" ><div class=\"avia-image-container-inner\"><div class=\"avia-image-overlay-wrap\"><img class='avia_image ' src='https:\/\/stockholmii.se\/wp-content\/uploads\/2019\/03\/excellent-120.png' alt='' title='Excellent Swedish Design'  height=\"120\" width=\"163\"  itemprop=\"thumbnailUrl\"  \/><\/div><\/div><\/div><\/div>\n\n<style type=\"text\/css\" data-created_by=\"avia_inline_auto\" id=\"style-css-av-59ovi-343ddf9b7b178a10b0b80e5089228433\">\n.flex_column.av-59ovi-343ddf9b7b178a10b0b80e5089228433{\nborder-radius:0px 0px 0px 0px;\npadding:0px 0px 0px 0px;\n}\n<\/style>\n<div  class='flex_column av-59ovi-343ddf9b7b178a10b0b80e5089228433 av_one_fifth  avia-builder-el-9  el_after_av_one_fifth  el_before_av_hr  flex_column_div av-zero-column-padding  '     ><style type=\"text\/css\" data-created_by=\"avia_inline_auto\" id=\"style-css-av-jth2nziw-668d0b29e3ccd414acc08bbf2636d02f\">\n.avia-image-container.av-jth2nziw-668d0b29e3ccd414acc08bbf2636d02f img.avia_image{\nbox-shadow:none;\n}\n.avia-image-container.av-jth2nziw-668d0b29e3ccd414acc08bbf2636d02f .av-image-caption-overlay-center{\ncolor:#ffffff;\n}\n<\/style>\n<div  class='avia-image-container av-jth2nziw-668d0b29e3ccd414acc08bbf2636d02f av-styling- avia-align-center  avia-builder-el-10  avia-builder-el-no-sibling '   itemprop=\"image\" itemscope=\"itemscope\" itemtype=\"https:\/\/schema.org\/ImageObject\" ><div class=\"avia-image-container-inner\"><div class=\"avia-image-overlay-wrap\"><img class='avia_image ' src='https:\/\/stockholmii.se\/wp-content\/uploads\/2019\/03\/REDDOT-best.jpg' alt='' title='Reddot Design Award Best of The Eest'  height=\"508\" width=\"688\"  itemprop=\"thumbnailUrl\"  \/><\/div><\/div><\/div><\/div>\n\n<style type=\"text\/css\" data-created_by=\"avia_inline_auto\" id=\"style-css-av-jth1scbw-b83626e0b2199a1b5781facdbdbe38a8\">\n#top .hr.av-jth1scbw-b83626e0b2199a1b5781facdbdbe38a8{\nmargin-top:5px;\nmargin-bottom:20px;\n}\n.hr.av-jth1scbw-b83626e0b2199a1b5781facdbdbe38a8 .hr-inner{\nwidth:100%;\nborder-color:#cccccc;\n}\n<\/style>\n<div  class='hr av-jth1scbw-b83626e0b2199a1b5781facdbdbe38a8 hr-custom  avia-builder-el-11  el_after_av_one_fifth  el_before_av_two_fifth  hr-center hr-icon-no'><span class='hr-inner inner-border-av-border-thin'><span class=\"hr-inner-style\"><\/span><\/span><\/div>\n\n<style type=\"text\/css\" data-created_by=\"avia_inline_auto\" id=\"style-css-av-gcd6-eaa73584f28fac6bf3d60dbf7b59720c\">\n.flex_column.av-gcd6-eaa73584f28fac6bf3d60dbf7b59720c{\nborder-radius:0px 0px 0px 0px;\npadding:0px 0px 0px 0px;\n}\n<\/style>\n<div  class='flex_column av-gcd6-eaa73584f28fac6bf3d60dbf7b59720c av_two_fifth  avia-builder-el-12  el_after_av_hr  el_before_av_two_fifth  first flex_column_div av-zero-column-padding  '     ><section  class='av_textblock_section av-jth2pf1v-68e18a39c0f61a1e784e39db36b50f35 '   itemscope=\"itemscope\" itemtype=\"https:\/\/schema.org\/CreativeWork\" ><div class='avia_textblock'  itemprop=\"text\" ><h3>Prisbel\u00f6nt svensk design<\/h3>\n<p>Incitamentet till museipallen kom ursprungligen fr\u00e5n Nationalmuseum i Stockholm. Man hade behov av ett hopf\u00e4llbart, stadigt och l\u00e4tt sitthj\u00e4lpmedel f\u00f6r sina bes\u00f6kare. En s\u00e5dan produkt hade de f\u00f6rg\u00e4ves s\u00f6kt p\u00e5 marknaden. Hans Ehrich, A&amp;E Design AB, s\u00e5g genast en m\u00f6jlighet att skapa en f\u00e4llpall med de \u00f6nskade egenskaperna och antog utmaningen. Resultatet blev museif\u00e4llpallen \u00ab\u00a0Stockholm II\u00a0\u00bb. Valet av tillverkare f\u00f6ll p\u00e5 Lectus i M\u00f6nster\u00e5s, som sedan 1995 haft ensamr\u00e4tten att tillverka \u00ab\u00a0Stockholm II\u00a0\u00bb-sortimentet.<\/p>\n<\/div><\/section><\/div>\n\n<style type=\"text\/css\" data-created_by=\"avia_inline_auto\" id=\"style-css-av-3s6by-0432dfb181129c65125d5e50cbef9b3f\">\n.flex_column.av-3s6by-0432dfb181129c65125d5e50cbef9b3f{\nborder-radius:0px 0px 0px 0px;\npadding:0px 0px 0px 0px;\n}\n<\/style>\n<div  class='flex_column av-3s6by-0432dfb181129c65125d5e50cbef9b3f av_two_fifth  avia-builder-el-14  el_after_av_two_fifth  el_before_av_one_fifth  flex_column_div av-zero-column-padding  '     ><section  class='av_textblock_section av-jth2q9kd-40d66b094654c458b08a8fe60b01783b '   itemscope=\"itemscope\" itemtype=\"https:\/\/schema.org\/CreativeWork\" ><div class='avia_textblock'  itemprop=\"text\" ><p>Pour illustrer le fait que le tabouret pliant n&rsquo;est pas seulement consid\u00e9r\u00e9 comme fonctionnel et pratique, mais aussi comme ayant des qualit\u00e9s esth\u00e9tiques, il fait \u00e9galement partie des collections permanentes de plusieurs mus\u00e9es. Les directeurs de mus\u00e9es nous ont dit \u00e0 maintes reprises qu&rsquo;ils \u00e9taient tr\u00e8s satisfaits de ce produit &#8211; ou comme l&rsquo;a dit un jour le directeur d&rsquo;un mus\u00e9e \u00e9tranger<em>: \u00ab\u00a0Nos visiteurs exigent que nous leur fournissions des tabourets pliants \u00ab Stockholm II \u00bb !<\/em><\/p>\n<\/div><\/section><\/div>\n\n<style type=\"text\/css\" data-created_by=\"avia_inline_auto\" id=\"style-css-av-36g5m-4e172ffb8621e392acfd58d77159a2e7\">\n.flex_column.av-36g5m-4e172ffb8621e392acfd58d77159a2e7{\nborder-radius:0px 0px 0px 0px;\npadding:0px 0px 0px 0px;\n}\n<\/style>\n<div  class='flex_column av-36g5m-4e172ffb8621e392acfd58d77159a2e7 av_one_fifth  avia-builder-el-16  el_after_av_two_fifth  el_before_av_hr  flex_column_div av-zero-column-padding  '     ><style type=\"text\/css\" data-created_by=\"avia_inline_auto\" id=\"style-css-av-jth2u49c-11ebad84d7953b9ab9cdbadb3d594ca3\">\n.avia-image-container.av-jth2u49c-11ebad84d7953b9ab9cdbadb3d594ca3 img.avia_image{\nbox-shadow:none;\n}\n.avia-image-container.av-jth2u49c-11ebad84d7953b9ab9cdbadb3d594ca3 .av-image-caption-overlay-center{\ncolor:#ffffff;\n}\n<\/style>\n<div  class='avia-image-container av-jth2u49c-11ebad84d7953b9ab9cdbadb3d594ca3 av-styling- av-img-linked avia-align-  avia-builder-el-17  avia-builder-el-no-sibling '   itemprop=\"image\" itemscope=\"itemscope\" itemtype=\"https:\/\/schema.org\/ImageObject\" ><div class=\"avia-image-container-inner\"><div class=\"avia-image-overlay-wrap\"><a href=\"http:\/\/www.aedesign.se\" class='avia_image '  target=\"_blank\"  rel=\"noopener noreferrer\" aria-label='A&amp;E Design'><img class='avia_image ' src='https:\/\/stockholmii.se\/wp-content\/uploads\/2019\/03\/A_E_design.png' alt='' title='A&amp;E Design'  height=\"646\" width=\"646\"  itemprop=\"thumbnailUrl\"  \/><\/a><\/div><\/div><\/div><\/div>\n\n<style type=\"text\/css\" data-created_by=\"avia_inline_auto\" id=\"style-css-av-jth1scbw-b83626e0b2199a1b5781facdbdbe38a8\">\n#top .hr.av-jth1scbw-b83626e0b2199a1b5781facdbdbe38a8{\nmargin-top:5px;\nmargin-bottom:20px;\n}\n.hr.av-jth1scbw-b83626e0b2199a1b5781facdbdbe38a8 .hr-inner{\nwidth:100%;\nborder-color:#cccccc;\n}\n<\/style>\n<div  class='hr av-jth1scbw-b83626e0b2199a1b5781facdbdbe38a8 hr-custom  avia-builder-el-18  el_after_av_one_fifth  el_before_av_one_full  hr-center hr-icon-no'><span class='hr-inner inner-border-av-border-thin'><span class=\"hr-inner-style\"><\/span><\/span><\/div>\n\n<style type=\"text\/css\" data-created_by=\"avia_inline_auto\" id=\"style-css-av-2hsyq-667ca878dd86b8cc8e5cb2cab28fc75b\">\n.flex_column.av-2hsyq-667ca878dd86b8cc8e5cb2cab28fc75b{\nborder-radius:0px 0px 0px 0px;\npadding:0px 0px 0px 0px;\n}\n<\/style>\n<div  class='flex_column av-2hsyq-667ca878dd86b8cc8e5cb2cab28fc75b av_one_full  avia-builder-el-19  el_after_av_hr  el_before_av_one_half  first flex_column_div av-zero-column-padding  '     ><div  class='avia-icon-list-container av-jth1zusm-a2eb5c5ed4c5712a37c0947f82784449  avia-builder-el-20  avia-builder-el-no-sibling '><ul class='avia-icon-list avia_animate_when_almost_visible avia-icon-list-left av-iconlist-big av-jth1zusm-a2eb5c5ed4c5712a37c0947f82784449 avia-iconlist-animate'>\n<li><div class='iconlist_icon av-vy66-642e2d6ebcec976023acc99b5eebd70b avia-font-entypo-fontello avia-iconfont avia-font-entypo-fontello'><span class='av-icon-char' data-av_icon='\ue8b1' data-av_iconfont='entypo-fontello' aria-hidden=\"true\"><\/span><\/div><article class=\"article-icon-entry \"  itemscope=\"itemscope\" itemtype=\"https:\/\/schema.org\/CreativeWork\" ><div class=\"iconlist_content_wrap\"><header class=\"entry-content-header\" aria-label=\"Ic\u00f4ne : Populaire dans le monde entier\"><h4 class='av_iconlist_title iconlist_title  '  itemprop=\"headline\" >Populaire dans le monde entier<\/h4><\/header><div class='iconlist_content '  itemprop=\"text\" ><p>STOCKHOLM II est repr\u00e9sent\u00e9 dans plus de 2500 mus\u00e9es dans plus de 50 pays. La liste ci-dessous est une s\u00e9lection de mus\u00e9es du monde entier qui mettent les palettes pliantes STOCKHOLM II \u00e0 la disposition de leurs visiteurs.<\/p>\n<\/div><\/div><footer class=\"entry-footer\"><\/footer><\/article><div class=\"iconlist-timeline\"><\/div><\/li>\n<\/ul><\/div><\/div>\n\n<style type=\"text\/css\" data-created_by=\"avia_inline_auto\" id=\"style-css-av-1m07m-ed5c8be81920d709862d73023444e0ec\">\n.flex_column.av-1m07m-ed5c8be81920d709862d73023444e0ec{\nborder-radius:0px 0px 0px 0px;\npadding:0px 0px 0px 0px;\n}\n<\/style>\n<div  class='flex_column av-1m07m-ed5c8be81920d709862d73023444e0ec av_one_half  avia-builder-el-21  el_after_av_one_full  el_before_av_one_half  first flex_column_div av-zero-column-padding  column-top-margin'     ><section  class='av_textblock_section av-jth1u9yn-dd011ea51874a41fa97805e998286946 '   itemscope=\"itemscope\" itemtype=\"https:\/\/schema.org\/CreativeWork\" ><div class='avia_textblock'  itemprop=\"text\" ><ul>\n<li>Artspace Mackay, Mackay QLD<\/li>\n<li>Dom Museum Wien, Vienne<\/li>\n<li>GUM- Mus\u00e9e de l&rsquo;Universit\u00e9 de Gand, Gand<\/li>\n<li>Mus\u00e9e royal de la Colombie-Britannique, Victoria (Colombie-Britannique)<\/li>\n<li>Mus\u00e9e des arts et de l&rsquo;artisanat, Zagreb<\/li>\n<li>Galerie A.G. Leventis, Nicosie<\/li>\n<li>Les collections Lobkowicz, Nelahozeves<\/li>\n<li>Tallinn Art Hall, Tallinn<\/li>\n<li>Mus\u00e9e Kymenlaakson, Kotka<\/li>\n<li>Centre Georges Pompidou, Paris<\/li>\n<li>Mus\u00e9e naval allemand, Wilhelmshaven<\/li>\n<li>Papasotiriou s.a. Librairie internationale, Ath\u00e8nes<\/li>\n<li>Mus\u00e9e national et archives du Groenland, Nuuk<\/li>\n<li>Mus\u00e9e d&rsquo;art de Hong Kong, Hong Kong<\/li>\n<li>Galerie d&rsquo;art M\u00fccsarnok, Budapest<\/li>\n<li>Mus\u00e9e d&rsquo;art de Reykjav\u00edk, Reykjav\u00edk<\/li>\n<li>14\u00e8me rue Henrietta, Dublin<\/li>\n<li>Mus\u00e9e d&rsquo;art de Tel Aviv, Tel Aviv<\/li>\n<li>Mus\u00e9e Centro Pecci, Prato<\/li>\n<\/ul>\n<\/div><\/section><\/div>\n<style type=\"text\/css\" data-created_by=\"avia_inline_auto\" id=\"style-css-av-2lou-cced11e2f495384b4b5cc48903cd272a\">\n.flex_column.av-2lou-cced11e2f495384b4b5cc48903cd272a{\nborder-radius:0px 0px 0px 0px;\npadding:0px 0px 0px 0px;\n}\n<\/style>\n<div  class='flex_column av-2lou-cced11e2f495384b4b5cc48903cd272a av_one_half  avia-builder-el-23  el_after_av_one_half  avia-builder-el-last  flex_column_div av-zero-column-padding  column-top-margin'     ><section  class='av_textblock_section av-jth1v7gm-d064159d6d4c9189a2dd6d8338fb6393 '   itemscope=\"itemscope\" itemtype=\"https:\/\/schema.org\/CreativeWork\" ><div class='avia_textblock'  itemprop=\"text\" ><ul>\n<li>Museum of Contemporary Art, Tokyo<\/li>\n<li>MO Museum, Vilnius<\/li>\n<li>Mus\u00e9e National d\u00b4Histoire Naturelle, Luxembourg<\/li>\n<li>Wereldmuseum, Rotterdam<\/li>\n<li>Te Manawa, Palmerston North, NZ<\/li>\n<li>Nordnorsk Kunstmuseum, Troms\u00f6<\/li>\n<li>National Museum in Wroclaw, Wroclaw<\/li>\n<li>Reitoria da Universidade de Lisboa, Lisbon<\/li>\n<li>National Museum in Belgrade<\/li>\n<li>Jewel, Singapore<\/li>\n<li>Slovak National Gallery, Bratislava<\/li>\n<li>Perfection Inc., Seoul<\/li>\n<li>Museu Nacional d\u00b4Art de Catalunya, Barcelona<\/li>\n<li>Stockholm University, Stockholm<\/li>\n<li>Centre Culturel du Manoir, Cologny<\/li>\n<li>National Museum of Taiwan History, Tainan<\/li>\n<li>ARTER, Beyoglu Istanbul<\/li>\n<li>The National Gallery, London<\/li>\n<li>SFMOMA, San Francisco CA<\/li>\n<\/ul>\n<\/div><\/section><\/div><\/p>\n","protected":false},"excerpt":{"rendered":"","protected":false},"author":1,"featured_media":0,"parent":0,"menu_order":0,"comment_status":"closed","ping_status":"closed","template":"","meta":{"footnotes":""},"class_list":["post-4398","page","type-page","status-publish","hentry"],"_links":{"self":[{"href":"https:\/\/stockholmii.se\/fr\/wp-json\/wp\/v2\/pages\/4398","targetHints":{"allow":["GET"]}}],"collection":[{"href":"https:\/\/stockholmii.se\/fr\/wp-json\/wp\/v2\/pages"}],"about":[{"href":"https:\/\/stockholmii.se\/fr\/wp-json\/wp\/v2\/types\/page"}],"author":[{"embeddable":true,"href":"https:\/\/stockholmii.se\/fr\/wp-json\/wp\/v2\/users\/1"}],"replies":[{"embeddable":true,"href":"https:\/\/stockholmii.se\/fr\/wp-json\/wp\/v2\/comments?post=4398"}],"version-history":[{"count":2,"href":"https:\/\/stockholmii.se\/fr\/wp-json\/wp\/v2\/pages\/4398\/revisions"}],"predecessor-version":[{"id":4405,"href":"https:\/\/stockholmii.se\/fr\/wp-json\/wp\/v2\/pages\/4398\/revisions\/4405"}],"wp:attachment":[{"href":"https:\/\/stockholmii.se\/fr\/wp-json\/wp\/v2\/media?parent=4398"}],"curies":[{"name":"wp","href":"https:\/\/api.w.org\/{rel}","templated":true}]}}