{"id":4385,"date":"2025-05-22T13:42:28","date_gmt":"2025-05-22T13:42:28","guid":{"rendered":"https:\/\/stockholmii.se\/faq-2\/"},"modified":"2025-05-22T13:42:28","modified_gmt":"2025-05-22T13:42:28","slug":"faq-2","status":"publish","type":"page","link":"https:\/\/stockholmii.se\/fr\/faq-2\/","title":{"rendered":"FAQ"},"content":{"rendered":"\n<style type=\"text\/css\" data-created_by=\"avia_inline_auto\" id=\"style-css-av-1yjekw-166f0a9a1314c5501714f2187eb480a4\">\n.flex_column.av-1yjekw-166f0a9a1314c5501714f2187eb480a4{\nborder-radius:0px 0px 0px 0px;\npadding:0px 0px 0px 0px;\n}\n<\/style>\n<div  class='flex_column av-1yjekw-166f0a9a1314c5501714f2187eb480a4 av_one_full  avia-builder-el-0  avia-builder-el-no-sibling  first flex_column_div av-zero-column-padding  '     ><section  class='av_textblock_section av-k6nq0ans-c01316e78c9d15ef606f5e3c8b7f94ef '   itemscope=\"itemscope\" itemtype=\"https:\/\/schema.org\/CreativeWork\" ><div class='avia_textblock'  itemprop=\"text\" ><h1>FAQ<\/h1>\n<\/div><\/section><br \/>\n<div  class='togglecontainer av-k6nqa3g6-2f8f631cc897f03c2565735e66a84967  avia-builder-el-2  el_after_av_textblock  el_before_av_hr  toggle_close_all' >\n<section class='av_toggle_section av-1qlzw0-c58adc71c294e96ed4f762a61890b72f'  itemscope=\"itemscope\" itemtype=\"https:\/\/schema.org\/CreativeWork\" ><div role=\"tablist\" class=\"single_toggle\" data-tags=\"{Tout} \"  ><p id='toggle-toggle-id-1' data-fake-id='#toggle-id-1' class='toggler  av-title-above '  itemprop=\"headline\"  role='tab' tabindex='0' aria-controls='toggle-id-1' data-slide-speed=\"200\" data-title=\"Pour quel poids d\u2019utilisateur vos palettes pliantes sont-elles con\u00e7ues ?\" data-title-open=\"\" data-aria_collapsed=\"Cliquez pour \u00e9tendre : Pour quel poids d\u2019utilisateur vos palettes pliantes sont-elles con\u00e7ues ?\" data-aria_expanded=\"Cliquez pour r\u00e9duire : Pour quel poids d\u2019utilisateur vos palettes pliantes sont-elles con\u00e7ues ?\">Pour quel poids d\u2019utilisateur vos palettes pliantes sont-elles con\u00e7ues ?<span class=\"toggle_icon\"><span class=\"vert_icon\"><\/span><span class=\"hor_icon\"><\/span><\/span><\/p><div id='toggle-id-1' aria-labelledby='toggle-toggle-id-1' role='region' class='toggle_wrap  av-title-above'  ><div class='toggle_content invers-color '  itemprop=\"text\" ><p><strong>Svar:<\/strong><\/p>\n<ul>\n<li>F\u00e4llpallen STOCKHOLM II \u00e4r testad och godk\u00e4nd av SP \u2013 Sveriges Tekniska forskningsinstitut enligt ISO 7173:1989 Furniture \u2013 Chairs and stools \u2013 Determination of strength and durability, f\u00f6r en anv\u00e4ndarvikt av 110 kg.<\/li>\n<li>F\u00e4llpallen NEW YORK \u00e4r testad och godk\u00e4nd enligt samma norm men f\u00f6r en anv\u00e4ndarvikt av 130 kg.<\/li>\n<li>F\u00e4llpallen CHICAGO och barnpallen SNUPI \u00e4r tillverkade av samma material och komponenter som anv\u00e4nds till STOCKHOLM II, men \u00e4r kompakta, och klarar en anv\u00e4ndarvikt p\u00e5 110 kg.<\/li>\n<\/ul>\n<\/div><\/div><\/div><\/section>\n<section class='av_toggle_section av-1l7nqw-147e819565ca32465f80bd19aa87e05a'  itemscope=\"itemscope\" itemtype=\"https:\/\/schema.org\/CreativeWork\" ><div role=\"tablist\" class=\"single_toggle\" data-tags=\"{Tout} \"  ><p id='toggle-toggle-id-2' data-fake-id='#toggle-id-2' class='toggler  av-title-above '  itemprop=\"headline\"  role='tab' tabindex='0' aria-controls='toggle-id-2' data-slide-speed=\"200\" data-title=\"Vos palettes pliantes peuvent-elles \u00eatre utilis\u00e9es \u00e0 l\u2019ext\u00e9rieur ?\" data-title-open=\"\" data-aria_collapsed=\"Cliquez pour \u00e9tendre : Vos palettes pliantes peuvent-elles \u00eatre utilis\u00e9es \u00e0 l\u2019ext\u00e9rieur ?\" data-aria_expanded=\"Cliquez pour r\u00e9duire : Vos palettes pliantes peuvent-elles \u00eatre utilis\u00e9es \u00e0 l\u2019ext\u00e9rieur ?\">Vos palettes pliantes peuvent-elles \u00eatre utilis\u00e9es \u00e0 l\u2019ext\u00e9rieur ?<span class=\"toggle_icon\"><span class=\"vert_icon\"><\/span><span class=\"hor_icon\"><\/span><\/span><\/p><div id='toggle-id-2' aria-labelledby='toggle-toggle-id-2' role='region' class='toggle_wrap  av-title-above'  ><div class='toggle_content invers-color '  itemprop=\"text\" ><p><strong>Svar:<\/strong><\/p>\n<ul>\n<li>F\u00e4llpallarna kan mycket v\u00e4l anv\u00e4ndas ute men b\u00f6r f\u00f6rvaras inomhus.<\/li>\n<li>Om f\u00e4llpallarna \u00e4r avsedda f\u00f6r permanent utomhusbruk rekommenderar vi att de lackeras med ett lager klarlack f\u00f6r att helt f\u00f6rsluta originallacken. Vi erbjuder detta mot ett pristill\u00e4gg.<\/li>\n<li>N\u00e4r f\u00e4llpallarna anv\u00e4nds ute \u00e4r det viktigt att de placeras p\u00e5 ett plant och stabilt underlag. Detta f\u00f6r att undvika att f\u00e4llpallen belastas oj\u00e4mnt. Extrem snedbelastning kan i v\u00e4rsta fall leda till deformation av f\u00e4llpallens underdel.<\/li>\n<li>Undvik att placera f\u00e4llpallen i t.ex. grus eller sand eftersom det kan leda till att lacken runt pallens plastfot kan repas.<\/li>\n<\/ul>\n<\/div><\/div><\/div><\/section>\n<section class='av_toggle_section av-1hi6yo-485b4f1030c2d03e55496e6dfa2f5629'  itemscope=\"itemscope\" itemtype=\"https:\/\/schema.org\/CreativeWork\" ><div role=\"tablist\" class=\"single_toggle\" data-tags=\"{Tout} \"  ><p id='toggle-toggle-id-3' data-fake-id='#toggle-id-3' class='toggler  av-title-above '  itemprop=\"headline\"  role='tab' tabindex='0' aria-controls='toggle-id-3' data-slide-speed=\"200\" data-title=\"Comment entretenir vos palettes pliantes ?\" data-title-open=\"\" data-aria_collapsed=\"Cliquez pour \u00e9tendre : Comment entretenir vos palettes pliantes ?\" data-aria_expanded=\"Cliquez pour r\u00e9duire : Comment entretenir vos palettes pliantes ?\">Comment entretenir vos palettes pliantes ?<span class=\"toggle_icon\"><span class=\"vert_icon\"><\/span><span class=\"hor_icon\"><\/span><\/span><\/p><div id='toggle-id-3' aria-labelledby='toggle-toggle-id-3' role='region' class='toggle_wrap  av-title-above'  ><div class='toggle_content invers-color '  itemprop=\"text\" ><p><strong>Svar:<\/strong> F\u00e4llpallarna kan vid behov g\u00f6ras rena med ljummet vatten, lite milt tv\u00e5ltv\u00e4ttmedel och en trasa.<\/p>\n<p><strong><span style=\"text-decoration: underline;\">OBS! L\u00f6sningsmedel eller kemikalier f\u00e5r inte anv\u00e4ndas!<\/span><\/strong><\/p>\n<p>Vid behov kan man justera friktionen i g\u00e5ngleden. Man tar d\u00e5 bort den plastplugg som sitter i g\u00e5ngleden och justerar bulten som h\u00e5ller ihop g\u00e5ngledshalvorna. F\u00f6r detta beh\u00f6vs en 6 mm. insexnyckel och en 13 mm. hylsnyckel.<\/p>\n<\/div><\/div><\/div><\/section>\n<section class='av_toggle_section av-4jkhk-012755f5021f05e2b8732c4e8ef23b20'  itemscope=\"itemscope\" itemtype=\"https:\/\/schema.org\/CreativeWork\" ><div role=\"tablist\" class=\"single_toggle\" data-tags=\"{Tout} \"  ><p id='toggle-toggle-id-4' data-fake-id='#toggle-id-4' class='toggler  av-title-above '  itemprop=\"headline\"  role='tab' tabindex='0' aria-controls='toggle-id-4' data-slide-speed=\"200\" data-title=\"Les pieds en plastique de la palette ou les roues du chariot peuvent-ils endommager le sol ?\" data-title-open=\"\" data-aria_collapsed=\"Cliquez pour \u00e9tendre : Les pieds en plastique de la palette ou les roues du chariot peuvent-ils endommager le sol ?\" data-aria_expanded=\"Cliquez pour r\u00e9duire : Les pieds en plastique de la palette ou les roues du chariot peuvent-ils endommager le sol ?\">Les pieds en plastique de la palette ou les roues du chariot peuvent-ils endommager le sol ?<span class=\"toggle_icon\"><span class=\"vert_icon\"><\/span><span class=\"hor_icon\"><\/span><\/span><\/p><div id='toggle-id-4' aria-labelledby='toggle-toggle-id-4' role='region' class='toggle_wrap  av-title-above'  ><div class='toggle_content invers-color '  itemprop=\"text\" ><p><strong> Svar:<\/strong> Ytterst osannolikt! B\u00e5de f\u00e4llpallens plastfot och trolleyhjulen har h\u00e5rdheten 90 Shore. Det \u00e4r s\u00e5 h\u00f6gt man kan g\u00e5 i h\u00e5rdhet utan att g\u00f6ra avkall p\u00e5 komfort och k\u00e4nsla. Detta eliminerar ocks\u00e5 risken f\u00f6r att plasten skulle \u201dbl\u00f6da\u201d, och l\u00e4mna n\u00e5gon form av m\u00e4rken p\u00e5 golvet.<\/p>\n<\/div><\/div><\/div><\/section>\n<section class='av_toggle_section av-11ozg8-88220b128756c8ad0a6ca08ea304fa45'  itemscope=\"itemscope\" itemtype=\"https:\/\/schema.org\/CreativeWork\" ><div role=\"tablist\" class=\"single_toggle\" data-tags=\"{Tout} \"  ><p id='toggle-toggle-id-5' data-fake-id='#toggle-id-5' class='toggler  av-title-above '  itemprop=\"headline\"  role='tab' tabindex='0' aria-controls='toggle-id-5' data-slide-speed=\"200\" data-title=\"Les palettes pliantes sont-elles ignifuges ?\" data-title-open=\"\" data-aria_collapsed=\"Cliquez pour \u00e9tendre : Les palettes pliantes sont-elles ignifuges ?\" data-aria_expanded=\"Cliquez pour r\u00e9duire : Les palettes pliantes sont-elles ignifuges ?\">Les palettes pliantes sont-elles ignifuges ?<span class=\"toggle_icon\"><span class=\"vert_icon\"><\/span><span class=\"hor_icon\"><\/span><\/span><\/p><div id='toggle-id-5' aria-labelledby='toggle-toggle-id-5' role='region' class='toggle_wrap  av-title-above'  ><div class='toggle_content invers-color '  itemprop=\"text\" ><p><strong>Svar:<\/strong> H\u00e4r m\u00e5ste man ha klart f\u00f6r sig att f\u00e4llpallens sits inte har n\u00e5gon stoppning! De brands\u00e4kerhetsregler som g\u00e4ller f\u00f6r m\u00f6bler avser m\u00f6bler med stoppning. Det finns d\u00e4rf\u00f6r ingen rimlig anledning att testa f\u00e4llpallarna utifr\u00e5n brands\u00e4kerhetssynpunkt.<br \/>\nGenerellt kan s\u00e4gas att pallens stativ \u00e4r tillverkat av aluminium. Aluminium sm\u00e4lter vid ca. 660 grader Celsius. Aluminium kan brinna men f\u00f6rst vid mycket h\u00f6g temperatur, \u00f6ver 2000 grader C. Vid utvecklad brand i ett rum kan temperaturen efter 30 minuter vara ca. 800 grader C. Vid en normal brand kommer d\u00e4rf\u00f6r r\u00f6rstativet att sm\u00e4lta.<br \/>\nV\u00e5ra f\u00e4llpallar \u00e4r pulverlackerade. De lackpulver vi anv\u00e4nder \u00e4r klassade som icke brandfarliga och \u00e4r inte giftiga.<br \/>\nSitsen \u00e4r tillverkad av en polyester kompositv\u00e4v av mycket h\u00f6g kvalitet. Vid en normal brand kommer sitsen att brinna och sm\u00e4lta. V\u00e5ra egna prov visar att det \u00e4r relativt sv\u00e5rt att ant\u00e4nda sitsen med \u00f6ppen l\u00e5ga, i v\u00e5rt fall gasbr\u00e4nnare. Sitsen brinner och sm\u00e4lter s\u00e5 l\u00e4nge den uts\u00e4tts f\u00f6r \u00f6ppen l\u00e5ga. N\u00e4r l\u00e5gan tas bort s\u00e5 slocknar sitsen. Sitsmaterialet \u00e4r dock inte klassat som \u201dnon flammable\u201d. Sitsv\u00e4ven inneh\u00e5ller d\u00e4rf\u00f6r inga bromerade flamskyddsmedel, vilket \u00e4r en f\u00f6rdel f\u00f6r v\u00e5r milj\u00f6! Materialets datablad anger en arbetstemperatur som str\u00e4cker sig fr\u00e5n -30 grader till +70 grader.<br \/>\nDe plastdetaljer som finns p\u00e5 f\u00e4llpallen \u00e4r tillverkade av TPE, Thermoplastic Elastomer. Materialet \u00e4r klassat som \u201dnon hazardous\u201d. Temperaturen f\u00f6r s\u00f6nderfall \u00e4r 260 grader C. Vid en normal brand\u00a0 kommer dessa att brinna. Precis som alla andra plaster avger de d\u00e5 gaser och r\u00f6k som \u00e4r giftiga. Den totala m\u00e4ngden plastdetaljer p\u00e5 en f\u00e4llpall \u00e4r starkt begr\u00e4nsad.<\/p>\n<\/div><\/div><\/div><\/section>\n<section class='av_toggle_section av-vvsl4-f4603052960c7eabd0e4beb3b499cd40'  itemscope=\"itemscope\" itemtype=\"https:\/\/schema.org\/CreativeWork\" ><div role=\"tablist\" class=\"single_toggle\" data-tags=\"{Tout} \"  ><p id='toggle-toggle-id-6' data-fake-id='#toggle-id-6' class='toggler  av-title-above '  itemprop=\"headline\"  role='tab' tabindex='0' aria-controls='toggle-id-6' data-slide-speed=\"200\" data-title=\"Le si\u00e8ge est-il interchangeable sur le STOCKHOLM II ?\" data-title-open=\"\" data-aria_collapsed=\"Cliquez pour \u00e9tendre : Le si\u00e8ge est-il interchangeable sur le STOCKHOLM II ?\" data-aria_expanded=\"Cliquez pour r\u00e9duire : Le si\u00e8ge est-il interchangeable sur le STOCKHOLM II ?\">Le si\u00e8ge est-il interchangeable sur le STOCKHOLM II ?<span class=\"toggle_icon\"><span class=\"vert_icon\"><\/span><span class=\"hor_icon\"><\/span><\/span><\/p><div id='toggle-id-6' aria-labelledby='toggle-toggle-id-6' role='region' class='toggle_wrap  av-title-above'  ><div class='toggle_content invers-color '  itemprop=\"text\" ><p><strong>Svar:<\/strong> Ja.<\/p>\n<p>STOCKHOLM II och CHICAGO \u00e4r de som l\u00e4mpar sig b\u00e4st f\u00f6r den h\u00e4ndige g\u00f6r-det-sj\u00e4lvaren.<\/p>\n<ol>\n<li>Vi f\u00f6resl\u00e5r att man l\u00e4gger pallen hopf\u00e4lld p\u00e5 ett bord. T\u00e4ck g\u00e4rna bordet med en handduk, badlakan eller liknande f\u00f6r att skydda b\u00e5de pallen och bordet. Notera redan nu hur sitsen sitter \u2013 med s\u00f6mmarna synliga n\u00e4r pallen \u00e4r hopf\u00e4lld!<\/li>\n<li>Anv\u00e4nd en 5 mm. insexnyckel f\u00f6r att lossa skruvarna (2 st.) som h\u00e5ller det \u00f6versta staget som g\u00e5r genom kanalen i sitsen. H\u00e5ll stagets ena \u00e4nde fixerad mot pallens stativr\u00f6r medan du f\u00f6rsiktigt f\u00f6r ner stagets andra \u00e4nde, ner mot g\u00e5ngleden. Lyft inte \u00e4nden upp\u00e5t utan l\u00e5t den f\u00f6lja stativr\u00f6ret ner mot g\u00e5ngleden. H\u00e4r kan det ibland beh\u00f6vas en andra person som f\u00f6rsiktigt vidgar gapet mellan stativr\u00f6ren f\u00f6r att staget inte skall repa lacken. Anv\u00e4nd inte v\u00e5ld f\u00f6r att \u00f6ka gapet mellan stativr\u00f6ren! Det kan leda till att g\u00e5ngleden spricker. G\u00e5ngleden \u00e4r stum och \u00e4r inte konstruerad f\u00f6r att ta upp h\u00f6g kraft i den riktningen.<\/li>\n<li>Ta ut staget ur kanalen i sitsen och l\u00e4gg staget \u00e5tsidan. V\u00e4nd sedan p\u00e5 pallen och demontera det andra staget p\u00e5 samma vis.<\/li>\n<li>Monteringen av den nya sitsen sker sedan i omv\u00e4nd ordning.<\/li>\n<li>Kom ih\u00e5g hur sitsen skall sitta \u2013 med s\u00f6mmarna synliga n\u00e4r pallen \u00e4r hopf\u00e4lld! S\u00e4tt bara i sitsskruvarna med fingerkraft n\u00e4r du s\u00e4tter stagen p\u00e5 plats.<\/li>\n<li>F\u00f6rst n\u00e4r b\u00e4gge stagen \u00e4r p\u00e5 plats drar man fast sitsskruvarna med insexnyckeln.<\/li>\n<\/ol>\n<p>Sitsen p\u00e5 NEW YORK-f\u00e4llpallen kan bytas p\u00e5 samma s\u00e4tt, men notera att NEW YORK \u00e4r tillverkad av gr\u00f6vre r\u00f6r i r\u00f6rstativet vilket g\u00f6r att det kan vara sv\u00e5rare att f\u00e5 ut stagen fr\u00e5n stativr\u00f6ren.<br \/>\nSNUPI barnpallen \u00e4r mycket kompakt och stativr\u00f6ren har korta rakstr\u00e4ckor. Ovan metod \u00e4r d\u00e4rf\u00f6r inte l\u00e4mplig f\u00f6r SNUPI.<\/p>\n<\/div><\/div><\/div><\/section>\n<section class='av_toggle_section av-r8rgw-1cf01b8e7aa0de8091788115ab7fd54f'  itemscope=\"itemscope\" itemtype=\"https:\/\/schema.org\/CreativeWork\" ><div role=\"tablist\" class=\"single_toggle\" data-tags=\"{Tout} \"  ><p id='toggle-toggle-id-7' data-fake-id='#toggle-id-7' class='toggler  av-title-above '  itemprop=\"headline\"  role='tab' tabindex='0' aria-controls='toggle-id-7' data-slide-speed=\"200\" data-title=\"Vos palettes pliantes sont-elles fabriqu\u00e9es \u00e0 la main ?\" data-title-open=\"\" data-aria_collapsed=\"Cliquez pour \u00e9tendre : Vos palettes pliantes sont-elles fabriqu\u00e9es \u00e0 la main ?\" data-aria_expanded=\"Cliquez pour r\u00e9duire : Vos palettes pliantes sont-elles fabriqu\u00e9es \u00e0 la main ?\">Vos palettes pliantes sont-elles fabriqu\u00e9es \u00e0 la main ?<span class=\"toggle_icon\"><span class=\"vert_icon\"><\/span><span class=\"hor_icon\"><\/span><\/span><\/p><div id='toggle-id-7' aria-labelledby='toggle-toggle-id-7' role='region' class='toggle_wrap  av-title-above'  ><div class='toggle_content invers-color '  itemprop=\"text\" ><p><strong>Svar:<\/strong> Ja, p\u00e5 s\u00e4tt och vis. Vi anv\u00e4nder givetvis maskiner i tillverkningen men v\u00e5r f\u00e4llpallsproduktion \u00e4r inte p\u00e5 n\u00e5got vis automatiserad. F\u00e4llpallarna tillverkas av aluminium, ett material som ibland kallas f\u00f6r \u201dthe living material.\u201d Trots att vi alltid anv\u00e4nder oss av material, med sedan tidigare fastlagda tekniska specifikationer, s\u00e5 kan vi ibland f\u00e5 mindre variationer i utfallet av de olika arbetsmomenten. F\u00f6r att kompensera f\u00f6r detta kan det kr\u00e4vas sm\u00e4rre justeringar under produktionens g\u00e5ng.<\/p>\n<\/div><\/div><\/div><\/section>\n<section class='av_toggle_section av-innds-202471b2a237b7e180041f876e9f22a2'  itemscope=\"itemscope\" itemtype=\"https:\/\/schema.org\/CreativeWork\" ><div role=\"tablist\" class=\"single_toggle\" data-tags=\"{Tout} \"  ><p id='toggle-toggle-id-8' data-fake-id='#toggle-id-8' class='toggler  av-title-above '  itemprop=\"headline\"  role='tab' tabindex='0' aria-controls='toggle-id-8' data-slide-speed=\"200\" data-title=\"Vos produits sont-ils fabriqu\u00e9s en Su\u00e8de ?\" data-title-open=\"\" data-aria_collapsed=\"Cliquez pour \u00e9tendre : Vos produits sont-ils fabriqu\u00e9s en Su\u00e8de ?\" data-aria_expanded=\"Cliquez pour r\u00e9duire : Vos produits sont-ils fabriqu\u00e9s en Su\u00e8de ?\">Vos produits sont-ils fabriqu\u00e9s en Su\u00e8de ?<span class=\"toggle_icon\"><span class=\"vert_icon\"><\/span><span class=\"hor_icon\"><\/span><\/span><\/p><div id='toggle-id-8' aria-labelledby='toggle-toggle-id-8' role='region' class='toggle_wrap  av-title-above'  ><div class='toggle_content invers-color '  itemprop=\"text\" ><p><strong>Svar:<\/strong> Ja. Vi har sedan introduktionen av STOCKHOLM II, 1995, de exklusiva r\u00e4ttigheterna till samtliga f\u00e4llpallsmodeller och tillbeh\u00f6r designade av A&amp;E Design i Stockholm.<\/p>\n<\/div><\/div><\/div><\/section>\n<section class='av_toggle_section av-eixzk-51272f249c8077c3f35beaef97be985b'  itemscope=\"itemscope\" itemtype=\"https:\/\/schema.org\/CreativeWork\" ><div role=\"tablist\" class=\"single_toggle\" data-tags=\"{Tout} \"  ><p id='toggle-toggle-id-9' data-fake-id='#toggle-id-9' class='toggler  av-title-above '  itemprop=\"headline\"  role='tab' tabindex='0' aria-controls='toggle-id-9' data-slide-speed=\"200\" data-title=\"Offrez-vous une garantie ?\" data-title-open=\"\" data-aria_collapsed=\"Cliquez pour \u00e9tendre : Offrez-vous une garantie ?\" data-aria_expanded=\"Cliquez pour r\u00e9duire : Offrez-vous une garantie ?\">Offrez-vous une garantie ?<span class=\"toggle_icon\"><span class=\"vert_icon\"><\/span><span class=\"hor_icon\"><\/span><\/span><\/p><div id='toggle-id-9' aria-labelledby='toggle-toggle-id-9' role='region' class='toggle_wrap  av-title-above'  ><div class='toggle_content invers-color '  itemprop=\"text\" ><p><strong>Svar:<\/strong> Ja. 12 m\u00e5naders garanti som g\u00e4ller material och produktionsfel.<\/p>\n<\/div><\/div><\/div><\/section>\n<section class='av_toggle_section av-bghwo-15b2e53def216d353f00a10435bbf8bc'  itemscope=\"itemscope\" itemtype=\"https:\/\/schema.org\/CreativeWork\" ><div role=\"tablist\" class=\"single_toggle\" data-tags=\"{Tout} \"  ><p id='toggle-toggle-id-10' data-fake-id='#toggle-id-10' class='toggler  av-title-above '  itemprop=\"headline\"  role='tab' tabindex='0' aria-controls='toggle-id-10' data-slide-speed=\"200\" data-title=\"Quelle est la dur\u00e9e de vie des palettes pliantes ?\" data-title-open=\"\" data-aria_collapsed=\"Cliquez pour \u00e9tendre : Quelle est la dur\u00e9e de vie des palettes pliantes ?\" data-aria_expanded=\"Cliquez pour r\u00e9duire : Quelle est la dur\u00e9e de vie des palettes pliantes ?\">Quelle est la dur\u00e9e de vie des palettes pliantes ?<span class=\"toggle_icon\"><span class=\"vert_icon\"><\/span><span class=\"hor_icon\"><\/span><\/span><\/p><div id='toggle-id-10' aria-labelledby='toggle-toggle-id-10' role='region' class='toggle_wrap  av-title-above'  ><div class='toggle_content invers-color '  itemprop=\"text\" ><p><strong>Svar:<\/strong> R\u00e4tt anv\u00e4nda och sk\u00f6tta s\u00e5 h\u00e5ller dom i m\u00e5nga \u00e5r. Det finns ett stort antal museer som har f\u00e4llpallar som \u00e4r 7-10 \u00e5r gamla.<\/p>\n<\/div><\/div><\/div><\/section>\n<\/div><br \/>\n<div  class='hr av-k6nqbv2u-687f4831b6e5520254fb14432f748579 hr-default  avia-builder-el-3  el_after_av_toggle_container  el_before_av_textblock '><span class='hr-inner '><span class=\"hr-inner-style\"><\/span><\/span><\/div><br \/>\n<section  class='av_textblock_section av-k6nqb3xs-3ed6e8cd2640c70969680947d8b8cd4d '   itemscope=\"itemscope\" itemtype=\"https:\/\/schema.org\/CreativeWork\" ><div class='avia_textblock'  itemprop=\"text\" ><p>M\u00f6nster\u00e5s, juni 2015 Lectus Produktion AB<\/p>\n<\/div><\/section><\/p><\/div>\n","protected":false},"excerpt":{"rendered":"","protected":false},"author":1,"featured_media":0,"parent":0,"menu_order":0,"comment_status":"closed","ping_status":"closed","template":"","meta":{"footnotes":""},"class_list":["post-4385","page","type-page","status-publish","hentry"],"_links":{"self":[{"href":"https:\/\/stockholmii.se\/fr\/wp-json\/wp\/v2\/pages\/4385","targetHints":{"allow":["GET"]}}],"collection":[{"href":"https:\/\/stockholmii.se\/fr\/wp-json\/wp\/v2\/pages"}],"about":[{"href":"https:\/\/stockholmii.se\/fr\/wp-json\/wp\/v2\/types\/page"}],"author":[{"embeddable":true,"href":"https:\/\/stockholmii.se\/fr\/wp-json\/wp\/v2\/users\/1"}],"replies":[{"embeddable":true,"href":"https:\/\/stockholmii.se\/fr\/wp-json\/wp\/v2\/comments?post=4385"}],"version-history":[{"count":2,"href":"https:\/\/stockholmii.se\/fr\/wp-json\/wp\/v2\/pages\/4385\/revisions"}],"predecessor-version":[{"id":4390,"href":"https:\/\/stockholmii.se\/fr\/wp-json\/wp\/v2\/pages\/4385\/revisions\/4390"}],"wp:attachment":[{"href":"https:\/\/stockholmii.se\/fr\/wp-json\/wp\/v2\/media?parent=4385"}],"curies":[{"name":"wp","href":"https:\/\/api.w.org\/{rel}","templated":true}]}}