{"id":4343,"date":"2025-05-22T13:42:16","date_gmt":"2025-05-22T13:42:16","guid":{"rendered":"https:\/\/stockholmii.se\/contactez-nous\/"},"modified":"2025-05-22T13:42:16","modified_gmt":"2025-05-22T13:42:16","slug":"contactez-nous","status":"publish","type":"page","link":"https:\/\/stockholmii.se\/fr\/contactez-nous\/","title":{"rendered":"Contactez nous"},"content":{"rendered":"\n<style type=\"text\/css\" data-created_by=\"avia_inline_auto\" id=\"style-css-av-6x4rv-441d5605c041c79c6e34e91ddc92f021\">\n.flex_column.av-6x4rv-441d5605c041c79c6e34e91ddc92f021{\nborder-radius:0px 0px 0px 0px;\npadding:0px 0px 0px 0px;\n}\n<\/style>\n<div  class='flex_column av-6x4rv-441d5605c041c79c6e34e91ddc92f021 av_one_full  avia-builder-el-0  el_before_av_one_half  avia-builder-el-first  first flex_column_div av-zero-column-padding  '     ><\/div>\n\n<style type=\"text\/css\" data-created_by=\"avia_inline_auto\" id=\"style-css-av-180ezn-ace4f3cae1ad7cb5f90c9078e8515b20\">\n.flex_column.av-180ezn-ace4f3cae1ad7cb5f90c9078e8515b20{\nborder-radius:0px 0px 0px 0px;\npadding:0px 0px 0px 0px;\n}\n<\/style>\n<div  class='flex_column av-180ezn-ace4f3cae1ad7cb5f90c9078e8515b20 av_one_half  avia-builder-el-2  el_after_av_one_full  el_before_av_one_half  first flex_column_div av-zero-column-padding  column-top-margin'     ><p>\n<style type=\"text\/css\" data-created_by=\"avia_inline_auto\" id=\"style-css-av-9qks3-807e581a67d42a479b8fe5965b3a5f7a\">\n#top .av-special-heading.av-9qks3-807e581a67d42a479b8fe5965b3a5f7a{\npadding-bottom:10px;\n}\nbody .av-special-heading.av-9qks3-807e581a67d42a479b8fe5965b3a5f7a .av-special-heading-tag .heading-char{\nfont-size:25px;\n}\n.av-special-heading.av-9qks3-807e581a67d42a479b8fe5965b3a5f7a .av-subheading{\nfont-size:15px;\n}\n<\/style>\n<div  class='av-special-heading av-9qks3-807e581a67d42a479b8fe5965b3a5f7a av-special-heading-h3 blockquote modern-quote  avia-builder-el-3  el_before_av_contact  avia-builder-el-first '><h3 class='av-special-heading-tag '  itemprop=\"headline\"  >Envoyez-nous un e-mail<\/h3><div class=\"special-heading-border\"><div class=\"special-heading-inner-border\"><\/div><\/div><\/div><br \/>\n<form action=\"https:\/\/stockholmii.se\/fr\/contactez-nous\/\" method=\"post\" data-fields-with-error=\"Erreurs trouv\u00e9es dans les champs suivants :\" class=\"avia_ajax_form av-form-labels-visible   avia-builder-el-4  el_after_av_heading  avia-builder-el-last   \" data-avia-form-id=\"1\" data-avia-redirect='' ><fieldset><p class='  first_form  form_element form_fullwidth' id='element_avia_1_1'><label for=\"avia_1_1\">Nom de l\u2019organisation <abbr class=\"required\" title=\"requis(e)\">*<\/abbr><\/label> <input name=\"avia_1_1\" class=\"text_input is_empty\" type=\"text\" id=\"avia_1_1\" value=\"\" \/><\/p><p class='  first_form  form_element form_fullwidth' id='element_avia_2_1'><label for=\"avia_2_1\">Courriel <abbr class=\"required\" title=\"requis(e)\">*<\/abbr><\/label> <input name=\"avia_2_1\" class=\"text_input is_email\" type=\"text\" id=\"avia_2_1\" value=\"\" \/><\/p><p class='  first_form  form_element form_fullwidth' id='element_avia_3_1'><label for=\"avia_3_1\">Sujet <abbr class=\"required\" title=\"requis(e)\">*<\/abbr><\/label> <input name=\"avia_3_1\" class=\"text_input is_empty\" type=\"text\" id=\"avia_3_1\" value=\"\" \/><\/p><p class='  first_form  form_element form_fullwidth' id='element_avia_4_1'><label for=\"avia_4_1\" class=\"textare_label hidden textare_label_avia_4_1\">Notification <abbr class=\"required\" title=\"requis(e)\">*<\/abbr><\/label><textarea  name=\"avia_4_1\" class=\"text_area is_empty\" cols=\"40\" rows=\"7\" id=\"avia_4_1\" ><\/textarea><\/p><p class=\"hidden\"><input type=\"text\" name=\"avia_5_1\" class=\"hidden \" id=\"avia_5_1\" value=\"\" \/><\/p><p class='   form_element form_fullwidth' id='element_avia_6_1'><span class='value_verifier_label'>2 + 6 = ?<\/span><input name=\"avia_6_1_verifier\" type=\"hidden\" id=\"avia_6_1_verifier\" value=\"517373518\"\/><label for=\"avia_6_1\">Merci de prouver que vous \u00eates un humain en donnant le r\u00e9sultat de cette op\u00e9ration <abbr class=\"required\" title=\"requis(e)\">*<\/abbr><\/label><input name=\"avia_6_1\" class=\"text_input captcha\" type=\"text\" id=\"avia_6_1\" value=\"\"\/><\/p><p class=\"form_element \"><input type=\"hidden\" value=\"1\" name=\"avia_generated_form1\" \/><input type=\"submit\" value=\"Soumettre\" class=\"button\"  data-sending-label=\"Envoi\"\/><\/p><\/fieldset><\/form><div id=\"ajaxresponse_1\" class=\"ajaxresponse ajaxresponse_1 hidden\"><\/div><\/p><\/div>\n<style type=\"text\/css\" data-created_by=\"avia_inline_auto\" id=\"style-css-av-axfzn-f91bea4380902ed7afc9186484618d6c\">\n.flex_column.av-axfzn-f91bea4380902ed7afc9186484618d6c{\nborder-radius:0px 0px 0px 0px;\npadding:0px 0px 0px 0px;\n}\n<\/style>\n<div  class='flex_column av-axfzn-f91bea4380902ed7afc9186484618d6c av_one_half  avia-builder-el-5  el_after_av_one_half  avia-builder-el-last  flex_column_div av-zero-column-padding  column-top-margin'     ><p>\n<style type=\"text\/css\" data-created_by=\"avia_inline_auto\" id=\"style-css-av-77nmr-a1ec70dc3dd053cf8c1aeeb6d0f8284b\">\n#top .av-special-heading.av-77nmr-a1ec70dc3dd053cf8c1aeeb6d0f8284b{\npadding-bottom:16px;\n}\nbody .av-special-heading.av-77nmr-a1ec70dc3dd053cf8c1aeeb6d0f8284b .av-special-heading-tag .heading-char{\nfont-size:25px;\n}\n.av-special-heading.av-77nmr-a1ec70dc3dd053cf8c1aeeb6d0f8284b .av-subheading{\nfont-size:15px;\n}\n<\/style>\n<div  class='av-special-heading av-77nmr-a1ec70dc3dd053cf8c1aeeb6d0f8284b av-special-heading-h3 blockquote modern-quote  avia-builder-el-6  el_before_av_icon_box  avia-builder-el-first  av-linked-heading'><h3 class='av-special-heading-tag '  itemprop=\"headline\"  >Coordonn\u00e9es de la personne \u00e0 contacter<\/h3><div class=\"special-heading-border\"><div class=\"special-heading-inner-border\"><\/div><\/div><\/div><br \/>\n<article  class='iconbox iconbox_left av-k6p6qlc9-0c76f941576b77f5b0c538c32cd84668  avia-builder-el-7  el_after_av_heading  el_before_av_icon_box '  itemscope=\"itemscope\" itemtype=\"https:\/\/schema.org\/CreativeWork\" ><div class=\"iconbox_content\"><header class=\"entry-content-header\" aria-label=\"Ic\u00f4ne : Contact direct\"><div class='iconbox_icon heading-color avia-iconfont avia-font-entypo-fontello' data-av_icon='' data-av_iconfont='entypo-fontello'  ><\/div><h3 class='iconbox_content_title '  itemprop=\"headline\" >Contact direct<\/h3><\/header><div class='iconbox_content_container '  itemprop=\"text\" ><p>Tel : 0499 &#8211; 448 44<\/p>\n<\/div><\/div><footer class=\"entry-footer\"><\/footer><\/article><br \/>\n<article  class='iconbox iconbox_left av-k6p6so0x-427f4f1ef46d76a11e4839d80ba57cfc  avia-builder-el-8  el_after_av_icon_box  avia-builder-el-last '  itemscope=\"itemscope\" itemtype=\"https:\/\/schema.org\/CreativeWork\" ><div class=\"iconbox_content\"><header class=\"entry-content-header\" aria-label=\"Ic\u00f4ne : Adresse\"><div class='iconbox_icon heading-color avia-iconfont avia-font-entypo-fontello' data-av_icon='\ue805' data-av_iconfont='entypo-fontello'  ><\/div><h3 class='iconbox_content_title '  itemprop=\"headline\" >Adresse<\/h3><\/header><div class='iconbox_content_container '  itemprop=\"text\" ><p>Lectus Produktion AB<br \/>\nVerkstadsgatan 2<br \/>\n383 36 M\u00f6nster\u00e5s<\/p>\n<\/div><\/div><footer class=\"entry-footer\"><\/footer><\/article><\/p><\/div><\/p>\n","protected":false},"excerpt":{"rendered":"","protected":false},"author":1,"featured_media":0,"parent":0,"menu_order":0,"comment_status":"closed","ping_status":"closed","template":"","meta":{"footnotes":""},"class_list":["post-4343","page","type-page","status-publish","hentry"],"_links":{"self":[{"href":"https:\/\/stockholmii.se\/fr\/wp-json\/wp\/v2\/pages\/4343","targetHints":{"allow":["GET"]}}],"collection":[{"href":"https:\/\/stockholmii.se\/fr\/wp-json\/wp\/v2\/pages"}],"about":[{"href":"https:\/\/stockholmii.se\/fr\/wp-json\/wp\/v2\/types\/page"}],"author":[{"embeddable":true,"href":"https:\/\/stockholmii.se\/fr\/wp-json\/wp\/v2\/users\/1"}],"replies":[{"embeddable":true,"href":"https:\/\/stockholmii.se\/fr\/wp-json\/wp\/v2\/comments?post=4343"}],"version-history":[{"count":2,"href":"https:\/\/stockholmii.se\/fr\/wp-json\/wp\/v2\/pages\/4343\/revisions"}],"predecessor-version":[{"id":4347,"href":"https:\/\/stockholmii.se\/fr\/wp-json\/wp\/v2\/pages\/4343\/revisions\/4347"}],"wp:attachment":[{"href":"https:\/\/stockholmii.se\/fr\/wp-json\/wp\/v2\/media?parent=4343"}],"curies":[{"name":"wp","href":"https:\/\/api.w.org\/{rel}","templated":true}]}}