{"id":2208,"date":"2019-03-20T10:42:49","date_gmt":"2019-03-20T10:42:49","guid":{"rendered":"https:\/\/nytt.stockholmii.se\/design-referenser\/"},"modified":"2021-08-29T13:46:30","modified_gmt":"2021-08-29T13:46:30","slug":"references","status":"publish","type":"page","link":"https:\/\/stockholmii.se\/en\/references\/","title":{"rendered":"Design &amp; References"},"content":{"rendered":"\n<style type=\"text\/css\" data-created_by=\"avia_inline_auto\" id=\"style-css-av-jth1b3i6-238b82a17fd2107721e07af041f781e6\">\n.avia-section.av-jth1b3i6-238b82a17fd2107721e07af041f781e6{\nbackground-repeat:no-repeat;\nbackground-image:url(https:\/\/stockholmii.se\/wp-content\/uploads\/2019\/03\/STOCKHOLM-Betong-1920px.jpg);\nbackground-position:100% 100%;\nbackground-attachment:scroll;\n}\n<\/style>\n<div id='refslider'  class='avia-section av-jth1b3i6-238b82a17fd2107721e07af041f781e6 main_color avia-section-default avia-no-shadow  avia-builder-el-0  el_before_av_two_fifth  avia-builder-el-first  avia-bg-style-scroll av-minimum-height av-minimum-height-custom av-height-custom  container_wrap sidebar_right'  data-section-bg-repeat='no-repeat' data-av_minimum_height_px='550'><div class=\"av-section-color-overlay-wrap\"><a href='#next-section' title='' class='scroll-down-link  avia-svg-icon avia-font-svg_entypo-fontello' data-av_svg_icon='down-open-mini' data-av_iconset='svg_entypo-fontello'><svg version=\"1.1\" xmlns=\"http:\/\/www.w3.org\/2000\/svg\" width=\"15\" height=\"32\" viewBox=\"0 0 15 32\" preserveAspectRatio=\"xMidYMid meet\" aria-labelledby='av-svg-title-1' aria-describedby='av-svg-desc-1' role=\"graphics-symbol\" aria-hidden=\"true\">\n<title id='av-svg-title-1'>Scroll to next section<\/title>\n<desc id='av-svg-desc-1'>Scroll to next section<\/desc>\n<path d=\"M12.96 12.16q0.704-0.832 1.536 0 0.832 0.704 0 1.536l-6.272 6.144q-0.704 0.704-1.536 0l-6.272-6.144q-0.832-0.832 0-1.536 0.768-0.768 1.6 0l5.44 4.992z\"><\/path>\n<\/svg><\/a><div class='container av-section-cont-open' style='height:550px'><main  role=\"main\" itemprop=\"mainContentOfPage\"  class='template-page content  av-content-small alpha units'><div class='post-entry post-entry-type-page post-entry-2208'><div class='entry-content-wrapper clearfix'>\n\n<style type=\"text\/css\" data-created_by=\"avia_inline_auto\" id=\"style-css-av-7w53u-240df79e96f8d49a1112a19ae02b54c6\">\n.flex_column.av-7w53u-240df79e96f8d49a1112a19ae02b54c6{\nborder-radius:0px 0px 0px 0px;\npadding:0px 0px 0px 0px;\n}\n<\/style>\n<div  class='flex_column av-7w53u-240df79e96f8d49a1112a19ae02b54c6 av_one_half  avia-builder-el-1  avia-builder-el-no-sibling  first flex_column_div av-zero-column-padding  '     ><style type=\"text\/css\" data-created_by=\"avia_inline_auto\" id=\"style-css-av-jth1n6xd-c081bfd322da9411d3de62969f64b322\">\n.avia_message_box.av-jth1n6xd-c081bfd322da9411d3de62969f64b322{\nbackground-color:#545454;\ncolor:#f2f2f2;\n}\n.avia_message_box.av-jth1n6xd-c081bfd322da9411d3de62969f64b322 .avia_message_box_icon.avia-svg-icon svg:first-child{\nfill:#f2f2f2;\nstroke:#f2f2f2;\n}\n<\/style>\n<div id='avia-messagebox-' class='avia_message_box av_notification av-jth1n6xd-c081bfd322da9411d3de62969f64b322 avia-color-custom avia-size-large avia-icon_select-no avia-border-  avia-builder-el-2  avia-builder-el-no-sibling ' ><div class=\"avia_message_box_content\"><p>The STOCKHOLM II folding stool is widely appreciated, proven by the the fact that it is represented in approx. 1.500 museums in more than 50 countries. STOCKHOLM II has received outstanding design awards, and is part of the permanent collection at MoMA, New York.<\/p>\n<\/div><\/div><\/div><\/div><\/div><\/main><!-- close content main element --><\/div><\/div><\/div><div id='after_section_1'  class='main_color av_default_container_wrap container_wrap sidebar_right'  ><div class='container av-section-cont-open' ><div class='template-page content  av-content-small alpha units'><div class='post-entry post-entry-type-page post-entry-2208'><div class='entry-content-wrapper clearfix'>\n<style type=\"text\/css\" data-created_by=\"avia_inline_auto\" id=\"style-css-av-7dw0a-b13dc83bd5d1397850ad1ea14c8d204f\">\n.flex_column.av-7dw0a-b13dc83bd5d1397850ad1ea14c8d204f{\nborder-radius:0px 0px 0px 0px;\npadding:0px 0px 0px 0px;\n}\n<\/style>\n<div  class='flex_column av-7dw0a-b13dc83bd5d1397850ad1ea14c8d204f av_two_fifth  avia-builder-el-3  el_after_av_section  el_before_av_one_fifth  avia-builder-el-first  first flex_column_div av-zero-column-padding  '     ><div  class='avia-icon-list-container av-jth23tuu-8b51334dd4f2c75119ce212e00ea4f2e  avia-builder-el-4  avia-builder-el-no-sibling '><ul class='avia-icon-list avia_animate_when_almost_visible avia-icon-list-left av-iconlist-big av-jth23tuu-8b51334dd4f2c75119ce212e00ea4f2e avia-iconlist-animate'>\n<li><div class='iconlist_icon av-6puhy-5760f6d43b84f2d8356aa686609c1904 avia-font-entypo-fontello avia-iconfont avia-font-entypo-fontello'><span class='av-icon-char' data-av_icon='\ue8a8' data-av_iconfont='entypo-fontello' aria-hidden=\"true\"><\/span><\/div><article class=\"article-icon-entry \"  itemscope=\"itemscope\" itemtype=\"https:\/\/schema.org\/CreativeWork\" ><div class=\"iconlist_content_wrap\"><header class=\"entry-content-header\" aria-label=\"Icon: A proud winner\"><h4 class='av_iconlist_title iconlist_title  '  itemprop=\"headline\" >A proud winner<\/h4><\/header><div class='iconlist_content '  itemprop=\"text\" ><p><strong>Utm\u00e4rkelser:<\/strong><\/p>\n<ul>\n<li>Red Dot Design Award &#8211; winner<\/li>\n<li>Red Dot Design Award &#8211; Best of the Best<\/li>\n<li>Utm\u00e4rkt Svensk Form<\/li>\n<\/ul>\n<p><strong>Design:<\/strong>\u00a0 A&amp;E Design, Stockholm<\/p>\n<\/div><\/div><footer class=\"entry-footer\"><\/footer><\/article><div class=\"iconlist-timeline\"><\/div><\/li>\n<\/ul><\/div><\/div><\/p>\n\n<style type=\"text\/css\" data-created_by=\"avia_inline_auto\" id=\"style-css-av-69obm-30e7ff4954c6da4f6b1e6856b78ebc01\">\n.flex_column.av-69obm-30e7ff4954c6da4f6b1e6856b78ebc01{\nborder-radius:0px 0px 0px 0px;\npadding:0px 0px 0px 0px;\n}\n<\/style>\n<div  class='flex_column av-69obm-30e7ff4954c6da4f6b1e6856b78ebc01 av_one_fifth  avia-builder-el-5  el_after_av_two_fifth  el_before_av_one_fifth  flex_column_div av-zero-column-padding  '     ><style type=\"text\/css\" data-created_by=\"avia_inline_auto\" id=\"style-css-av-jth2lhka-d1e10716ae89e8df4c568d82976b495e\">\n.avia-image-container.av-jth2lhka-d1e10716ae89e8df4c568d82976b495e img.avia_image{\nbox-shadow:none;\n}\n.avia-image-container.av-jth2lhka-d1e10716ae89e8df4c568d82976b495e .av-image-caption-overlay-center{\ncolor:#ffffff;\n}\n<\/style>\n<div  class='avia-image-container av-jth2lhka-d1e10716ae89e8df4c568d82976b495e av-styling- avia-align-left  avia-builder-el-6  avia-builder-el-no-sibling '   itemprop=\"image\" itemscope=\"itemscope\" itemtype=\"https:\/\/schema.org\/ImageObject\" ><div class=\"avia-image-container-inner\"><div class=\"avia-image-overlay-wrap\"><img class='avia_image ' src='https:\/\/stockholmii.se\/wp-content\/uploads\/2019\/03\/REDDOT-winner.jpg' alt='Redot Design Award Winner' title='Redot Design Award Winner'  height=\"508\" width=\"688\"  itemprop=\"thumbnailUrl\"  \/><\/div><\/div><\/div><\/div>\n\n<style type=\"text\/css\" data-created_by=\"avia_inline_auto\" id=\"style-css-av-laaq-28513d9c8eac9972158f1dbc32a7d879\">\n.flex_column.av-laaq-28513d9c8eac9972158f1dbc32a7d879{\nborder-radius:0px 0px 0px 0px;\npadding:0px 0px 0px 0px;\n}\n<\/style>\n<div  class='flex_column av-laaq-28513d9c8eac9972158f1dbc32a7d879 av_one_fifth  avia-builder-el-7  el_after_av_one_fifth  el_before_av_one_fifth  flex_column_div av-zero-column-padding  '     ><style type=\"text\/css\" data-created_by=\"avia_inline_auto\" id=\"style-css-av-jth2dj5w-cce34c3de39721f700829219f878f831\">\n.avia-image-container.av-jth2dj5w-cce34c3de39721f700829219f878f831 img.avia_image{\nbox-shadow:none;\n}\n.avia-image-container.av-jth2dj5w-cce34c3de39721f700829219f878f831 .av-image-caption-overlay-center{\ncolor:#ffffff;\n}\n<\/style>\n<div  class='avia-image-container av-jth2dj5w-cce34c3de39721f700829219f878f831 av-styling- avia-align-center  avia-builder-el-8  avia-builder-el-no-sibling '   itemprop=\"image\" itemscope=\"itemscope\" itemtype=\"https:\/\/schema.org\/ImageObject\" ><div class=\"avia-image-container-inner\"><div class=\"avia-image-overlay-wrap\"><img class='avia_image ' src='https:\/\/stockholmii.se\/wp-content\/uploads\/2019\/03\/excellent-120.png' alt='Excellent Swedish Design' title='Excellent Swedish Design'  height=\"120\" width=\"163\"  itemprop=\"thumbnailUrl\"  \/><\/div><\/div><\/div><\/div>\n\n<style type=\"text\/css\" data-created_by=\"avia_inline_auto\" id=\"style-css-av-59ovi-343ddf9b7b178a10b0b80e5089228433\">\n.flex_column.av-59ovi-343ddf9b7b178a10b0b80e5089228433{\nborder-radius:0px 0px 0px 0px;\npadding:0px 0px 0px 0px;\n}\n<\/style>\n<div  class='flex_column av-59ovi-343ddf9b7b178a10b0b80e5089228433 av_one_fifth  avia-builder-el-9  el_after_av_one_fifth  el_before_av_hr  flex_column_div av-zero-column-padding  '     ><style type=\"text\/css\" data-created_by=\"avia_inline_auto\" id=\"style-css-av-jth2nziw-4d21cffccf6ad5d9c549be48a7438eff\">\n.avia-image-container.av-jth2nziw-4d21cffccf6ad5d9c549be48a7438eff img.avia_image{\nbox-shadow:none;\n}\n.avia-image-container.av-jth2nziw-4d21cffccf6ad5d9c549be48a7438eff .av-image-caption-overlay-center{\ncolor:#ffffff;\n}\n<\/style>\n<div  class='avia-image-container av-jth2nziw-4d21cffccf6ad5d9c549be48a7438eff av-styling- avia-align-center  avia-builder-el-10  avia-builder-el-no-sibling '   itemprop=\"image\" itemscope=\"itemscope\" itemtype=\"https:\/\/schema.org\/ImageObject\" ><div class=\"avia-image-container-inner\"><div class=\"avia-image-overlay-wrap\"><img class='avia_image ' src='https:\/\/stockholmii.se\/wp-content\/uploads\/2019\/03\/REDDOT-best.jpg' alt='' title='Reddot Design Award Best of The Eest'  height=\"508\" width=\"688\"  itemprop=\"thumbnailUrl\"  \/><\/div><\/div><\/div><\/div>\n\n<style type=\"text\/css\" data-created_by=\"avia_inline_auto\" id=\"style-css-av-jth1scbw-b83626e0b2199a1b5781facdbdbe38a8\">\n#top .hr.av-jth1scbw-b83626e0b2199a1b5781facdbdbe38a8{\nmargin-top:5px;\nmargin-bottom:20px;\n}\n.hr.av-jth1scbw-b83626e0b2199a1b5781facdbdbe38a8 .hr-inner{\nwidth:100%;\nborder-color:#cccccc;\n}\n<\/style>\n<div  class='hr av-jth1scbw-b83626e0b2199a1b5781facdbdbe38a8 hr-custom  avia-builder-el-11  el_after_av_one_fifth  el_before_av_two_fifth  hr-center hr-icon-no'><span class='hr-inner inner-border-av-border-thin'><span class=\"hr-inner-style\"><\/span><\/span><\/div>\n\n<style type=\"text\/css\" data-created_by=\"avia_inline_auto\" id=\"style-css-av-gcd6-eaa73584f28fac6bf3d60dbf7b59720c\">\n.flex_column.av-gcd6-eaa73584f28fac6bf3d60dbf7b59720c{\nborder-radius:0px 0px 0px 0px;\npadding:0px 0px 0px 0px;\n}\n<\/style>\n<div  class='flex_column av-gcd6-eaa73584f28fac6bf3d60dbf7b59720c av_two_fifth  avia-builder-el-12  el_after_av_hr  el_before_av_two_fifth  first flex_column_div av-zero-column-padding  '     ><section  class='av_textblock_section av-jth2pf1v-04607e9181f1e77ccdadc08df7706c93 '   itemscope=\"itemscope\" itemtype=\"https:\/\/schema.org\/CreativeWork\" ><div class='avia_textblock'  itemprop=\"text\" ><h3>Swedish design<\/h3>\n<p>The impulse for the museum stool, originally, was given by the National Museum in Stockholm. They needed a stable, light and foldable sitting aid for their visitors. Such a product they had &#8211; in vain &#8211; been looking for, on the market, for a long time. Hans Ehrich from A&amp;E Design AB, immediately, saw a possibility to create a folding stool with the requested qualities, and accepted the challenge ! The result was the museum folding stool &#8220;Stockholm II&#8221;. As manufacturer of the stool, the Lectus company in M\u00f6nster\u00e5s was chosen, which, since 1995, has the exclusive rights to produce the complete range of &#8220;Stockholm II&#8221;- products.<\/p>\n<\/div><\/section><\/div>\n<style type=\"text\/css\" data-created_by=\"avia_inline_auto\" id=\"style-css-av-3s6by-0432dfb181129c65125d5e50cbef9b3f\">\n.flex_column.av-3s6by-0432dfb181129c65125d5e50cbef9b3f{\nborder-radius:0px 0px 0px 0px;\npadding:0px 0px 0px 0px;\n}\n<\/style>\n<div  class='flex_column av-3s6by-0432dfb181129c65125d5e50cbef9b3f av_two_fifth  avia-builder-el-14  el_after_av_two_fifth  el_before_av_one_fifth  flex_column_div av-zero-column-padding  '     ><section  class='av_textblock_section av-jth2q9kd-b11725025e6700d9aec3408a4da1762e '   itemscope=\"itemscope\" itemtype=\"https:\/\/schema.org\/CreativeWork\" ><div class='avia_textblock'  itemprop=\"text\" ><p>The fact that this folding stool is not only regarded as useful and efficient, but also has significant aesthetic qualities, is proved by the circumstance that it is also part of the permanent collections of many museums. Repeatedly, we have heard from directors of museums that they are very satisfied with this product &#8211; or, as the director of a foreign museum once said to us : &#8220;Our visitors demand that we provide them with &#8220;Stockholm II&#8221;-folding stools !&#8221;<\/p>\n<\/div><\/section><\/div>\n<style type=\"text\/css\" data-created_by=\"avia_inline_auto\" id=\"style-css-av-36g5m-4e172ffb8621e392acfd58d77159a2e7\">\n.flex_column.av-36g5m-4e172ffb8621e392acfd58d77159a2e7{\nborder-radius:0px 0px 0px 0px;\npadding:0px 0px 0px 0px;\n}\n<\/style>\n<div  class='flex_column av-36g5m-4e172ffb8621e392acfd58d77159a2e7 av_one_fifth  avia-builder-el-16  el_after_av_two_fifth  el_before_av_hr  flex_column_div av-zero-column-padding  '     ><style type=\"text\/css\" data-created_by=\"avia_inline_auto\" id=\"style-css-av-jth2u49c-67708ddbeacac300b81a9af2309e453c\">\n.avia-image-container.av-jth2u49c-67708ddbeacac300b81a9af2309e453c img.avia_image{\nbox-shadow:none;\n}\n.avia-image-container.av-jth2u49c-67708ddbeacac300b81a9af2309e453c .av-image-caption-overlay-center{\ncolor:#ffffff;\n}\n<\/style>\n<div  class='avia-image-container av-jth2u49c-67708ddbeacac300b81a9af2309e453c av-styling- av-img-linked avia-align-  avia-builder-el-17  avia-builder-el-no-sibling '   itemprop=\"image\" itemscope=\"itemscope\" itemtype=\"https:\/\/schema.org\/ImageObject\" ><div class=\"avia-image-container-inner\"><div class=\"avia-image-overlay-wrap\"><a href=\"http:\/\/www.aedesign.se\" class='avia_image '  target=\"_blank\"  rel=\"noopener noreferrer\" aria-label='A&amp;E Design'><img class='avia_image ' src='https:\/\/stockholmii.se\/wp-content\/uploads\/2019\/03\/A_E_design.png' alt='A&amp;E Design' title='A&amp;E Design'  height=\"646\" width=\"646\"  itemprop=\"thumbnailUrl\"  \/><\/a><\/div><\/div><\/div><\/div><\/p>\n\n<style type=\"text\/css\" data-created_by=\"avia_inline_auto\" id=\"style-css-av-jth1scbw-b83626e0b2199a1b5781facdbdbe38a8\">\n#top .hr.av-jth1scbw-b83626e0b2199a1b5781facdbdbe38a8{\nmargin-top:5px;\nmargin-bottom:20px;\n}\n.hr.av-jth1scbw-b83626e0b2199a1b5781facdbdbe38a8 .hr-inner{\nwidth:100%;\nborder-color:#cccccc;\n}\n<\/style>\n<div  class='hr av-jth1scbw-b83626e0b2199a1b5781facdbdbe38a8 hr-custom  avia-builder-el-18  el_after_av_one_fifth  el_before_av_one_full  hr-center hr-icon-no'><span class='hr-inner inner-border-av-border-thin'><span class=\"hr-inner-style\"><\/span><\/span><\/div>\n\n<style type=\"text\/css\" data-created_by=\"avia_inline_auto\" id=\"style-css-av-2hsyq-667ca878dd86b8cc8e5cb2cab28fc75b\">\n.flex_column.av-2hsyq-667ca878dd86b8cc8e5cb2cab28fc75b{\nborder-radius:0px 0px 0px 0px;\npadding:0px 0px 0px 0px;\n}\n<\/style>\n<div  class='flex_column av-2hsyq-667ca878dd86b8cc8e5cb2cab28fc75b av_one_full  avia-builder-el-19  el_after_av_hr  el_before_av_one_half  first flex_column_div av-zero-column-padding  '     ><div  class='avia-icon-list-container av-jth1zusm-a2eb5c5ed4c5712a37c0947f82784449  avia-builder-el-20  avia-builder-el-no-sibling '><ul class='avia-icon-list avia_animate_when_almost_visible avia-icon-list-left av-iconlist-big av-jth1zusm-a2eb5c5ed4c5712a37c0947f82784449 avia-iconlist-animate'>\n<li><div class='iconlist_icon av-vy66-e60990b2b5308d91133eebd48b744f28 avia-font-entypo-fontello avia-iconfont avia-font-entypo-fontello'><span class='av-icon-char' data-av_icon='\ue8b1' data-av_iconfont='entypo-fontello' aria-hidden=\"true\"><\/span><\/div><article class=\"article-icon-entry \"  itemscope=\"itemscope\" itemtype=\"https:\/\/schema.org\/CreativeWork\" ><div class=\"iconlist_content_wrap\"><header class=\"entry-content-header\" aria-label=\"Icon: Popular all over the world\"><h4 class='av_iconlist_title iconlist_title  '  itemprop=\"headline\" >Popular all over the world<\/h4><\/header><div class='iconlist_content '  itemprop=\"text\" ><p>STOCKHOLM II \u00e4r representerad p\u00e5 mer \u00e4n 2500 museer i \u00f6ver 50 l\u00e4nder. Listan nedan \u00e4r ett axplock \u00f6ver museum v\u00e4rlden \u00f6ver som tillhandah\u00e5ller STOCKHOLM II f\u00e4llpallar till sina bes\u00f6kare.<\/p>\n<\/div><\/div><footer class=\"entry-footer\"><\/footer><\/article><div class=\"iconlist-timeline\"><\/div><\/li>\n<\/ul><\/div><\/div>\n\n<style type=\"text\/css\" data-created_by=\"avia_inline_auto\" id=\"style-css-av-1m07m-ed5c8be81920d709862d73023444e0ec\">\n.flex_column.av-1m07m-ed5c8be81920d709862d73023444e0ec{\nborder-radius:0px 0px 0px 0px;\npadding:0px 0px 0px 0px;\n}\n<\/style>\n<div  class='flex_column av-1m07m-ed5c8be81920d709862d73023444e0ec av_one_half  avia-builder-el-21  el_after_av_one_full  el_before_av_one_half  first flex_column_div av-zero-column-padding  column-top-margin'     ><section  class='av_textblock_section av-jth1u9yn-dd011ea51874a41fa97805e998286946 '   itemscope=\"itemscope\" itemtype=\"https:\/\/schema.org\/CreativeWork\" ><div class='avia_textblock'  itemprop=\"text\" ><ul>\n<li>Artspace Mackay, Mackay QLD<\/li>\n<li>Dom Museum Wien, Vienna<\/li>\n<li>GUM- Gents Universitetsmuseum, Gent<\/li>\n<li>Royal BC Museum, Victoria BC<\/li>\n<li>Museum of Arts and Crafts, Zagreb<\/li>\n<li>The A.G. Leventis Gallery, Nicosia<\/li>\n<li>The Lobkowicz Collections, Nelahozeves<\/li>\n<li>Tallinn Art Hall, Tallinn<\/li>\n<li>Kymenlaakson museo, Kotka<\/li>\n<li>Centre Georges Pompidou, Paris<\/li>\n<li>Deutsches Marinemuseum, Wilhelmshaven<\/li>\n<li>Papasotiriou s.a. International bookstore, Athens<\/li>\n<li>Greenland National Museum and Archives, Nuuk<\/li>\n<li>Hong Kong Museum of Art, Hong Kong<\/li>\n<li>M\u00fccsarnok Kunsthalle, Budapest<\/li>\n<li>Reykjav\u00edk Art Museum, Reykjav\u00edk<\/li>\n<li>14th Henrietta Street, Dublin<\/li>\n<li>Tel Aviv Museum of Art, Tel Aviv<\/li>\n<li>Centro Pecci Museum, Prato<\/li>\n<\/ul>\n<\/div><\/section><\/div>\n\n<style type=\"text\/css\" data-created_by=\"avia_inline_auto\" id=\"style-css-av-2lou-cced11e2f495384b4b5cc48903cd272a\">\n.flex_column.av-2lou-cced11e2f495384b4b5cc48903cd272a{\nborder-radius:0px 0px 0px 0px;\npadding:0px 0px 0px 0px;\n}\n<\/style>\n<div  class='flex_column av-2lou-cced11e2f495384b4b5cc48903cd272a av_one_half  avia-builder-el-23  el_after_av_one_half  avia-builder-el-last  flex_column_div av-zero-column-padding  column-top-margin'     ><section  class='av_textblock_section av-jth1v7gm-d064159d6d4c9189a2dd6d8338fb6393 '   itemscope=\"itemscope\" itemtype=\"https:\/\/schema.org\/CreativeWork\" ><div class='avia_textblock'  itemprop=\"text\" ><ul>\n<li>Museum of Contemporary Art, Tokyo<\/li>\n<li>MO Museum, Vilnius<\/li>\n<li>Mus\u00e9e National d\u00b4Histoire Naturelle, Luxembourg<\/li>\n<li>Wereldmuseum, Rotterdam<\/li>\n<li>Te Manawa, Palmerston North, NZ<\/li>\n<li>Nordnorsk Kunstmuseum, Troms\u00f6<\/li>\n<li>National Museum in Wroclaw, Wroclaw<\/li>\n<li>Reitoria da Universidade de Lisboa, Lisbon<\/li>\n<li>National Museum in Belgrade<\/li>\n<li>Jewel, Singapore<\/li>\n<li>Slovak National Gallery, Bratislava<\/li>\n<li>Perfection Inc., Seoul<\/li>\n<li>Museu Nacional d\u00b4Art de Catalunya, Barcelona<\/li>\n<li>Stockholm University, Stockholm<\/li>\n<li>Centre Culturel du Manoir, Cologny<\/li>\n<li>National Museum of Taiwan History, Tainan<\/li>\n<li>ARTER, Beyoglu Istanbul<\/li>\n<li>The National Gallery, London<\/li>\n<li>SFMOMA, San Francisco CA<\/li>\n<\/ul>\n<\/div><\/section><\/div>\n","protected":false},"excerpt":{"rendered":"","protected":false},"author":1,"featured_media":0,"parent":0,"menu_order":0,"comment_status":"closed","ping_status":"closed","template":"","meta":{"footnotes":""},"class_list":["post-2208","page","type-page","status-publish","hentry"],"_links":{"self":[{"href":"https:\/\/stockholmii.se\/en\/wp-json\/wp\/v2\/pages\/2208","targetHints":{"allow":["GET"]}}],"collection":[{"href":"https:\/\/stockholmii.se\/en\/wp-json\/wp\/v2\/pages"}],"about":[{"href":"https:\/\/stockholmii.se\/en\/wp-json\/wp\/v2\/types\/page"}],"author":[{"embeddable":true,"href":"https:\/\/stockholmii.se\/en\/wp-json\/wp\/v2\/users\/1"}],"replies":[{"embeddable":true,"href":"https:\/\/stockholmii.se\/en\/wp-json\/wp\/v2\/comments?post=2208"}],"version-history":[{"count":5,"href":"https:\/\/stockholmii.se\/en\/wp-json\/wp\/v2\/pages\/2208\/revisions"}],"predecessor-version":[{"id":2282,"href":"https:\/\/stockholmii.se\/en\/wp-json\/wp\/v2\/pages\/2208\/revisions\/2282"}],"wp:attachment":[{"href":"https:\/\/stockholmii.se\/en\/wp-json\/wp\/v2\/media?parent=2208"}],"curies":[{"name":"wp","href":"https:\/\/api.w.org\/{rel}","templated":true}]}}