{"id":2327,"date":"2020-02-16T14:28:34","date_gmt":"2020-02-16T14:28:34","guid":{"rendered":"https:\/\/nytt.stockholmii.se\/nedladdningar\/"},"modified":"2021-08-29T14:38:05","modified_gmt":"2021-08-29T14:38:05","slug":"dokumente","status":"publish","type":"page","link":"https:\/\/stockholmii.se\/de\/dokumente\/","title":{"rendered":"Dateien und Dokumente"},"content":{"rendered":"\n<style type=\"text\/css\" data-created_by=\"avia_inline_auto\" id=\"style-css-av-pzmhn-d98fb81e06bc18997981bf34dfa556a0\">\n.flex_column.av-pzmhn-d98fb81e06bc18997981bf34dfa556a0{\nborder-radius:0px 0px 0px 0px;\npadding:0px 0px 0px 0px;\n}\n<\/style>\n<div  class='flex_column av-pzmhn-d98fb81e06bc18997981bf34dfa556a0 av_one_full  avia-builder-el-0  el_before_av_one_full  avia-builder-el-first  first flex_column_div av-zero-column-padding  '     ><section  class='av_textblock_section av-k6p283l6-5148e588487dbf58c5c7a1b05b898578 '   itemscope=\"itemscope\" itemtype=\"https:\/\/schema.org\/CreativeWork\" ><div class='avia_textblock'  itemprop=\"text\" ><h1>Herunterladbare Dateien und Dokumente<\/h1>\n<p>Hier k\u00f6nnen Sie 3D-Dateien (.step) f\u00fcr alle unsere Klappstuhl Modellen herunterladen. Zum Speichern der Dateien mit der rechten Maustaste und w\u00e4hlen &#8222;Ziel speichern unter &#8230;&#8220;.<\/p>\n<\/div><\/section><\/div>\n<style type=\"text\/css\" data-created_by=\"avia_inline_auto\" id=\"style-css-av-4vcxtn-992f4a5a643bedad08760c2a706c172e\">\n.flex_column.av-4vcxtn-992f4a5a643bedad08760c2a706c172e{\nborder-radius:0px 0px 0px 0px;\npadding:0px 0px 0px 0px;\n}\n<\/style>\n<div  class='flex_column av-4vcxtn-992f4a5a643bedad08760c2a706c172e av_one_full  avia-builder-el-2  el_after_av_one_full  avia-builder-el-last  first flex_column_div av-zero-column-padding  column-top-margin'     ><div class='avia-data-table-wrap av-4rpm77-b348e94c88a6c19e511034248fef1383 avia_responsive_table avia-table-1'><table  class='avia-table avia-data-table avia_pricing_default  avia-builder-el-3  avia-builder-el-no-sibling '  itemscope=\"itemscope\" itemtype=\"https:\/\/schema.org\/Table\" ><tbody><tr class='avia-heading-row'><th class=''>Modell<\/th><th class=''>3D-Dateien<\/th><\/tr><tr class=''><td class=''>Stockholm II<\/td><td class=''>\n<style type=\"text\/css\" data-created_by=\"avia_inline_auto\" id=\"style-css-av-3my69n-4a24789300b25c53f9abbc945ba0c956\">\n.av_font_icon.av-3my69n-4a24789300b25c53f9abbc945ba0c956 .av-icon-char{\nfont-size:20px;\nline-height:20px;\n}\n<\/style>\n<span  class='av_font_icon av-3my69n-4a24789300b25c53f9abbc945ba0c956 avia_animate_when_visible av-icon-style- avia-icon-pos-left avia-iconfont avia-font-entypo-fontello av-no-color avia-icon-animate'><span class='av-icon-char' data-av_icon='\ue8b0' data-av_iconfont='entypo-fontello' aria-hidden=\"true\" ><\/span><\/span><a href=\"https:\/\/nytt.stockholmii.se\/wp-content\/uploads\/3dfiler\/Stockholmii.step\">Stockholmii.step<\/a><\/td><\/tr><tr class=''><td class=''>Stockholm II (gefaltete)<\/td><td class=''>\n<style type=\"text\/css\" data-created_by=\"avia_inline_auto\" id=\"style-css-av-2ykpj7-6080609fc81fd1f7c5405f84032f65b2\">\n.av_font_icon.av-2ykpj7-6080609fc81fd1f7c5405f84032f65b2 .av-icon-char{\nfont-size:20px;\nline-height:20px;\n}\n<\/style>\n<span  class='av_font_icon av-2ykpj7-6080609fc81fd1f7c5405f84032f65b2 avia_animate_when_visible av-icon-style- avia-icon-pos-left avia-iconfont avia-font-entypo-fontello av-no-color avia-icon-animate'><span class='av-icon-char' data-av_icon='\ue8b0' data-av_iconfont='entypo-fontello' aria-hidden=\"true\" ><\/span><\/span><a href=\"https:\/\/nytt.stockholmii.se\/wp-content\/uploads\/3dfiler\/Stockholmii-folded.step\">Stockholmii-folded.step<\/a><\/td><\/tr><tr class=''><td class=''>New York<\/td><td class=''>\n<style type=\"text\/css\" data-created_by=\"avia_inline_auto\" id=\"style-css-av-2azwfn-b4f668331abd0c7417d62a18c73f75d8\">\n.av_font_icon.av-2azwfn-b4f668331abd0c7417d62a18c73f75d8 .av-icon-char{\nfont-size:20px;\nline-height:20px;\n}\n<\/style>\n<span  class='av_font_icon av-2azwfn-b4f668331abd0c7417d62a18c73f75d8 avia_animate_when_visible av-icon-style- avia-icon-pos-left avia-iconfont avia-font-entypo-fontello av-no-color avia-icon-animate'><span class='av-icon-char' data-av_icon='\ue8b0' data-av_iconfont='entypo-fontello' aria-hidden=\"true\" ><\/span><\/span><a href=\"https:\/\/nytt.stockholmii.se\/wp-content\/uploads\/3dfiler\/NewYork.step\">NewYork.step<\/a><\/td><\/tr><tr class=''><td class=''>New York (gefaltete)<\/td><td class=''>\n<style type=\"text\/css\" data-created_by=\"avia_inline_auto\" id=\"style-css-av-1ik4q3-d29a10c0024338e5d693db0aa1ac2aaf\">\n.av_font_icon.av-1ik4q3-d29a10c0024338e5d693db0aa1ac2aaf .av-icon-char{\nfont-size:20px;\nline-height:20px;\n}\n<\/style>\n<span  class='av_font_icon av-1ik4q3-d29a10c0024338e5d693db0aa1ac2aaf avia_animate_when_visible av-icon-style- avia-icon-pos-left avia-iconfont avia-font-entypo-fontello av-no-color avia-icon-animate'><span class='av-icon-char' data-av_icon='\ue8b0' data-av_iconfont='entypo-fontello' aria-hidden=\"true\" ><\/span><\/span><a href=\"https:\/\/nytt.stockholmii.se\/wp-content\/uploads\/3dfiler\/NewYork-folded.step\">NewYork-folded.step<\/a><\/td><\/tr><tr class=''><td class=''>Chicago<\/td><td class=''>\n<style type=\"text\/css\" data-created_by=\"avia_inline_auto\" id=\"style-css-av-vbayb-a2602edf5fa0141a0886678282f2aa29\">\n.av_font_icon.av-vbayb-a2602edf5fa0141a0886678282f2aa29 .av-icon-char{\nfont-size:20px;\nline-height:20px;\n}\n<\/style>\n<span  class='av_font_icon av-vbayb-a2602edf5fa0141a0886678282f2aa29 avia_animate_when_visible av-icon-style- avia-icon-pos-left avia-iconfont avia-font-entypo-fontello av-no-color avia-icon-animate'><span class='av-icon-char' data-av_icon='\ue8b0' data-av_iconfont='entypo-fontello' aria-hidden=\"true\" ><\/span><\/span><a href=\"https:\/\/nytt.stockholmii.se\/wp-content\/uploads\/3dfiler\/Chicago.step\">Chicago.step<\/a><\/td><\/tr><tr class=''><td class=''>Chicago (gefaltete)<\/td><td class=''>\n<style type=\"text\/css\" data-created_by=\"avia_inline_auto\" id=\"style-css-av-9shfn-df26b0f3baa2766f9dc5a34918b875fd\">\n.av_font_icon.av-9shfn-df26b0f3baa2766f9dc5a34918b875fd .av-icon-char{\nfont-size:20px;\nline-height:20px;\n}\n<\/style>\n<span  class='av_font_icon av-9shfn-df26b0f3baa2766f9dc5a34918b875fd avia_animate_when_visible av-icon-style- avia-icon-pos-left avia-iconfont avia-font-entypo-fontello av-no-color avia-icon-animate'><span class='av-icon-char' data-av_icon='\ue8b0' data-av_iconfont='entypo-fontello' aria-hidden=\"true\" ><\/span><\/span><a href=\"https:\/\/nytt.stockholmii.se\/wp-content\/uploads\/3dfiler\/Chicago-folded.step\">Chicago-folded.step<\/a><\/td><\/tr><\/tbody><\/table><\/div><style type='text\/css'>.avia-table-1 td:nth-of-type(1):before { content: 'Modell'; } .avia-table-1 td:nth-of-type(2):before { content: '3D-Dateien'; } <\/style><\/div><\/p>\n","protected":false},"excerpt":{"rendered":"","protected":false},"author":1,"featured_media":0,"parent":0,"menu_order":0,"comment_status":"closed","ping_status":"closed","template":"","meta":{"footnotes":""},"class_list":["post-2327","page","type-page","status-publish","hentry"],"_links":{"self":[{"href":"https:\/\/stockholmii.se\/de\/wp-json\/wp\/v2\/pages\/2327","targetHints":{"allow":["GET"]}}],"collection":[{"href":"https:\/\/stockholmii.se\/de\/wp-json\/wp\/v2\/pages"}],"about":[{"href":"https:\/\/stockholmii.se\/de\/wp-json\/wp\/v2\/types\/page"}],"author":[{"embeddable":true,"href":"https:\/\/stockholmii.se\/de\/wp-json\/wp\/v2\/users\/1"}],"replies":[{"embeddable":true,"href":"https:\/\/stockholmii.se\/de\/wp-json\/wp\/v2\/comments?post=2327"}],"version-history":[{"count":3,"href":"https:\/\/stockholmii.se\/de\/wp-json\/wp\/v2\/pages\/2327\/revisions"}],"predecessor-version":[{"id":2333,"href":"https:\/\/stockholmii.se\/de\/wp-json\/wp\/v2\/pages\/2327\/revisions\/2333"}],"wp:attachment":[{"href":"https:\/\/stockholmii.se\/de\/wp-json\/wp\/v2\/media?parent=2327"}],"curies":[{"name":"wp","href":"https:\/\/api.w.org\/{rel}","templated":true}]}}