{"id":2236,"date":"2019-03-06T16:46:01","date_gmt":"2019-03-06T16:46:01","guid":{"rendered":"https:\/\/nytt.stockholmii.se\/integritetspolicy\/"},"modified":"2021-08-29T14:09:27","modified_gmt":"2021-08-29T14:09:27","slug":"datenschutzerklaerung","status":"publish","type":"page","link":"https:\/\/stockholmii.se\/de\/datenschutzerklaerung\/","title":{"rendered":"Datenschutzerkl\u00e4rung"},"content":{"rendered":"\n<style type=\"text\/css\" data-created_by=\"avia_inline_auto\" id=\"style-css-av-9r11-a2146c94410c210dfc86a6bf0db284cb\">\n.flex_column.av-9r11-a2146c94410c210dfc86a6bf0db284cb{\nborder-radius:0px 0px 0px 0px;\npadding:0px 0px 0px 0px;\n}\n<\/style>\n<div  class='flex_column av-9r11-a2146c94410c210dfc86a6bf0db284cb av_one_full  avia-builder-el-0  el_before_av_one_full  avia-builder-el-first  first flex_column_div av-zero-column-padding  '     ><section  class='av_textblock_section av-k6nqqh4o-c8904b1d217b1c82e213d28e3e2287dc '   itemscope=\"itemscope\" itemtype=\"https:\/\/schema.org\/CreativeWork\" ><div class='avia_textblock'  itemprop=\"text\" ><h1>Datenschutzerkl\u00e4rung<\/h1>\n<\/div><\/section><\/div>\n\n<style type=\"text\/css\" data-created_by=\"avia_inline_auto\" id=\"style-css-av-8dk7-e14851532a36094e98f08d164325d2e1\">\n.flex_column.av-8dk7-e14851532a36094e98f08d164325d2e1{\nborder-radius:0px 0px 0px 0px;\npadding:0px 0px 0px 0px;\n}\n<\/style>\n<div  class='flex_column av-8dk7-e14851532a36094e98f08d164325d2e1 av_one_full  avia-builder-el-2  el_after_av_one_full  el_before_av_one_full  first flex_column_div av-zero-column-padding  column-top-margin'     ><section  class='av_textblock_section av-k6nqnwq7-a57d765926062c5fd85232261dfcff51 '   itemscope=\"itemscope\" itemtype=\"https:\/\/schema.org\/CreativeWork\" ><div class='avia_textblock'  itemprop=\"text\" ><p>Wir sch\u00fctzen Ihre Privatsph\u00e4re und Ihre personenbezogenen Daten gem\u00e4\u00df dem geltenden Regelwerk. Die EU-Datenschutzgrundverordnung (DSGVO) ersetzt die Datenschutzrichtlinie 95\/46\/EG. Sie wurde entwickelt, um die Datenschutzgesetze in ganz Europa zu harmonisieren, den Datenschutz f\u00fcr EU-B\u00fcrger zu gew\u00e4hrleisten und die Handhabung des Datenschutzes durch Unternehmen zu verbessern.<\/p>\n<h3>Personenbezogene Daten<\/h3>\n<p>Wir m\u00fcssen personenbezogene Daten \u00fcber Sie speichern und verarbeiten, wie zum Beispiel Firmenname, Name, Adresse, Registernummer\/Ust.-ID-Nummer, Kontaktperson, Telefonnummer und E-Mailadresse. Diese Daten werden ben\u00f6tigt, um Ihre Bestellung bearbeiten und Produkte an Sie liefern zu k\u00f6nnen. Ihre Daten k\u00f6nnen auch zu einigen Marketingzwecken genutzt werden, oder um Informationen an Sie zu \u00fcbermitteln.<\/p>\n<h3>Geheimhaltung und Sicherheit<\/h3>\n<p>Wenn wir Ihre personenbezogenen Daten verarbeiten, wenden wir jederzeit die geltende Datenschutzgesetzgebung an. Die rechtliche Grundlage f\u00fcr die Verarbeitung Ihrer personenbezogenen Daten ergibt sich aus der geltenden Gesetzgebung, einer Interessenabw\u00e4gung und einem Einverst\u00e4ndnis, in der genannten Reihenfolge. Einverst\u00e4ndnis bedeutet, dass wir uns an Sie wenden und Ihre ausdr\u00fcckliche Genehmigung einholen m\u00fcssen. Personenbezogene Daten und verschl\u00fcsselte Bankkartendaten, die in unserem Online-Shop hinterlegt werden, sind au\u00dferdem durch das geltende Bankgeheimnis gesch\u00fctzt. Diese Funktion ist im System integriert.<\/p>\n<h3>Cookies<\/h3>\n<p>Auf unseren Webseiten werden sogenannte Session-Cookies verwendet. Session-Cookies werden genutzt, um das Erlebnis der Webseite f\u00fcr den Anwender zu verbessern. Sie sorgen zum Beispiel daf\u00fcr, dass Produkte, die in den Einkaufswagen gelegt werden, nicht verschwinden, w\u00e4hrend Sie auf der Webseite surfen. Diese Cookies werden nicht permanent in Ihrem Rechner abgelegt, sondern gel\u00f6scht, sobald Sie Ihren Webbrowser schlie\u00dfen. <em>Wir speichern keine personenbezogenen Informationen durch Session-Cookies.<\/em><\/p>\n<h3>Wie lange?<\/h3>\n<p>n \u00dcbereinstimmung mit der geltenden Gesetzgebung zur Rechnungslegung werden Ihre personenbezogenen Daten 7 Jahre lang gespeichert und danach permanent gel\u00f6scht.<\/p>\n<p>Falls eine Situation entsteht, die die Erhebung weiterer personenbezogener Daten zur Erf\u00fcllung unserer Verpflichtung Ihnen gegen\u00fcber erfordert, werden wir diese Daten bei Ihnen anfragen. Diese Art von Daten wird nur gespeichert, so lange Bedarf besteht.<\/p>\n<h3>Dritte<\/h3>\n<p>Zu Transportzwecken \u00fcbermitteln wir dem Bef\u00f6rderer (Dritten) nur die Daten, die zwingend erforderlich sind, um die Produkte an Sie liefern zu k\u00f6nnen. Dar\u00fcber hinaus werden keine Ihrer personenbezogenen Daten gegen\u00fcber Dritten offengelegt, soweit wir nicht durch die geltende Gesetzgebung dazu verpflichtet sind.<\/p>\n<h3>Drittl\u00e4nder<\/h3>\n<p>Mit Drittl\u00e4ndern sind L\u00e4nder au\u00dferhalb der EU oder EWG gemeint. Um unsere Verpflichtungen gegen\u00fcber Ihnen als Kunde hinsichtlich Transport und Lieferung der bestellten Ware erf\u00fcllen zu k\u00f6nnen, ist es eventuell notwendig, dass ein Bef\u00f6rderer in einem Drittland Zugang zu bestimmten Angaben erh\u00e4lt, d.h. eine Lieferadresse, Kontaktperson, Telefonnummer und E-Mailadresse. Die Angaben werden nur verwendet, um die Sendung an Sie liefern zu k\u00f6nnen.<\/p>\n<h3>Unbefugter Zugang<\/h3>\n<p>Laut DSGVO ist jeglicher unbefugter Zugang an die zust\u00e4ndige Datenschutzbeh\u00f6rde zu melden. Falls ein unbefugter Zugang ein ernsthaftes Risiko f\u00fcr Sie als Person darstellt, werden wir Sie \u00fcber das Ereignis unterrichten.<\/p>\n<h3>Verantwortlicher<\/h3>\n<p>Verantwortlich f\u00fcr die Erhebung und Verarbeitung personenbezogener Daten ist Lectus Produktion AB mit der Registernummer 556297-0029. Sie erreichen uns per E-Mail an <a href=\"mailto:info@lectusproduktion.se\">info@lectusproduktion<\/a>.se oder telefonisch unter +46 (0) 499-44844.<\/p>\n<p>Sie haben das Recht, die Herausgabe, \u00c4nderung oder L\u00f6schung Ihrer personenbezogenen Daten zu verlangen. Wenn keine rechtliche Grundlage f\u00fcr die weitere Speicherung Ihrer personenbezogenen Daten besteht, werden diese permanent gel\u00f6scht.<\/p>\n<h3>Beschwerden<\/h3>\n<p>Bei Beschwerden \u00fcber die Verarbeitung Ihrer personenbezogenen Daten durch uns haben Sie das Recht, sich an Ihre zust\u00e4ndige Datenschutz-Aufsichtsbeh\u00f6rde zu wenden.<\/p>\n<p>Den vollst\u00e4ndigen Wortlaut der DSGVO finden Sie hier: <a href=\"https:\/\/dsgvo-gesetz.de\/\" target=\"_blank\" rel=\"noopener\">https:\/\/dsgvo-gesetz.de\/<\/a><\/p>\n<\/div><\/section><\/div>\n<style type=\"text\/css\" data-created_by=\"avia_inline_auto\" id=\"style-css-av-4tsr-7a5979299878516b66b97a26b13465fc\">\n.flex_column.av-4tsr-7a5979299878516b66b97a26b13465fc{\nborder-radius:0px 0px 0px 0px;\npadding:0px 0px 0px 0px;\n}\n<\/style>\n<div  class='flex_column av-4tsr-7a5979299878516b66b97a26b13465fc av_one_full  avia-builder-el-4  el_after_av_one_full  el_before_av_one_full  first flex_column_div av-zero-column-padding  column-top-margin'     ><\/div><\/p>\n\n<style type=\"text\/css\" data-created_by=\"avia_inline_auto\" id=\"style-css-av-2l7x-46e765f7898d634c569bc6a969169bb3\">\n.flex_column.av-2l7x-46e765f7898d634c569bc6a969169bb3{\nborder-radius:0px 0px 0px 0px;\npadding:0px 0px 0px 0px;\n}\n<\/style>\n<div  class='flex_column av-2l7x-46e765f7898d634c569bc6a969169bb3 av_one_full  avia-builder-el-5  el_after_av_one_full  avia-builder-el-last  first flex_column_div av-zero-column-padding  column-top-margin'     ><\/div>\n","protected":false},"excerpt":{"rendered":"","protected":false},"author":1,"featured_media":0,"parent":0,"menu_order":0,"comment_status":"closed","ping_status":"open","template":"","meta":{"footnotes":""},"class_list":["post-2236","page","type-page","status-publish","hentry"],"_links":{"self":[{"href":"https:\/\/stockholmii.se\/de\/wp-json\/wp\/v2\/pages\/2236","targetHints":{"allow":["GET"]}}],"collection":[{"href":"https:\/\/stockholmii.se\/de\/wp-json\/wp\/v2\/pages"}],"about":[{"href":"https:\/\/stockholmii.se\/de\/wp-json\/wp\/v2\/types\/page"}],"author":[{"embeddable":true,"href":"https:\/\/stockholmii.se\/de\/wp-json\/wp\/v2\/users\/1"}],"replies":[{"embeddable":true,"href":"https:\/\/stockholmii.se\/de\/wp-json\/wp\/v2\/comments?post=2236"}],"version-history":[{"count":5,"href":"https:\/\/stockholmii.se\/de\/wp-json\/wp\/v2\/pages\/2236\/revisions"}],"predecessor-version":[{"id":2307,"href":"https:\/\/stockholmii.se\/de\/wp-json\/wp\/v2\/pages\/2236\/revisions\/2307"}],"wp:attachment":[{"href":"https:\/\/stockholmii.se\/de\/wp-json\/wp\/v2\/media?parent=2236"}],"curies":[{"name":"wp","href":"https:\/\/api.w.org\/{rel}","templated":true}]}}