{"id":2209,"date":"2019-03-20T10:42:49","date_gmt":"2019-03-20T10:42:49","guid":{"rendered":"https:\/\/nytt.stockholmii.se\/design-referenser\/"},"modified":"2021-08-29T13:50:03","modified_gmt":"2021-08-29T13:50:03","slug":"referenzen","status":"publish","type":"page","link":"https:\/\/stockholmii.se\/de\/referenzen\/","title":{"rendered":"Design &amp; Referenzen"},"content":{"rendered":"\n<style type=\"text\/css\" data-created_by=\"avia_inline_auto\" id=\"style-css-av-jth1b3i6-238b82a17fd2107721e07af041f781e6\">\n.avia-section.av-jth1b3i6-238b82a17fd2107721e07af041f781e6{\nbackground-repeat:no-repeat;\nbackground-image:url(https:\/\/stockholmii.se\/wp-content\/uploads\/2019\/03\/STOCKHOLM-Betong-1920px.jpg);\nbackground-position:100% 100%;\nbackground-attachment:scroll;\n}\n<\/style>\n<div id='refslider'  class='avia-section av-jth1b3i6-238b82a17fd2107721e07af041f781e6 main_color avia-section-default avia-no-shadow  avia-builder-el-0  el_before_av_two_fifth  avia-builder-el-first  avia-bg-style-scroll av-minimum-height av-minimum-height-custom av-height-custom  container_wrap sidebar_right'  data-section-bg-repeat='no-repeat' data-av_minimum_height_px='550'><div class=\"av-section-color-overlay-wrap\"><a href='#next-section' title='' class='scroll-down-link  avia-svg-icon avia-font-svg_entypo-fontello' data-av_svg_icon='down-open-mini' data-av_iconset='svg_entypo-fontello'><svg version=\"1.1\" xmlns=\"http:\/\/www.w3.org\/2000\/svg\" width=\"15\" height=\"32\" viewBox=\"0 0 15 32\" preserveAspectRatio=\"xMidYMid meet\" aria-labelledby='av-svg-title-1' aria-describedby='av-svg-desc-1' role=\"graphics-symbol\" aria-hidden=\"true\">\n<title id='av-svg-title-1'>Scroll to next section<\/title>\n<desc id='av-svg-desc-1'>Scroll to next section<\/desc>\n<path d=\"M12.96 12.16q0.704-0.832 1.536 0 0.832 0.704 0 1.536l-6.272 6.144q-0.704 0.704-1.536 0l-6.272-6.144q-0.832-0.832 0-1.536 0.768-0.768 1.6 0l5.44 4.992z\"><\/path>\n<\/svg><\/a><div class='container av-section-cont-open' style='height:550px'><main  role=\"main\" itemprop=\"mainContentOfPage\"  class='template-page content  av-content-small alpha units'><div class='post-entry post-entry-type-page post-entry-2209'><div class='entry-content-wrapper clearfix'>\n\n<style type=\"text\/css\" data-created_by=\"avia_inline_auto\" id=\"style-css-av-7w53u-240df79e96f8d49a1112a19ae02b54c6\">\n.flex_column.av-7w53u-240df79e96f8d49a1112a19ae02b54c6{\nborder-radius:0px 0px 0px 0px;\npadding:0px 0px 0px 0px;\n}\n<\/style>\n<div  class='flex_column av-7w53u-240df79e96f8d49a1112a19ae02b54c6 av_one_half  avia-builder-el-1  avia-builder-el-no-sibling  first flex_column_div av-zero-column-padding  '     ><style type=\"text\/css\" data-created_by=\"avia_inline_auto\" id=\"style-css-av-jth1n6xd-c081bfd322da9411d3de62969f64b322\">\n.avia_message_box.av-jth1n6xd-c081bfd322da9411d3de62969f64b322{\nbackground-color:#545454;\ncolor:#f2f2f2;\n}\n.avia_message_box.av-jth1n6xd-c081bfd322da9411d3de62969f64b322 .avia_message_box_icon.avia-svg-icon svg:first-child{\nfill:#f2f2f2;\nstroke:#f2f2f2;\n}\n<\/style>\n<div id='avia-messagebox-' class='avia_message_box av_notification av-jth1n6xd-c081bfd322da9411d3de62969f64b322 avia-color-custom avia-size-large avia-icon_select-no avia-border-  avia-builder-el-2  avia-builder-el-no-sibling ' ><div class=\"avia_message_box_content\"><p>Die Beliebtheit des Klapphockers STOCKHOLM II zeigt sich darin, dass er in ca. 1500 Museen in mehr als 50 L\u00e4ndern eingesetzt wird. STOCKHOLM II hat hochrangige Auszeichnungen f\u00fcr sein Design erhalten und ist seit 2011 Bestandteil der st\u00e4ndigen Sammlung im MoMA, New York.<\/p>\n<\/div><\/div><\/div><\/div><\/div><\/main><!-- close content main element --><\/div><\/div><\/div><div id='after_section_1'  class='main_color av_default_container_wrap container_wrap sidebar_right'  ><div class='container av-section-cont-open' ><div class='template-page content  av-content-small alpha units'><div class='post-entry post-entry-type-page post-entry-2209'><div class='entry-content-wrapper clearfix'>\n<style type=\"text\/css\" data-created_by=\"avia_inline_auto\" id=\"style-css-av-7dw0a-b13dc83bd5d1397850ad1ea14c8d204f\">\n.flex_column.av-7dw0a-b13dc83bd5d1397850ad1ea14c8d204f{\nborder-radius:0px 0px 0px 0px;\npadding:0px 0px 0px 0px;\n}\n<\/style>\n<div  class='flex_column av-7dw0a-b13dc83bd5d1397850ad1ea14c8d204f av_two_fifth  avia-builder-el-3  el_after_av_section  el_before_av_one_fifth  avia-builder-el-first  first flex_column_div av-zero-column-padding  '     ><div  class='avia-icon-list-container av-jth23tuu-bd4e515835ea30c18911b1b3a0244a05  avia-builder-el-4  avia-builder-el-no-sibling '><ul class='avia-icon-list avia_animate_when_almost_visible avia-icon-list-left av-iconlist-big av-jth23tuu-bd4e515835ea30c18911b1b3a0244a05 avia-iconlist-animate'>\n<li><div class='iconlist_icon av-6puhy-ef8a4fd01652091d5207e590d54bc883 avia-font-entypo-fontello avia-iconfont avia-font-entypo-fontello'><span class='av-icon-char' data-av_icon='\ue8a8' data-av_iconfont='entypo-fontello' aria-hidden=\"true\"><\/span><\/div><article class=\"article-icon-entry \"  itemscope=\"itemscope\" itemtype=\"https:\/\/schema.org\/CreativeWork\" ><div class=\"iconlist_content_wrap\"><header class=\"entry-content-header\" aria-label=\"Icon: Ein stolzer Gewinner\"><h4 class='av_iconlist_title iconlist_title  '  itemprop=\"headline\" >Ein stolzer Gewinner<\/h4><\/header><div class='iconlist_content '  itemprop=\"text\" ><p><strong>Auszeichnungen:<\/strong><\/p>\n<ul>\n<li>Red Dot Design Award &#8211; winner<\/li>\n<li>Red Dot Design Award &#8211; Best of the Best<\/li>\n<li>Exzellentes Schwedisches Design<\/li>\n<\/ul>\n<p><strong>Design:<\/strong>\u00a0 A&amp;E Design, Stockholm<\/p>\n<\/div><\/div><footer class=\"entry-footer\"><\/footer><\/article><div class=\"iconlist-timeline\"><\/div><\/li>\n<\/ul><\/div><\/div>\n<style type=\"text\/css\" data-created_by=\"avia_inline_auto\" id=\"style-css-av-69obm-30e7ff4954c6da4f6b1e6856b78ebc01\">\n.flex_column.av-69obm-30e7ff4954c6da4f6b1e6856b78ebc01{\nborder-radius:0px 0px 0px 0px;\npadding:0px 0px 0px 0px;\n}\n<\/style>\n<div  class='flex_column av-69obm-30e7ff4954c6da4f6b1e6856b78ebc01 av_one_fifth  avia-builder-el-5  el_after_av_two_fifth  el_before_av_one_fifth  flex_column_div av-zero-column-padding  '     ><style type=\"text\/css\" data-created_by=\"avia_inline_auto\" id=\"style-css-av-jth2lhka-1323574e928290251d958ff223393722\">\n.avia-image-container.av-jth2lhka-1323574e928290251d958ff223393722 img.avia_image{\nbox-shadow:none;\n}\n.avia-image-container.av-jth2lhka-1323574e928290251d958ff223393722 .av-image-caption-overlay-center{\ncolor:#ffffff;\n}\n<\/style>\n<div  class='avia-image-container av-jth2lhka-1323574e928290251d958ff223393722 av-styling- avia-align-left  avia-builder-el-6  avia-builder-el-no-sibling '   itemprop=\"image\" itemscope=\"itemscope\" itemtype=\"https:\/\/schema.org\/ImageObject\" ><div class=\"avia-image-container-inner\"><div class=\"avia-image-overlay-wrap\"><img class='avia_image ' src='https:\/\/stockholmii.se\/wp-content\/uploads\/2019\/03\/REDDOT-winner.jpg' alt='Redot Design Award Winner' title='Redot Design Award Winner'  height=\"508\" width=\"688\"  itemprop=\"thumbnailUrl\"  \/><\/div><\/div><\/div><\/div><\/p>\n\n<style type=\"text\/css\" data-created_by=\"avia_inline_auto\" id=\"style-css-av-laaq-28513d9c8eac9972158f1dbc32a7d879\">\n.flex_column.av-laaq-28513d9c8eac9972158f1dbc32a7d879{\nborder-radius:0px 0px 0px 0px;\npadding:0px 0px 0px 0px;\n}\n<\/style>\n<div  class='flex_column av-laaq-28513d9c8eac9972158f1dbc32a7d879 av_one_fifth  avia-builder-el-7  el_after_av_one_fifth  el_before_av_one_fifth  flex_column_div av-zero-column-padding  '     ><style type=\"text\/css\" data-created_by=\"avia_inline_auto\" id=\"style-css-av-jth2dj5w-9c868e77fc43272cdd3247d076d8a887\">\n.avia-image-container.av-jth2dj5w-9c868e77fc43272cdd3247d076d8a887 img.avia_image{\nbox-shadow:none;\n}\n.avia-image-container.av-jth2dj5w-9c868e77fc43272cdd3247d076d8a887 .av-image-caption-overlay-center{\ncolor:#ffffff;\n}\n<\/style>\n<div  class='avia-image-container av-jth2dj5w-9c868e77fc43272cdd3247d076d8a887 av-styling- avia-align-center  avia-builder-el-8  avia-builder-el-no-sibling '   itemprop=\"image\" itemscope=\"itemscope\" itemtype=\"https:\/\/schema.org\/ImageObject\" ><div class=\"avia-image-container-inner\"><div class=\"avia-image-overlay-wrap\"><img class='avia_image ' src='https:\/\/stockholmii.se\/wp-content\/uploads\/2019\/03\/excellent-120.png' alt='Ausgezeichnetes schwedisches Design' title='Ausgezeichnetes schwedisches Design'  height=\"120\" width=\"163\"  itemprop=\"thumbnailUrl\"  \/><\/div><\/div><\/div><\/div>\n\n<style type=\"text\/css\" data-created_by=\"avia_inline_auto\" id=\"style-css-av-59ovi-343ddf9b7b178a10b0b80e5089228433\">\n.flex_column.av-59ovi-343ddf9b7b178a10b0b80e5089228433{\nborder-radius:0px 0px 0px 0px;\npadding:0px 0px 0px 0px;\n}\n<\/style>\n<div  class='flex_column av-59ovi-343ddf9b7b178a10b0b80e5089228433 av_one_fifth  avia-builder-el-9  el_after_av_one_fifth  el_before_av_hr  flex_column_div av-zero-column-padding  '     ><style type=\"text\/css\" data-created_by=\"avia_inline_auto\" id=\"style-css-av-jth2nziw-3600271a3c9c04f7319a3db20b69729a\">\n.avia-image-container.av-jth2nziw-3600271a3c9c04f7319a3db20b69729a img.avia_image{\nbox-shadow:none;\n}\n.avia-image-container.av-jth2nziw-3600271a3c9c04f7319a3db20b69729a .av-image-caption-overlay-center{\ncolor:#ffffff;\n}\n<\/style>\n<div  class='avia-image-container av-jth2nziw-3600271a3c9c04f7319a3db20b69729a av-styling- avia-align-center  avia-builder-el-10  avia-builder-el-no-sibling '   itemprop=\"image\" itemscope=\"itemscope\" itemtype=\"https:\/\/schema.org\/ImageObject\" ><div class=\"avia-image-container-inner\"><div class=\"avia-image-overlay-wrap\"><img class='avia_image ' src='https:\/\/stockholmii.se\/wp-content\/uploads\/2019\/03\/REDDOT-best.jpg' alt='' title='Reddot Design Award Best of The Eest'  height=\"508\" width=\"688\"  itemprop=\"thumbnailUrl\"  \/><\/div><\/div><\/div><\/div>\n\n<style type=\"text\/css\" data-created_by=\"avia_inline_auto\" id=\"style-css-av-jth1scbw-b83626e0b2199a1b5781facdbdbe38a8\">\n#top .hr.av-jth1scbw-b83626e0b2199a1b5781facdbdbe38a8{\nmargin-top:5px;\nmargin-bottom:20px;\n}\n.hr.av-jth1scbw-b83626e0b2199a1b5781facdbdbe38a8 .hr-inner{\nwidth:100%;\nborder-color:#cccccc;\n}\n<\/style>\n<div  class='hr av-jth1scbw-b83626e0b2199a1b5781facdbdbe38a8 hr-custom  avia-builder-el-11  el_after_av_one_fifth  el_before_av_two_fifth  hr-center hr-icon-no'><span class='hr-inner inner-border-av-border-thin'><span class=\"hr-inner-style\"><\/span><\/span><\/div>\n\n<style type=\"text\/css\" data-created_by=\"avia_inline_auto\" id=\"style-css-av-gcd6-eaa73584f28fac6bf3d60dbf7b59720c\">\n.flex_column.av-gcd6-eaa73584f28fac6bf3d60dbf7b59720c{\nborder-radius:0px 0px 0px 0px;\npadding:0px 0px 0px 0px;\n}\n<\/style>\n<div  class='flex_column av-gcd6-eaa73584f28fac6bf3d60dbf7b59720c av_two_fifth  avia-builder-el-12  el_after_av_hr  el_before_av_two_fifth  first flex_column_div av-zero-column-padding  '     ><section  class='av_textblock_section av-jth2pf1v-04607e9181f1e77ccdadc08df7706c93 '   itemscope=\"itemscope\" itemtype=\"https:\/\/schema.org\/CreativeWork\" ><div class='avia_textblock'  itemprop=\"text\" ><h3>Geschichte \/ Design<\/h3>\n<p>Die Anregung f\u00fcr den Museumsklapphocker kam, urspr\u00fcnglich, vom Nationalmuseum in Stockholm. Man hatte Bed\u00fcrfnis nach einem stabilen, leichten und zusammenklappbaren Sitz-Hilfmittel. Ein solches Produkt hatte man lange \u2013 vergebens \u2013 auf dem Markt gesucht. Hans Ehrich, A&amp;E Design AB, sah sofort die M\u00f6glichkeit, einen Klapphocker mit den gew\u00fcnschten Eigenschaften zu gestalten, und nahm die Herausforderung an! Das Resultat wurde der Museumsklapphocker \u201cStockholm II\u201d. Als Hersteller w\u00e4hlte man die Firma Lectus in M\u00f6nster\u00e5s, welche, seit 1995, das Exklusivrecht besitzt, das komplette \u201cStockholm II\u201d-Sortiment herzustellen.<\/p>\n<\/div><\/section><\/div>\n<style type=\"text\/css\" data-created_by=\"avia_inline_auto\" id=\"style-css-av-3s6by-0432dfb181129c65125d5e50cbef9b3f\">\n.flex_column.av-3s6by-0432dfb181129c65125d5e50cbef9b3f{\nborder-radius:0px 0px 0px 0px;\npadding:0px 0px 0px 0px;\n}\n<\/style>\n<div  class='flex_column av-3s6by-0432dfb181129c65125d5e50cbef9b3f av_two_fifth  avia-builder-el-14  el_after_av_two_fifth  el_before_av_one_fifth  flex_column_div av-zero-column-padding  '     ><section  class='av_textblock_section av-jth2q9kd-b11725025e6700d9aec3408a4da1762e '   itemscope=\"itemscope\" itemtype=\"https:\/\/schema.org\/CreativeWork\" ><div class='avia_textblock'  itemprop=\"text\" ><p>Als ein Beispiel daf\u00fcr, dass dieser Klapphocker nicht nur als zweckm\u00e4ssig und effektiv betrachtet wird, sondern, dass ihm auch \u00e4sthetische Werte zugeschrieben werden, kann die Tatsache gelten, dass er auch Teil der permanenten Sammlungen mehrerer Museen ist. Immer wieder haben wir von Museumsleuten zu h\u00f6ren bekommen, dass man mit diesem Produkt sehr zufrieden ist \u2013 oder, wie der Leiter eines ausl\u00e4ndischen Museums einmal sagte : &#8222;<em>Unsere Besucher verlangen, dass wir Stockholm II-Klapphocker bereithalten!<\/em>&#8220;<\/p>\n<\/div><\/section><\/div>\n<style type=\"text\/css\" data-created_by=\"avia_inline_auto\" id=\"style-css-av-36g5m-4e172ffb8621e392acfd58d77159a2e7\">\n.flex_column.av-36g5m-4e172ffb8621e392acfd58d77159a2e7{\nborder-radius:0px 0px 0px 0px;\npadding:0px 0px 0px 0px;\n}\n<\/style>\n<div  class='flex_column av-36g5m-4e172ffb8621e392acfd58d77159a2e7 av_one_fifth  avia-builder-el-16  el_after_av_two_fifth  el_before_av_hr  flex_column_div av-zero-column-padding  '     ><style type=\"text\/css\" data-created_by=\"avia_inline_auto\" id=\"style-css-av-jth2u49c-16d45daef74bf743649884969b8b8629\">\n.avia-image-container.av-jth2u49c-16d45daef74bf743649884969b8b8629 img.avia_image{\nbox-shadow:none;\n}\n.avia-image-container.av-jth2u49c-16d45daef74bf743649884969b8b8629 .av-image-caption-overlay-center{\ncolor:#ffffff;\n}\n<\/style>\n<div  class='avia-image-container av-jth2u49c-16d45daef74bf743649884969b8b8629 av-styling- av-img-linked avia-align-  avia-builder-el-17  avia-builder-el-no-sibling '   itemprop=\"image\" itemscope=\"itemscope\" itemtype=\"https:\/\/schema.org\/ImageObject\" ><div class=\"avia-image-container-inner\"><div class=\"avia-image-overlay-wrap\"><a href=\"http:\/\/www.aedesign.se\" class='avia_image '  target=\"_blank\"  rel=\"noopener noreferrer\" aria-label='A&amp;E Design'><img class='avia_image ' src='https:\/\/stockholmii.se\/wp-content\/uploads\/2019\/03\/A_E_design.png' alt='A&amp;E Design' title='A&amp;E Design'  height=\"646\" width=\"646\"  itemprop=\"thumbnailUrl\"  \/><\/a><\/div><\/div><\/div><\/div><\/p>\n\n<style type=\"text\/css\" data-created_by=\"avia_inline_auto\" id=\"style-css-av-jth1scbw-b83626e0b2199a1b5781facdbdbe38a8\">\n#top .hr.av-jth1scbw-b83626e0b2199a1b5781facdbdbe38a8{\nmargin-top:5px;\nmargin-bottom:20px;\n}\n.hr.av-jth1scbw-b83626e0b2199a1b5781facdbdbe38a8 .hr-inner{\nwidth:100%;\nborder-color:#cccccc;\n}\n<\/style>\n<div  class='hr av-jth1scbw-b83626e0b2199a1b5781facdbdbe38a8 hr-custom  avia-builder-el-18  el_after_av_one_fifth  el_before_av_one_full  hr-center hr-icon-no'><span class='hr-inner inner-border-av-border-thin'><span class=\"hr-inner-style\"><\/span><\/span><\/div>\n\n<style type=\"text\/css\" data-created_by=\"avia_inline_auto\" id=\"style-css-av-2hsyq-667ca878dd86b8cc8e5cb2cab28fc75b\">\n.flex_column.av-2hsyq-667ca878dd86b8cc8e5cb2cab28fc75b{\nborder-radius:0px 0px 0px 0px;\npadding:0px 0px 0px 0px;\n}\n<\/style>\n<div  class='flex_column av-2hsyq-667ca878dd86b8cc8e5cb2cab28fc75b av_one_full  avia-builder-el-19  el_after_av_hr  el_before_av_one_half  first flex_column_div av-zero-column-padding  '     ><div  class='avia-icon-list-container av-jth1zusm-8675e3f4255d69e3382c65ffe30bee24  avia-builder-el-20  avia-builder-el-no-sibling '><ul class='avia-icon-list avia_animate_when_almost_visible avia-icon-list-left av-iconlist-big av-jth1zusm-8675e3f4255d69e3382c65ffe30bee24 avia-iconlist-animate'>\n<li><div class='iconlist_icon av-vy66-110659b3ae0b82e1b4ca42a89dbe2128 avia-font-entypo-fontello avia-iconfont avia-font-entypo-fontello'><span class='av-icon-char' data-av_icon='\ue8b1' data-av_iconfont='entypo-fontello' aria-hidden=\"true\"><\/span><\/div><article class=\"article-icon-entry \"  itemscope=\"itemscope\" itemtype=\"https:\/\/schema.org\/CreativeWork\" ><div class=\"iconlist_content_wrap\"><header class=\"entry-content-header\" aria-label=\"Icon: Beliebt in der ganzen welt\"><h4 class='av_iconlist_title iconlist_title  '  itemprop=\"headline\" >Beliebt in der ganzen welt<\/h4><\/header><div class='iconlist_content '  itemprop=\"text\" ><p>STOCKHOLM II wird in 1500 Museen in \u00fcber 50 L\u00e4ndern eingesetzt. Die nachstehende Liste zeigt eine Auswahl von Museen weltweit, die ihren Besuchern STOCKHOLM II Klapphocker zur Verf\u00fcgung stellen.<\/p>\n<\/div><\/div><footer class=\"entry-footer\"><\/footer><\/article><div class=\"iconlist-timeline\"><\/div><\/li>\n<\/ul><\/div><\/div>\n<style type=\"text\/css\" data-created_by=\"avia_inline_auto\" id=\"style-css-av-1m07m-ed5c8be81920d709862d73023444e0ec\">\n.flex_column.av-1m07m-ed5c8be81920d709862d73023444e0ec{\nborder-radius:0px 0px 0px 0px;\npadding:0px 0px 0px 0px;\n}\n<\/style>\n<div  class='flex_column av-1m07m-ed5c8be81920d709862d73023444e0ec av_one_half  avia-builder-el-21  el_after_av_one_full  el_before_av_one_half  first flex_column_div av-zero-column-padding  column-top-margin'     ><section  class='av_textblock_section av-jth1u9yn-dd011ea51874a41fa97805e998286946 '   itemscope=\"itemscope\" itemtype=\"https:\/\/schema.org\/CreativeWork\" ><div class='avia_textblock'  itemprop=\"text\" ><ul>\n<li>Artspace Mackay, Mackay QLD<\/li>\n<li>Dom Museum Wien, Vienna<\/li>\n<li>GUM- Gents Universitetsmuseum, Gent<\/li>\n<li>Royal BC Museum, Victoria BC<\/li>\n<li>Museum of Arts and Crafts, Zagreb<\/li>\n<li>The A.G. Leventis Gallery, Nicosia<\/li>\n<li>The Lobkowicz Collections, Nelahozeves<\/li>\n<li>Tallinn Art Hall, Tallinn<\/li>\n<li>Kymenlaakson museo, Kotka<\/li>\n<li>Centre Georges Pompidou, Paris<\/li>\n<li>Deutsches Marinemuseum, Wilhelmshaven<\/li>\n<li>Papasotiriou s.a. International bookstore, Athens<\/li>\n<li>Greenland National Museum and Archives, Nuuk<\/li>\n<li>Hong Kong Museum of Art, Hong Kong<\/li>\n<li>M\u00fccsarnok Kunsthalle, Budapest<\/li>\n<li>Reykjav\u00edk Art Museum, Reykjav\u00edk<\/li>\n<li>14th Henrietta Street, Dublin<\/li>\n<li>Tel Aviv Museum of Art, Tel Aviv<\/li>\n<li>Centro Pecci Museum, Prato<\/li>\n<\/ul>\n<\/div><\/section><\/div><\/p>\n\n<style type=\"text\/css\" data-created_by=\"avia_inline_auto\" id=\"style-css-av-2lou-cced11e2f495384b4b5cc48903cd272a\">\n.flex_column.av-2lou-cced11e2f495384b4b5cc48903cd272a{\nborder-radius:0px 0px 0px 0px;\npadding:0px 0px 0px 0px;\n}\n<\/style>\n<div  class='flex_column av-2lou-cced11e2f495384b4b5cc48903cd272a av_one_half  avia-builder-el-23  el_after_av_one_half  avia-builder-el-last  flex_column_div av-zero-column-padding  column-top-margin'     ><section  class='av_textblock_section av-jth1v7gm-d064159d6d4c9189a2dd6d8338fb6393 '   itemscope=\"itemscope\" itemtype=\"https:\/\/schema.org\/CreativeWork\" ><div class='avia_textblock'  itemprop=\"text\" ><ul>\n<li>Museum of Contemporary Art, Tokyo<\/li>\n<li>MO Museum, Vilnius<\/li>\n<li>Mus\u00e9e National d\u00b4Histoire Naturelle, Luxembourg<\/li>\n<li>Wereldmuseum, Rotterdam<\/li>\n<li>Te Manawa, Palmerston North, NZ<\/li>\n<li>Nordnorsk Kunstmuseum, Troms\u00f6<\/li>\n<li>National Museum in Wroclaw, Wroclaw<\/li>\n<li>Reitoria da Universidade de Lisboa, Lisbon<\/li>\n<li>National Museum in Belgrade<\/li>\n<li>Jewel, Singapore<\/li>\n<li>Slovak National Gallery, Bratislava<\/li>\n<li>Perfection Inc., Seoul<\/li>\n<li>Museu Nacional d\u00b4Art de Catalunya, Barcelona<\/li>\n<li>Stockholm University, Stockholm<\/li>\n<li>Centre Culturel du Manoir, Cologny<\/li>\n<li>National Museum of Taiwan History, Tainan<\/li>\n<li>ARTER, Beyoglu Istanbul<\/li>\n<li>The National Gallery, London<\/li>\n<li>SFMOMA, San Francisco CA<\/li>\n<\/ul>\n<\/div><\/section><\/div>\n","protected":false},"excerpt":{"rendered":"","protected":false},"author":1,"featured_media":0,"parent":0,"menu_order":0,"comment_status":"closed","ping_status":"closed","template":"","meta":{"footnotes":""},"class_list":["post-2209","page","type-page","status-publish","hentry"],"_links":{"self":[{"href":"https:\/\/stockholmii.se\/de\/wp-json\/wp\/v2\/pages\/2209","targetHints":{"allow":["GET"]}}],"collection":[{"href":"https:\/\/stockholmii.se\/de\/wp-json\/wp\/v2\/pages"}],"about":[{"href":"https:\/\/stockholmii.se\/de\/wp-json\/wp\/v2\/types\/page"}],"author":[{"embeddable":true,"href":"https:\/\/stockholmii.se\/de\/wp-json\/wp\/v2\/users\/1"}],"replies":[{"embeddable":true,"href":"https:\/\/stockholmii.se\/de\/wp-json\/wp\/v2\/comments?post=2209"}],"version-history":[{"count":5,"href":"https:\/\/stockholmii.se\/de\/wp-json\/wp\/v2\/pages\/2209\/revisions"}],"predecessor-version":[{"id":2223,"href":"https:\/\/stockholmii.se\/de\/wp-json\/wp\/v2\/pages\/2209\/revisions\/2223"}],"wp:attachment":[{"href":"https:\/\/stockholmii.se\/de\/wp-json\/wp\/v2\/media?parent=2209"}],"curies":[{"name":"wp","href":"https:\/\/api.w.org\/{rel}","templated":true}]}}